{"id":3645,"date":"2024-12-05T15:52:31","date_gmt":"2024-12-05T20:52:31","guid":{"rendered":"https:\/\/inspinechiro.com\/conoce-a-nuestro-equipo\/"},"modified":"2025-05-16T13:45:23","modified_gmt":"2025-05-16T18:45:23","slug":"conoce-a-nuestro-equipo","status":"publish","type":"page","link":"https:\/\/inspinechiro.com\/es\/conoce-a-nuestro-equipo\/","title":{"rendered":"Conoce a nuestro equipo"},"content":{"rendered":"\t\t<div data-elementor-type=\"wp-page\" data-elementor-id=\"3645\" class=\"elementor elementor-3645 elementor-2761\" data-elementor-post-type=\"page\">\n\t\t\t\t\t\t<section class=\"elementor-section elementor-top-section elementor-element elementor-element-72c0ad7 elementor-section-height-min-height elementor-section-boxed elementor-section-height-default elementor-section-items-middle\" data-id=\"72c0ad7\" data-element_type=\"section\" data-e-type=\"section\" data-settings=\"{&quot;background_background&quot;:&quot;gradient&quot;}\">\n\t\t\t\t\t\t\t<div class=\"elementor-background-overlay\"><\/div>\n\t\t\t\t\t\t\t<div class=\"elementor-container elementor-column-gap-default\">\n\t\t\t\t\t<div class=\"elementor-column elementor-col-100 elementor-top-column elementor-element elementor-element-75e70f65\" data-id=\"75e70f65\" data-element_type=\"column\" data-e-type=\"column\">\n\t\t\t<div class=\"elementor-widget-wrap elementor-element-populated\">\n\t\t\t\t\t\t<div class=\"elementor-element elementor-element-2ffe7039 elementor-widget elementor-widget-shortcode\" data-id=\"2ffe7039\" data-element_type=\"widget\" data-e-type=\"widget\" data-widget_type=\"shortcode.default\">\n\t\t\t\t<div class=\"elementor-widget-container\">\n\t\t\t\t\t\t\t<div class=\"elementor-shortcode\"><h1 class=\"elementor-post__title\">Conoce a nuestro equipo<\/h1><\/div>\n\t\t\t\t\t\t<\/div>\n\t\t\t\t<\/div>\n\t\t\t\t\t<\/div>\n\t\t<\/div>\n\t\t\t\t\t<\/div>\n\t\t<\/section>\n\t\t\t\t<section class=\"elementor-section elementor-top-section elementor-element elementor-element-3e3e331f elementor-section-boxed elementor-section-height-default elementor-section-height-default\" data-id=\"3e3e331f\" data-element_type=\"section\" data-e-type=\"section\" data-settings=\"{&quot;background_background&quot;:&quot;classic&quot;}\">\n\t\t\t\t\t\t<div class=\"elementor-container elementor-column-gap-default\">\n\t\t\t\t\t<div class=\"elementor-column elementor-col-100 elementor-top-column elementor-element elementor-element-3e9e0cce\" data-id=\"3e9e0cce\" data-element_type=\"column\" data-e-type=\"column\">\n\t\t\t<div class=\"elementor-widget-wrap elementor-element-populated\">\n\t\t\t\t\t\t<div class=\"elementor-element elementor-element-7375fe2e elementor-widget elementor-widget-shortcode\" data-id=\"7375fe2e\" data-element_type=\"widget\" data-e-type=\"widget\" data-widget_type=\"shortcode.default\">\n\t\t\t\t<div class=\"elementor-widget-container\">\n\t\t\t\t\t\t\t<div class=\"elementor-shortcode\"><nav aria-label=\"breadcrumbs\" class=\"rank-math-breadcrumb\"><p><span class=\"last\">Home<\/span><\/p><\/nav><\/div>\n\t\t\t\t\t\t<\/div>\n\t\t\t\t<\/div>\n\t\t\t\t\t<\/div>\n\t\t<\/div>\n\t\t\t\t\t<\/div>\n\t\t<\/section>\n\t\t<div class=\"elementor-element elementor-element-707e3fc e-flex e-con-boxed e-con e-parent\" data-id=\"707e3fc\" data-element_type=\"container\" data-e-type=\"container\">\n\t\t\t\t\t<div class=\"e-con-inner\">\n\t\t\t\t<div class=\"elementor-element elementor-element-36d49a2 elementor-widget elementor-widget-heading\" data-id=\"36d49a2\" data-element_type=\"widget\" data-e-type=\"widget\" data-widget_type=\"heading.default\">\n\t\t\t\t<div class=\"elementor-widget-container\">\n\t\t\t\t\t<h2 class=\"elementor-heading-title elementor-size-default\">El equipo de Inspine Chiropractic and Wellness<\/h2>\t\t\t\t<\/div>\n\t\t\t\t<\/div>\n\t\t\t\t<div class=\"elementor-element elementor-element-c778e7e elementor-widget elementor-widget-text-editor\" data-id=\"c778e7e\" data-element_type=\"widget\" data-e-type=\"widget\" data-widget_type=\"text-editor.default\">\n\t\t\t\t<div class=\"elementor-widget-container\">\n\t\t\t\t\t\t\t\t\t<p>En Inspine Quiropr\u00e1ctica en Dalton, GA, el logro de una salud \u00f3ptima no es s\u00f3lo un objetivo, es un viaje que emprendemos juntos.<\/p>\n<p>Nuestro equipo de quiropr\u00e1cticos cualificados se compromete a ofrecer una atenci\u00f3n personalizada adaptada a sus necesidades \u00fanicas, dirigi\u00e9ndole hacia una vida de equilibrio, bienestar y vitalidad.<\/p>\n\t\t\t\t\t\t\t\t<\/div>\n\t\t\t\t<\/div>\n\t\t\t\t<div class=\"elementor-element elementor-element-147541a elementor-widget elementor-widget-text-editor\" data-id=\"147541a\" data-element_type=\"widget\" data-e-type=\"widget\" data-widget_type=\"text-editor.default\">\n\t\t\t\t<div class=\"elementor-widget-container\">\n\t\t\t\t\t\t\t\t\t<p>Conozca a nuestros m\u00e9dicos que est\u00e1n aqu\u00ed para ayudarle a vivir sin dolor.<\/p>\n\t\t\t\t\t\t\t\t<\/div>\n\t\t\t\t<\/div>\n\t\t<div class=\"elementor-element elementor-element-487c699 e-con-full e-flex e-con e-child\" data-id=\"487c699\" data-element_type=\"container\" data-e-type=\"container\">\n\t\t<div class=\"elementor-element elementor-element-2b6d5f7 e-con-full e-flex e-con e-child\" data-id=\"2b6d5f7\" data-element_type=\"container\" data-e-type=\"container\">\n\t\t\t\t<div class=\"elementor-element elementor-element-827b934 elementor-widget elementor-widget-image\" data-id=\"827b934\" data-element_type=\"widget\" data-e-type=\"widget\" data-widget_type=\"image.default\">\n\t\t\t\t<div class=\"elementor-widget-container\">\n\t\t\t\t\t\t\t\t\t\t\t\t\t\t\t<img fetchpriority=\"high\" decoding=\"async\" width=\"400\" height=\"400\" src=\"https:\/\/inspinechiro.com\/wp-content\/uploads\/2024\/12\/edgardo-salas-team.webp\" class=\"attachment-large size-large wp-image-3554\" alt=\"\" srcset=\"https:\/\/inspinechiro.com\/wp-content\/uploads\/2024\/12\/edgardo-salas-team.webp 400w, https:\/\/inspinechiro.com\/wp-content\/uploads\/2024\/12\/edgardo-salas-team-300x300.webp 300w, https:\/\/inspinechiro.com\/wp-content\/uploads\/2024\/12\/edgardo-salas-team-150x150.webp 150w\" sizes=\"(max-width: 400px) 100vw, 400px\" \/>\t\t\t\t\t\t\t\t\t\t\t\t\t\t\t<\/div>\n\t\t\t\t<\/div>\n\t\t<div class=\"elementor-element elementor-element-4d396cb e-con-full e-flex e-con e-child\" data-id=\"4d396cb\" data-element_type=\"container\" data-e-type=\"container\" data-settings=\"{&quot;background_background&quot;:&quot;gradient&quot;}\">\n\t\t\t\t<div class=\"elementor-element elementor-element-a850e57 elementor-widget__width-initial elementor-widget elementor-widget-heading\" data-id=\"a850e57\" data-element_type=\"widget\" data-e-type=\"widget\" data-widget_type=\"heading.default\">\n\t\t\t\t<div class=\"elementor-widget-container\">\n\t\t\t\t\t<h3 class=\"elementor-heading-title elementor-size-default\"><a href=\"https:\/\/inspinechiro.com\/dr-edgardo-salas-dc\/\">Dr. Edgardo Salas, DC<\/a><\/h3>\t\t\t\t<\/div>\n\t\t\t\t<\/div>\n\t\t\t\t<div class=\"elementor-element elementor-element-9339359 elementor-widget__width-initial elementor-widget elementor-widget-heading\" data-id=\"9339359\" data-element_type=\"widget\" data-e-type=\"widget\" data-widget_type=\"heading.default\">\n\t\t\t\t<div class=\"elementor-widget-container\">\n\t\t\t\t\t<h4 class=\"elementor-heading-title elementor-size-default\">Co-propietario, Doctor en Quiropr\u00e1ctica<\/h4>\t\t\t\t<\/div>\n\t\t\t\t<\/div>\n\t\t\t\t<\/div>\n\t\t\t\t<\/div>\n\t\t<div class=\"elementor-element elementor-element-0b3ca78 e-con-full e-flex e-con e-child\" data-id=\"0b3ca78\" data-element_type=\"container\" data-e-type=\"container\">\n\t\t\t\t<div class=\"elementor-element elementor-element-c6631fa elementor-widget elementor-widget-image\" data-id=\"c6631fa\" data-element_type=\"widget\" data-e-type=\"widget\" data-widget_type=\"image.default\">\n\t\t\t\t<div class=\"elementor-widget-container\">\n\t\t\t\t\t\t\t\t\t\t\t\t\t\t\t<img decoding=\"async\" width=\"400\" height=\"400\" src=\"https:\/\/inspinechiro.com\/wp-content\/uploads\/2024\/12\/natalia-vega-team.webp\" class=\"attachment-large size-large wp-image-3555\" alt=\"\" srcset=\"https:\/\/inspinechiro.com\/wp-content\/uploads\/2024\/12\/natalia-vega-team.webp 400w, https:\/\/inspinechiro.com\/wp-content\/uploads\/2024\/12\/natalia-vega-team-300x300.webp 300w, https:\/\/inspinechiro.com\/wp-content\/uploads\/2024\/12\/natalia-vega-team-150x150.webp 150w\" sizes=\"(max-width: 400px) 100vw, 400px\" \/>\t\t\t\t\t\t\t\t\t\t\t\t\t\t\t<\/div>\n\t\t\t\t<\/div>\n\t\t<div class=\"elementor-element elementor-element-cc70bcd e-con-full e-flex e-con e-child\" data-id=\"cc70bcd\" data-element_type=\"container\" data-e-type=\"container\" data-settings=\"{&quot;background_background&quot;:&quot;gradient&quot;}\">\n\t\t\t\t<div class=\"elementor-element elementor-element-3fbbe86 elementor-widget__width-initial elementor-widget elementor-widget-heading\" data-id=\"3fbbe86\" data-element_type=\"widget\" data-e-type=\"widget\" data-widget_type=\"heading.default\">\n\t\t\t\t<div class=\"elementor-widget-container\">\n\t\t\t\t\t<h3 class=\"elementor-heading-title elementor-size-default\"><a href=\"https:\/\/inspinechiro.com\/dr-natalia-vega\/\">Dr. Natalia Vega, DC<\/a><\/h3>\t\t\t\t<\/div>\n\t\t\t\t<\/div>\n\t\t\t\t<div class=\"elementor-element elementor-element-b75ea88 elementor-widget__width-initial elementor-widget elementor-widget-heading\" data-id=\"b75ea88\" data-element_type=\"widget\" data-e-type=\"widget\" data-widget_type=\"heading.default\">\n\t\t\t\t<div class=\"elementor-widget-container\">\n\t\t\t\t\t<h4 class=\"elementor-heading-title elementor-size-default\">Co-propietario, Doctor en Quiropr\u00e1ctica<\/h4>\t\t\t\t<\/div>\n\t\t\t\t<\/div>\n\t\t\t\t<\/div>\n\t\t\t\t<\/div>\n\t\t\t\t<\/div>\n\t\t<div class=\"elementor-element elementor-element-1fd301b e-con-full e-flex e-con e-child\" data-id=\"1fd301b\" data-element_type=\"container\" data-e-type=\"container\">\n\t\t<div class=\"elementor-element elementor-element-8383dd4 e-con-full e-flex e-con e-child\" data-id=\"8383dd4\" data-element_type=\"container\" data-e-type=\"container\">\n\t\t\t\t<div class=\"elementor-element elementor-element-aeeeca6 elementor-widget__width-inherit elementor-widget elementor-widget-image\" data-id=\"aeeeca6\" data-element_type=\"widget\" data-e-type=\"widget\" data-widget_type=\"image.default\">\n\t\t\t\t<div class=\"elementor-widget-container\">\n\t\t\t\t\t\t\t\t\t\t\t\t\t\t\t<img decoding=\"async\" width=\"400\" height=\"400\" src=\"https:\/\/inspinechiro.com\/wp-content\/uploads\/2024\/12\/hector-ortiz-team.webp\" class=\"attachment-large size-large wp-image-3556\" alt=\"\" srcset=\"https:\/\/inspinechiro.com\/wp-content\/uploads\/2024\/12\/hector-ortiz-team.webp 400w, https:\/\/inspinechiro.com\/wp-content\/uploads\/2024\/12\/hector-ortiz-team-300x300.webp 300w, https:\/\/inspinechiro.com\/wp-content\/uploads\/2024\/12\/hector-ortiz-team-150x150.webp 150w\" sizes=\"(max-width: 400px) 100vw, 400px\" \/>\t\t\t\t\t\t\t\t\t\t\t\t\t\t\t<\/div>\n\t\t\t\t<\/div>\n\t\t<div class=\"elementor-element elementor-element-82900d5 e-con-full e-flex e-con e-child\" data-id=\"82900d5\" data-element_type=\"container\" data-e-type=\"container\" data-settings=\"{&quot;background_background&quot;:&quot;gradient&quot;}\">\n\t\t\t\t<div class=\"elementor-element elementor-element-78d99f2 elementor-widget__width-initial elementor-widget elementor-widget-heading\" data-id=\"78d99f2\" data-element_type=\"widget\" data-e-type=\"widget\" data-widget_type=\"heading.default\">\n\t\t\t\t<div class=\"elementor-widget-container\">\n\t\t\t\t\t<h3 class=\"elementor-heading-title elementor-size-default\"><a href=\"https:\/\/inspinechiro.com\/dr-hector-ortiz\/\">Dr. Hector Ortiz, DC<\/a><\/h3>\t\t\t\t<\/div>\n\t\t\t\t<\/div>\n\t\t\t\t<div class=\"elementor-element elementor-element-d9e36d4 elementor-widget__width-initial elementor-widget elementor-widget-heading\" data-id=\"d9e36d4\" data-element_type=\"widget\" data-e-type=\"widget\" data-widget_type=\"heading.default\">\n\t\t\t\t<div class=\"elementor-widget-container\">\n\t\t\t\t\t<h4 class=\"elementor-heading-title elementor-size-default\">Doctor en Quiropr\u00e1ctica<\/h4>\t\t\t\t<\/div>\n\t\t\t\t<\/div>\n\t\t\t\t<\/div>\n\t\t\t\t<\/div>\n\t\t<div class=\"elementor-element elementor-element-5f367af e-con-full e-flex e-con e-child\" data-id=\"5f367af\" data-element_type=\"container\" data-e-type=\"container\">\n\t\t\t\t<div class=\"elementor-element elementor-element-87be700 elementor-widget elementor-widget-image\" data-id=\"87be700\" data-element_type=\"widget\" data-e-type=\"widget\" data-widget_type=\"image.default\">\n\t\t\t\t<div class=\"elementor-widget-container\">\n\t\t\t\t\t\t\t\t\t\t\t\t\t\t\t<img loading=\"lazy\" decoding=\"async\" width=\"400\" height=\"400\" src=\"https:\/\/inspinechiro.com\/wp-content\/uploads\/2025\/04\/dr-sanchez2-copy.webp\" class=\"attachment-large size-large wp-image-4388\" alt=\"Dr. Wilfredo S\u00e1nchez, DC\" srcset=\"https:\/\/inspinechiro.com\/wp-content\/uploads\/2025\/04\/dr-sanchez2-copy.webp 400w, https:\/\/inspinechiro.com\/wp-content\/uploads\/2025\/04\/dr-sanchez2-copy-300x300.webp 300w, https:\/\/inspinechiro.com\/wp-content\/uploads\/2025\/04\/dr-sanchez2-copy-150x150.webp 150w\" sizes=\"(max-width: 400px) 100vw, 400px\" \/>\t\t\t\t\t\t\t\t\t\t\t\t\t\t\t<\/div>\n\t\t\t\t<\/div>\n\t\t<div class=\"elementor-element elementor-element-c9a2a02 e-con-full e-flex e-con e-child\" data-id=\"c9a2a02\" data-element_type=\"container\" data-e-type=\"container\" data-settings=\"{&quot;background_background&quot;:&quot;gradient&quot;}\">\n\t\t\t\t<div class=\"elementor-element elementor-element-6f63864 elementor-widget__width-initial elementor-widget elementor-widget-heading\" data-id=\"6f63864\" data-element_type=\"widget\" data-e-type=\"widget\" data-widget_type=\"heading.default\">\n\t\t\t\t<div class=\"elementor-widget-container\">\n\t\t\t\t\t<h3 class=\"elementor-heading-title elementor-size-default\"><a href=\"https:\/\/inspinechiro.com\/dr-wilfredo-sanchez\/\">Dr. Wilfredo S\u00e1nchez, DC<\/a><\/h3>\t\t\t\t<\/div>\n\t\t\t\t<\/div>\n\t\t\t\t<div class=\"elementor-element elementor-element-c46df4c elementor-widget__width-initial elementor-widget elementor-widget-heading\" data-id=\"c46df4c\" data-element_type=\"widget\" data-e-type=\"widget\" data-widget_type=\"heading.default\">\n\t\t\t\t<div class=\"elementor-widget-container\">\n\t\t\t\t\t<h4 class=\"elementor-heading-title elementor-size-default\">Doctor en Quiropr\u00e1ctica<\/h4>\t\t\t\t<\/div>\n\t\t\t\t<\/div>\n\t\t\t\t<\/div>\n\t\t\t\t<\/div>\n\t\t\t\t<\/div>\n\t\t\t\t\t<\/div>\n\t\t\t\t<\/div>\n\t\t\t\t<\/div>\n\t\t","protected":false},"excerpt":{"rendered":"<p>El equipo de Inspine Chiropractic and Wellness En Inspine Quiropr\u00e1ctica en Dalton, GA, el logro de una salud \u00f3ptima no es s\u00f3lo un objetivo, es un viaje que emprendemos juntos. Nuestro equipo de quiropr\u00e1cticos cualificados se compromete a ofrecer una atenci\u00f3n personalizada adaptada a sus necesidades \u00fanicas, dirigi\u00e9ndole hacia una vida de equilibrio, bienestar y [&hellip;]<\/p>\n","protected":false},"author":54,"featured_media":0,"parent":0,"menu_order":0,"comment_status":"closed","ping_status":"closed","template":"elementor_header_footer","meta":{"_acf_changed":false,"_metasync_otto_title":"","_metasync_otto_description":"","_metasync_otto_keywords":"","_metasync_otto_og_title":"","_metasync_otto_og_description":"","_metasync_otto_twitter_title":"","_metasync_otto_twitter_description":"","rank_math_title":"Conozca a nuestro equipo en Inspine Chiropractic & Wellness, Llame hoy","rank_math_description":"Conozca a los quiropr\u00e1cticos de Inspine Chiropractic and Wellness. Nuestro equipo est\u00e1 aqu\u00ed para influir positivamente en la salud y la vida de las personas....","_yoast_wpseo_title":"","_yoast_wpseo_metadesc":"","_aioseo_title":"","_aioseo_description":"","_metasync_seo_title":"","_metasync_seo_desc":"","_metasync_breadcrumb_title":"","_metasync_primary_category":0,"_metasync_primary_product_cat":0,"_metasync_otto_disabled":"","_metasync_hreflang":"","_metasync_plugin_sync_ts":"","_metasync_robots_advanced":"","footnotes":""},"class_list":["post-3645","page","type-page","status-publish","hentry"],"acf":[],"_links":{"self":[{"href":"https:\/\/inspinechiro.com\/es\/wp-json\/wp\/v2\/pages\/3645","targetHints":{"allow":["GET"]}}],"collection":[{"href":"https:\/\/inspinechiro.com\/es\/wp-json\/wp\/v2\/pages"}],"about":[{"href":"https:\/\/inspinechiro.com\/es\/wp-json\/wp\/v2\/types\/page"}],"author":[{"embeddable":true,"href":"https:\/\/inspinechiro.com\/es\/wp-json\/wp\/v2\/users\/54"}],"replies":[{"embeddable":true,"href":"https:\/\/inspinechiro.com\/es\/wp-json\/wp\/v2\/comments?post=3645"}],"version-history":[{"count":10,"href":"https:\/\/inspinechiro.com\/es\/wp-json\/wp\/v2\/pages\/3645\/revisions"}],"predecessor-version":[{"id":4452,"href":"https:\/\/inspinechiro.com\/es\/wp-json\/wp\/v2\/pages\/3645\/revisions\/4452"}],"wp:attachment":[{"href":"https:\/\/inspinechiro.com\/es\/wp-json\/wp\/v2\/media?parent=3645"}],"curies":[{"name":"wp","href":"https:\/\/api.w.org\/{rel}","templated":true}]}}