{"id":3649,"date":"2024-12-06T08:11:09","date_gmt":"2024-12-06T13:11:09","guid":{"rendered":"https:\/\/inspinechiro.com\/dr-edgardo-salas-dc\/"},"modified":"2024-12-06T08:11:09","modified_gmt":"2024-12-06T13:11:09","slug":"dr-edgardo-salas-dc","status":"publish","type":"page","link":"https:\/\/inspinechiro.com\/es\/dr-edgardo-salas-dc\/","title":{"rendered":"Dr. Edgardo Salas, DC"},"content":{"rendered":"<p>Nacido y criado en Puerto Rico, el Dr. Salas aporta una mezcla \u00fanica de pasi\u00f3n y experiencia a su cuidado quiropr\u00e1ctico. Un ex jugador de b\u00e9isbol universitario, que entiende la importancia de la salud f\u00edsica y el rendimiento, que inspir\u00f3 su viaje en el cuidado quiropr\u00e1ctico.<\/p>\n<p>El Dr. Salas obtuvo su t\u00edtulo de Doctor en Quiropr\u00e1ctica en la Life University de Marietta, Georgia, tras completar sus estudios universitarios en Biolog\u00eda en la <a href=\"https:\/\/www.alcorn.edu\/\" target=\"_blank\" rel=\"noopener\">Alcorn State University<\/a> de Mississippi. Est\u00e1 especializado en el tratamiento de lesiones por accidente y familiares, utilizando t\u00e9cnicas naturales y no invasivas para ayudar a sus pacientes a recuperarse, prosperar y mantener el bienestar a largo plazo.<\/p>\n<p>Como copropietario de <a href=\"\/about\/\">Inspine Chiropractic<\/a>, el Dr. Salas se compromete a crear un ambiente familiar y compasivo donde los pacientes de todas las edades se sientan bienvenidos y atendidos. Inspine Chiropractic se ha convertido en un recurso de confianza en la comunidad de Dalton, conocida por su excelente servicio al cliente, eficiencia y dedicaci\u00f3n a mejorar vidas.<\/p>\n<p>Fuera de su pr\u00e1ctica, el Dr. Salas disfruta de mantenerse activo, pasar tiempo con su familia, conectarse con su comunidad, y seguir ampliando sus conocimientos para proporcionar la mejor atenci\u00f3n posible.<\/p>\n","protected":false},"excerpt":{"rendered":"<p>Nacido y criado en Puerto Rico, el Dr. Salas aporta una mezcla \u00fanica de pasi\u00f3n y experiencia a su cuidado quiropr\u00e1ctico. Un ex jugador de b\u00e9isbol universitario, que entiende la importancia de la salud f\u00edsica y el rendimiento, que inspir\u00f3 su viaje en el cuidado quiropr\u00e1ctico. El Dr. Salas obtuvo su t\u00edtulo de Doctor en [&hellip;]<\/p>\n","protected":false},"author":54,"featured_media":3551,"parent":0,"menu_order":0,"comment_status":"closed","ping_status":"closed","template":"","meta":{"_acf_changed":false,"_metasync_otto_title":"","_metasync_otto_description":"","_metasync_otto_keywords":"","_metasync_otto_og_title":"","_metasync_otto_og_description":"","_metasync_otto_twitter_title":"","_metasync_otto_twitter_description":"","rank_math_title":"Descubra Alivio con Quiropr\u00e1ctico Experto Dr. Edgardo Salas","rank_math_description":"","_yoast_wpseo_title":"","_yoast_wpseo_metadesc":"","_aioseo_title":"","_aioseo_description":"","_metasync_seo_title":"","_metasync_seo_desc":"","_metasync_otto_disabled":"","footnotes":""},"class_list":["post-3649","page","type-page","status-publish","has-post-thumbnail","hentry"],"acf":[],"_links":{"self":[{"href":"https:\/\/inspinechiro.com\/es\/wp-json\/wp\/v2\/pages\/3649","targetHints":{"allow":["GET"]}}],"collection":[{"href":"https:\/\/inspinechiro.com\/es\/wp-json\/wp\/v2\/pages"}],"about":[{"href":"https:\/\/inspinechiro.com\/es\/wp-json\/wp\/v2\/types\/page"}],"author":[{"embeddable":true,"href":"https:\/\/inspinechiro.com\/es\/wp-json\/wp\/v2\/users\/54"}],"replies":[{"embeddable":true,"href":"https:\/\/inspinechiro.com\/es\/wp-json\/wp\/v2\/comments?post=3649"}],"version-history":[{"count":0,"href":"https:\/\/inspinechiro.com\/es\/wp-json\/wp\/v2\/pages\/3649\/revisions"}],"wp:featuredmedia":[{"embeddable":true,"href":"https:\/\/inspinechiro.com\/es\/wp-json\/wp\/v2\/media\/3551"}],"wp:attachment":[{"href":"https:\/\/inspinechiro.com\/es\/wp-json\/wp\/v2\/media?parent=3649"}],"curies":[{"name":"wp","href":"https:\/\/api.w.org\/{rel}","templated":true}]}}