{"id":3650,"date":"2024-12-05T16:21:51","date_gmt":"2024-12-05T21:21:51","guid":{"rendered":"https:\/\/inspinechiro.com\/dr-hector-ortiz-dc\/"},"modified":"2024-12-05T16:21:51","modified_gmt":"2024-12-05T21:21:51","slug":"dr-hector-ortiz-dc","status":"publish","type":"page","link":"https:\/\/inspinechiro.com\/es\/dr-hector-ortiz-dc\/","title":{"rendered":"Dr. Hector Ortiz, DC"},"content":{"rendered":"<p>El Dr. H\u00e9ctor Ortiz padec\u00eda lumbalgia por lesiones sufridas como atleta en el instituto. Posteriormente volvi\u00f3 a lesionarse la zona lumbar debido a las actividades laborales. Tras visitar a varios profesionales sanitarios y obtener una mejor\u00eda m\u00ednima, un amigo me recomend\u00f3 la quiropr\u00e1ctica. Al cabo de un mes de tratamiento, su dolor se redujo dr\u00e1sticamente y, al cabo de tres meses, el dolor desapareci\u00f3 por completo. Esto le sirvi\u00f3 de inspiraci\u00f3n para dedicarse a la profesi\u00f3n quiropr\u00e1ctica.<\/p>\n<p>El Dr. Ortiz se gradu\u00f3 de la <a href=\"https:\/\/www.life.edu\/\" target=\"_blank\" rel=\"noopener\">Universidad Life<\/a> en 2016 obteniendo su doctorado en quiropr\u00e1ctica. Durante su estancia en Life University, realiz\u00f3 pr\u00e1cticas en su departamento de ciencias de la salud deportiva y proporcion\u00f3 atenci\u00f3n quiropr\u00e1ctica a atletas de Life University y Kennesaw State University. El Dr. Ortiz es un apasionado de la quiropr\u00e1ctica y ayudar a sus pacientes a alcanzar sus objetivos. \u00c9l cree que la atenci\u00f3n quiropr\u00e1ctica debe ser para toda la familia.<\/p>\n<p>En su tiempo libre, se puede encontrar al Dr. Ortiz con su esposa Joanne montando en bicicleta de monta\u00f1a por los senderos del norte de Georgia. El Dr. Ortiz se cri\u00f3 en Puerto Rico y habla ingl\u00e9s y espa\u00f1ol con fluidez.<\/p>\n","protected":false},"excerpt":{"rendered":"<p>El Dr. H\u00e9ctor Ortiz padec\u00eda lumbalgia por lesiones sufridas como atleta en el instituto. Posteriormente volvi\u00f3 a lesionarse la zona lumbar debido a las actividades laborales. Tras visitar a varios profesionales sanitarios y obtener una mejor\u00eda m\u00ednima, un amigo me recomend\u00f3 la quiropr\u00e1ctica. Al cabo de un mes de tratamiento, su dolor se redujo dr\u00e1sticamente [&hellip;]<\/p>\n","protected":false},"author":54,"featured_media":3553,"parent":0,"menu_order":0,"comment_status":"closed","ping_status":"closed","template":"","meta":{"_acf_changed":false,"_metasync_otto_title":"","_metasync_otto_description":"","_metasync_otto_keywords":"","_metasync_otto_og_title":"","_metasync_otto_og_description":"","_metasync_otto_twitter_title":"","_metasync_otto_twitter_description":"","rank_math_title":"Llame al Dr. Hector Ortiz, DC hoy para sus necesidades quiropr\u00e1cticas","rank_math_description":"El Dr. H\u00e9ctor Ortiz padec\u00eda lumbalgia por lesiones sufridas como atleta en el instituto. M\u00e1s tarde volvi\u00f3 a lesionarse la zona lumbar debido a...","_yoast_wpseo_title":"","_yoast_wpseo_metadesc":"","_aioseo_title":"","_aioseo_description":"","_metasync_seo_title":"","_metasync_seo_desc":"","_metasync_otto_disabled":"","footnotes":""},"class_list":["post-3650","page","type-page","status-publish","has-post-thumbnail","hentry"],"acf":[],"_links":{"self":[{"href":"https:\/\/inspinechiro.com\/es\/wp-json\/wp\/v2\/pages\/3650","targetHints":{"allow":["GET"]}}],"collection":[{"href":"https:\/\/inspinechiro.com\/es\/wp-json\/wp\/v2\/pages"}],"about":[{"href":"https:\/\/inspinechiro.com\/es\/wp-json\/wp\/v2\/types\/page"}],"author":[{"embeddable":true,"href":"https:\/\/inspinechiro.com\/es\/wp-json\/wp\/v2\/users\/54"}],"replies":[{"embeddable":true,"href":"https:\/\/inspinechiro.com\/es\/wp-json\/wp\/v2\/comments?post=3650"}],"version-history":[{"count":0,"href":"https:\/\/inspinechiro.com\/es\/wp-json\/wp\/v2\/pages\/3650\/revisions"}],"wp:featuredmedia":[{"embeddable":true,"href":"https:\/\/inspinechiro.com\/es\/wp-json\/wp\/v2\/media\/3553"}],"wp:attachment":[{"href":"https:\/\/inspinechiro.com\/es\/wp-json\/wp\/v2\/media?parent=3650"}],"curies":[{"name":"wp","href":"https:\/\/api.w.org\/{rel}","templated":true}]}}