{"id":3651,"date":"2024-12-06T07:56:24","date_gmt":"2024-12-06T12:56:24","guid":{"rendered":"https:\/\/inspinechiro.com\/dr-natalia-vega-dc\/"},"modified":"2024-12-19T01:43:08","modified_gmt":"2024-12-19T06:43:08","slug":"dr-natalia-vega-dc","status":"publish","type":"page","link":"https:\/\/inspinechiro.com\/es\/dr-natalia-vega-dc\/","title":{"rendered":"Dr. Natalia Vega, DC"},"content":{"rendered":"<p>La Dra. Vega es una quiropr\u00e1ctica dedicada y compasiva con un profundo compromiso para mejorar la salud y el bienestar de sus pacientes. Nacida y criada en Puerto Rico, la pasi\u00f3n de la Dra. Vega por el cuidado de la salud y por ayudar a los dem\u00e1s comenz\u00f3 a una edad temprana, gui\u00e1ndola finalmente a una carrera satisfactoria en la quiropr\u00e1ctica.<\/p>\n<p>Se licenci\u00f3 en Biolog\u00eda antes de obtener el t\u00edtulo de Doctora en Quiropr\u00e1ctica (DC) en la <a href=\"https:\/\/www.life.edu\/\" target=\"_blank\" rel=\"noopener\">Universidad Life<\/a> de Marietta, Georgia. A lo largo de su educaci\u00f3n, la Dra. Vega desarroll\u00f3 una s\u00f3lida base en anatom\u00eda, fisiolog\u00eda y curaci\u00f3n hol\u00edstica, que aplica en su pr\u00e1ctica para proporcionar a los pacientes una atenci\u00f3n eficaz y natural.<\/p>\n<p>Como copropietario de Inspine Chiropractic, el Dr. Vega se especializa en el tratamiento de mujeres embarazadas, beb\u00e9s y familias. Su enfoque de la atenci\u00f3n quiropr\u00e1ctica se centra en proporcionar tratamientos suaves, eficaces y seguros adaptados a las necesidades \u00fanicas de cada individuo. Ella es una apasionada de ayudar a las familias a alcanzar una salud \u00f3ptima a trav\u00e9s de la atenci\u00f3n quiropr\u00e1ctica, ya sea durante el embarazo, el apoyo a un beb\u00e9 en crecimiento, o el mantenimiento de un estilo de vida saludable y activo como una unidad familiar.<\/p>\n<p>Fuera de su trabajo profesional, la Dra. Vega disfruta viajando, haciendo ejercicio y pasando tiempo de calidad con su familia, as\u00ed como con su querida perra, Chloe. Sus intereses personales reflejan su compromiso con un estilo de vida sano y equilibrado, que considera esencial tanto para su propio bienestar como para el de sus pacientes.<\/p>\n<p>La Dra. Vega es conocida por su comportamiento amable y accesible, tom\u00e1ndose el tiempo para escuchar a sus pacientes y entender sus necesidades. Ella cree en la importancia de la educaci\u00f3n y la capacitaci\u00f3n de sus pacientes con el conocimiento que necesitan para tomar decisiones informadas sobre su salud.<\/p>\n<p>En <a href=\"\/about\/\">Inspine Quiropr\u00e1ctica<\/a>, el objetivo de la Dra. Vega no es s\u00f3lo para proporcionar atenci\u00f3n quiropr\u00e1ctica de primer nivel, sino tambi\u00e9n para construir relaciones duraderas con sus pacientes, asegur\u00e1ndose de que se sientan apoyados y atendidos a lo largo de su viaje hacia una mejor salud.<\/p>\n","protected":false},"excerpt":{"rendered":"<p>La Dra. Vega es una quiropr\u00e1ctica dedicada y compasiva con un profundo compromiso para mejorar la salud y el bienestar de sus pacientes. Nacida y criada en Puerto Rico, la pasi\u00f3n de la Dra. Vega por el cuidado de la salud y por ayudar a los dem\u00e1s comenz\u00f3 a una edad temprana, gui\u00e1ndola finalmente a [&hellip;]<\/p>\n","protected":false},"author":54,"featured_media":3552,"parent":0,"menu_order":0,"comment_status":"closed","ping_status":"closed","template":"","meta":{"_acf_changed":false,"_metasync_otto_title":"","_metasync_otto_description":"","_metasync_otto_keywords":"","_metasync_otto_og_title":"","_metasync_otto_og_description":"","_metasync_otto_twitter_title":"","_metasync_otto_twitter_description":"","rank_math_title":"Llame hoy a la Dra. Natalia Vega para transformar su salud","rank_math_description":"La Dra. Vega es una quiropr\u00e1ctica dedicada y compasiva con un profundo compromiso para mejorar la salud y el bienestar de sus pacientes.","_yoast_wpseo_title":"","_yoast_wpseo_metadesc":"","_aioseo_title":"","_aioseo_description":"","_metasync_seo_title":"","_metasync_seo_desc":"","_metasync_otto_disabled":"","footnotes":""},"class_list":["post-3651","page","type-page","status-publish","has-post-thumbnail","hentry"],"acf":[],"_links":{"self":[{"href":"https:\/\/inspinechiro.com\/es\/wp-json\/wp\/v2\/pages\/3651","targetHints":{"allow":["GET"]}}],"collection":[{"href":"https:\/\/inspinechiro.com\/es\/wp-json\/wp\/v2\/pages"}],"about":[{"href":"https:\/\/inspinechiro.com\/es\/wp-json\/wp\/v2\/types\/page"}],"author":[{"embeddable":true,"href":"https:\/\/inspinechiro.com\/es\/wp-json\/wp\/v2\/users\/54"}],"replies":[{"embeddable":true,"href":"https:\/\/inspinechiro.com\/es\/wp-json\/wp\/v2\/comments?post=3651"}],"version-history":[{"count":1,"href":"https:\/\/inspinechiro.com\/es\/wp-json\/wp\/v2\/pages\/3651\/revisions"}],"predecessor-version":[{"id":3652,"href":"https:\/\/inspinechiro.com\/es\/wp-json\/wp\/v2\/pages\/3651\/revisions\/3652"}],"wp:featuredmedia":[{"embeddable":true,"href":"https:\/\/inspinechiro.com\/es\/wp-json\/wp\/v2\/media\/3552"}],"wp:attachment":[{"href":"https:\/\/inspinechiro.com\/es\/wp-json\/wp\/v2\/media?parent=3651"}],"curies":[{"name":"wp","href":"https:\/\/api.w.org\/{rel}","templated":true}]}}