{"id":3653,"date":"2024-12-18T10:31:28","date_gmt":"2024-12-18T15:31:28","guid":{"rendered":"https:\/\/inspinechiro.com\/dr-wilfredo-sanchez-dc\/"},"modified":"2024-12-26T13:48:51","modified_gmt":"2024-12-26T18:48:51","slug":"dr-wilfredo-sanchez-dc","status":"publish","type":"page","link":"https:\/\/inspinechiro.com\/es\/dr-wilfredo-sanchez-dc\/","title":{"rendered":"Dr. Wilfredo S\u00e1nchez, DC"},"content":{"rendered":"<p>Dr. Wilfredo S\u00e1nchez, un quiropr\u00e1ctico dedicado de Ponce, Puerto Rico, se ha comprometido a mejorar la salud y el bienestar de los pacientes. A los 27 a\u00f1os de edad, es un orgulloso graduado de la Universidad Life, donde obtuvo su t\u00edtulo de Doctor en Quiropr\u00e1ctica.<\/p>\n<p>El viaje del Dr. S\u00e1nchez en la atenci\u00f3n quiropr\u00e1ctica se inspir\u00f3 en su profunda pasi\u00f3n por el deporte y la salud. Como ex jugador de baloncesto universitario, experiment\u00f3 de primera mano las exigencias f\u00edsicas del cuerpo, lo que despert\u00f3 su deseo de ayudar a otros a recuperarse de lesiones y rendir al m\u00e1ximo.<\/p>\n<p>Antes de convertirse en quiropr\u00e1ctico, el Dr. S\u00e1nchez tuvo el privilegio de trabajar como entrenador atl\u00e9tico para un equipo de baloncesto profesional en Puerto Rico. Durante ese tiempo, trabaj\u00f3 directamente con los atletas, ayud\u00e1ndoles a prevenir lesiones y recuperarse m\u00e1s r\u00e1pido, lo que le proporcion\u00f3 una visi\u00f3n muy valiosa en la atenci\u00f3n relacionada con el deporte.<\/p>\n<p>Le apasiona ayudar a las personas a sentirse lo mejor posible y capacitarlas para llevar una vida activa y saludable. Cuando no est\u00e1 trabajando, al Dr. S\u00e1nchez le gusta jugar al baloncesto con sus amigos, ir al gimnasio y pasar tiempo con su novia.<\/p>\n<p>La experiencia del Dr. S\u00e1nchez en la quiropr\u00e1ctica de lesiones deportivas se alinea perfectamente con el compromiso de Inspine Chiropractic and Wellness de proporcionar una atenci\u00f3n personalizada para una salud \u00f3ptima. Sus capacidades biling\u00fces mejoran a\u00fan m\u00e1s la capacidad de la cl\u00ednica para servir a una comunidad diversa.<\/p>\n","protected":false},"excerpt":{"rendered":"<p>Dr. Wilfredo S\u00e1nchez, un quiropr\u00e1ctico dedicado de Ponce, Puerto Rico, se ha comprometido a mejorar la salud y el bienestar de los pacientes. A los 27 a\u00f1os de edad, es un orgulloso graduado de la Universidad Life, donde obtuvo su t\u00edtulo de Doctor en Quiropr\u00e1ctica. El viaje del Dr. S\u00e1nchez en la atenci\u00f3n quiropr\u00e1ctica se [&hellip;]<\/p>\n","protected":false},"author":54,"featured_media":4388,"parent":0,"menu_order":0,"comment_status":"closed","ping_status":"closed","template":"","meta":{"_acf_changed":false,"_metasync_otto_title":"","_metasync_otto_description":"","_metasync_otto_keywords":"","_metasync_otto_og_title":"","_metasync_otto_og_description":"","_metasync_otto_twitter_title":"","_metasync_otto_twitter_description":"","rank_math_title":"Dr. Wilfredo S\u00e1nchez | Doctor en Quiropr\u00e1ctica","rank_math_description":"Dr. Wilfredo S\u00e1nchez, un quiropr\u00e1ctico dedicado de Ponce, Puerto Rico, se ha comprometido a mejorar la salud y el bienestar de los pacientes.","_yoast_wpseo_title":"","_yoast_wpseo_metadesc":"","_aioseo_title":"","_aioseo_description":"","_metasync_seo_title":"","_metasync_seo_desc":"","_metasync_otto_disabled":"","footnotes":""},"class_list":["post-3653","page","type-page","status-publish","has-post-thumbnail","hentry"],"acf":[],"_links":{"self":[{"href":"https:\/\/inspinechiro.com\/es\/wp-json\/wp\/v2\/pages\/3653","targetHints":{"allow":["GET"]}}],"collection":[{"href":"https:\/\/inspinechiro.com\/es\/wp-json\/wp\/v2\/pages"}],"about":[{"href":"https:\/\/inspinechiro.com\/es\/wp-json\/wp\/v2\/types\/page"}],"author":[{"embeddable":true,"href":"https:\/\/inspinechiro.com\/es\/wp-json\/wp\/v2\/users\/54"}],"replies":[{"embeddable":true,"href":"https:\/\/inspinechiro.com\/es\/wp-json\/wp\/v2\/comments?post=3653"}],"version-history":[{"count":2,"href":"https:\/\/inspinechiro.com\/es\/wp-json\/wp\/v2\/pages\/3653\/revisions"}],"predecessor-version":[{"id":3936,"href":"https:\/\/inspinechiro.com\/es\/wp-json\/wp\/v2\/pages\/3653\/revisions\/3936"}],"wp:featuredmedia":[{"embeddable":true,"href":"https:\/\/inspinechiro.com\/es\/wp-json\/wp\/v2\/media\/4388"}],"wp:attachment":[{"href":"https:\/\/inspinechiro.com\/es\/wp-json\/wp\/v2\/media?parent=3653"}],"curies":[{"name":"wp","href":"https:\/\/api.w.org\/{rel}","templated":true}]}}