{"id":3672,"date":"2024-12-09T14:54:23","date_gmt":"2024-12-09T19:54:23","guid":{"rendered":"https:\/\/inspinechiro.com\/calhoun\/calhoun-accidente-de-coche-quiropractico\/"},"modified":"2024-12-19T05:15:29","modified_gmt":"2024-12-19T10:15:29","slug":"calhoun-accidente-de-coche-quiropractico","status":"publish","type":"page","link":"https:\/\/inspinechiro.com\/es\/calhoun\/calhoun-accidente-de-coche-quiropractico\/","title":{"rendered":"Calhoun accidente de coche quiropr\u00e1ctico"},"content":{"rendered":"<h2>Quiropr\u00e1ctico de Accidentes de Coche en Calhoun para Soluciones de Recuperaci\u00f3n Eficaces<\/h2>\n<p>Aprenda m\u00e1s sobre Inspine Quiropr\u00e1ctica y Bienestar, donde entendemos los desaf\u00edos que vienen despu\u00e9s de un accidente de coche. Si usted est\u00e1 buscando alivio de lesiones personales, necesita una cl\u00ednica quiropr\u00e1ctica que puede aliviar sus s\u00edntomas y tratar las causas fundamentales de su dolor. Nuestro objetivo es proporcionar una atenci\u00f3n integral adaptada espec\u00edficamente para las v\u00edctimas en Calhoun, GA. Reconocemos que cada lesi\u00f3n es \u00fanica, y estamos dedicados a atender sus necesidades espec\u00edficas. Nuestros quiropr\u00e1cticos expertos se especializan en el tratamiento de lesiones por accidente de auto. Con amplia experiencia, utilizan t\u00e9cnicas avanzadas para promover la curaci\u00f3n y restaurar la movilidad. Damos prioridad a su recuperaci\u00f3n, asegur\u00e1ndose de que usted reciba las terapias m\u00e1s eficaces disponibles.<\/p>\n<p><img fetchpriority=\"high\" decoding=\"async\" class=\"alignnone size-full wp-image-2910\" src=\"https:\/\/inspinechiro.com\/wp-content\/uploads\/2024\/12\/calhoun-car-accident.webp\" alt=\"A car accident involving two vehicles. Often, victims of accidents should consider visiting medical doctors immediately if their injuries are severe.\" width=\"500\" height=\"286\" srcset=\"https:\/\/inspinechiro.com\/wp-content\/uploads\/2024\/12\/calhoun-car-accident.webp 500w, https:\/\/inspinechiro.com\/wp-content\/uploads\/2024\/12\/calhoun-car-accident-300x172.webp 300w\" sizes=\"(max-width: 500px) 100vw, 500px\" \/><\/p>\n<p>Elegir Inspine significa que est\u00e1 seleccionando una cl\u00ednica que integra la curaci\u00f3n hol\u00edstica con las pr\u00e1cticas quiropr\u00e1cticas modernas. Nuestro enfoque se centra en aliviar el dolor, mejorar la funci\u00f3n y aumentar su bienestar general. Creemos en el tratamiento de todo el cuerpo, no s\u00f3lo los s\u00edntomas, para ayudarle a recuperar una vida c\u00f3moda. Adem\u00e1s, nuestro personal biling\u00fce se compromete a hacer la atenci\u00f3n accesible a todos. Nos esforzamos por crear un ambiente inclusivo donde todos los pacientes se sientan bienvenidos y comprendidos. Inspine Quiropr\u00e1ctica y Bienestar es su socio de confianza en la navegaci\u00f3n por el camino de la recuperaci\u00f3n despu\u00e9s de un accidente. Perm\u00edtanos apoyarle en su viaje hacia la salud y el bienestar.<\/p>\n<h2>C\u00f3mo entender el tratamiento quiropr\u00e1ctico tras un accidente de coche<\/h2>\n<p>La atenci\u00f3n quiropr\u00e1ctica desempe\u00f1a un papel crucial en el proceso de recuperaci\u00f3n tras un accidente de coche. Despu\u00e9s de un accidente, muchas personas experimentan una serie de s\u00edntomas, desde dolor de cuello y espalda hasta dolores de cabeza y molestias en las articulaciones. Estos problemas pueden surgir inmediatamente o desarrollarse con el tiempo. Buscar un quiropr\u00e1ctico puede ayudar significativamente a aliviar estos s\u00edntomas y restaurar la funci\u00f3n general. Los quiropr\u00e1cticos se centran en diagnosticar y tratar lesiones musculoesquel\u00e9ticas. Utilizan t\u00e9cnicas manuales para realinear la columna vertebral y mejorar la movilidad. Al tratar los desajustes y la tensi\u00f3n del cuerpo, la quiropr\u00e1ctica puede ayudar a reducir la inflamaci\u00f3n y promover la curaci\u00f3n. Este enfoque no invasivo es particularmente beneficioso para aquellos que buscan alivio de lesiones personales sin depender \u00fanicamente de la medicaci\u00f3n. Los beneficios de la elecci\u00f3n de una pr\u00e1ctica quiropr\u00e1ctica despu\u00e9s de un accidente de coche se extienden m\u00e1s all\u00e1 del alivio del dolor. Los ajustes regulares pueden mejorar las capacidades curativas naturales de su cuerpo, mejorar la circulaci\u00f3n y reducir la tensi\u00f3n muscular. Este enfoque hol\u00edstico no s\u00f3lo trata las molestias inmediatas, sino que tambi\u00e9n ayuda a prevenir complicaciones a largo plazo. Con un enfoque en el bienestar general, los quiropr\u00e1cticos trabajan para restaurar el equilibrio del cuerpo, lo que le permite volver a sus actividades diarias con mayor comodidad. En resumen, este tratamiento es un recurso valioso para cualquier persona que se recupere de un accidente de tr\u00e1fico. Aborda tanto los aspectos f\u00edsicos como funcionales de las lesiones, allanando el camino para un viaje de recuperaci\u00f3n m\u00e1s suave. Si usted ha estado involucrado en un accidente de coche, considere la posibilidad de programar una cita con un quiropr\u00e1ctico cualificado para explorar c\u00f3mo pueden ayudarle en su proceso de curaci\u00f3n.<\/p>\n<p><img decoding=\"async\" class=\"alignnone size-full wp-image-2911\" src=\"https:\/\/inspinechiro.com\/wp-content\/uploads\/2024\/12\/car-accident-aftermath-1.webp\" alt=\"A car accident near Calhoun, GA 30701. Two vehicles sit on the side of the road as a man in a reflective vest approaches them.\" width=\"500\" height=\"333\" srcset=\"https:\/\/inspinechiro.com\/wp-content\/uploads\/2024\/12\/car-accident-aftermath-1.webp 500w, https:\/\/inspinechiro.com\/wp-content\/uploads\/2024\/12\/car-accident-aftermath-1-300x200.webp 300w\" sizes=\"(max-width: 500px) 100vw, 500px\" \/><\/p>\n<h2>Cu\u00e1ndo buscar atenci\u00f3n quiropr\u00e1ctica tras un accidente de tr\u00e1fico<\/h2>\n<p>Despu\u00e9s de un accidente de coche, saber cu\u00e1ndo buscar atenci\u00f3n quiropr\u00e1ctica es crucial para su recuperaci\u00f3n. Muchas personas pueden no sentir dolor o malestar inmediato, pero las lesiones pueden manifestarse d\u00edas o incluso semanas m\u00e1s tarde. Es importante escuchar a su cuerpo y reconocer los s\u00edntomas que pueden requerir atenci\u00f3n profesional.<\/p>\n<h3>C\u00f3mo reconocer los s\u00edntomas que requieren atenci\u00f3n inmediata<\/h3>\n<p>Si usted experimenta cualquiera de los siguientes s\u00edntomas despu\u00e9s de un accidente de coche, es esencial buscar la atenci\u00f3n de un quiropr\u00e1ctico con prontitud:<\/p>\n<ul>\n<li><strong>Dolor persistente<\/strong>: Cualquier dolor de cuello continuo, dolor de espalda o dolor en las articulaciones debe ser evaluado por un quiropr\u00e1ctico.<br \/>\nRigidez o movilidad limitada: La dificultad para mover el cuello o la espalda puede indicar problemas subyacentes que necesitan tratamiento.<\/li>\n<li><strong>Dolores de cabeza<\/strong>: Los dolores de cabeza frecuentes, especialmente las cefaleas tensionales o migra\u00f1as, pueden estar relacionados con el latigazo cervical u otras lesiones.<\/li>\n<li><strong>Mareos o n\u00e1useas<\/strong>: Estos s\u00edntomas podr\u00edan indicar una conmoci\u00f3n cerebral u otras afecciones graves que requieren atenci\u00f3n inmediata.<\/li>\n<li><strong>Entumecimiento u hormigueo<\/strong>: Si siente entumecimiento u hormigueo en los brazos o las piernas, podr\u00eda ser un signo de da\u00f1o o compresi\u00f3n nerviosa.<\/li>\n<\/ul>\n<p>Lesiones comunes tratados por nuestros quiropr\u00e1cticos Calhoun<\/p>\n<p>Nuestros quiropr\u00e1cticos Calhoun se especializan en el tratamiento de diversas lesiones resultantes de accidentes automovil\u00edsticos. Algunas condiciones comunes que tratamos incluyen:<\/p>\n<ul>\n<li><strong>Latigazo cervical<\/strong>: Una lesi\u00f3n com\u00fan causada por el movimiento brusco de la cabeza y el cuello durante una colisi\u00f3n.<\/li>\n<li><strong>Dolor de espalda<\/strong>: Las lesiones en la columna vertebral o los m\u00fasculos circundantes pueden conducir a malestar cr\u00f3nico.<\/li>\n<li><strong>Dolor en las articulaciones<\/strong>: Los accidentes pueden causar tensi\u00f3n o lesiones en las articulaciones, lo que afecta a la movilidad y las actividades diarias.<\/li>\n<li><strong>Lesiones de tejidos blandos<\/strong>: Estas lesiones implican da\u00f1os en m\u00fasculos, ligamentos o tendones, que pueden beneficiarse de la atenci\u00f3n quiropr\u00e1ctica.<\/li>\n<\/ul>\n<p>El reconocimiento de estos s\u00edntomas y la comprensi\u00f3n de los tipos de lesiones tratadas pueden ayudarle a determinar cu\u00e1ndo buscar un ajuste despu\u00e9s de un accidente. Tomar medidas a tiempo puede conducir a una recuperaci\u00f3n m\u00e1s eficaz y mejorar la salud en general. Si usted ha estado involucrado en un accidente de coche, considere consultar con nuestro equipo de expertos en Inspine Quiropr\u00e1ctica y Bienestar para una evaluaci\u00f3n completa y un plan de tratamiento personalizado.<\/p>\n<p><img decoding=\"async\" class=\"alignnone size-full wp-image-2912\" src=\"https:\/\/inspinechiro.com\/wp-content\/uploads\/2024\/12\/Spine-Demonstration-3.webp\" alt=\"A doctor indicates a portion of vertebrae on a model of the human spine.\" width=\"500\" height=\"260\" srcset=\"https:\/\/inspinechiro.com\/wp-content\/uploads\/2024\/12\/Spine-Demonstration-3.webp 500w, https:\/\/inspinechiro.com\/wp-content\/uploads\/2024\/12\/Spine-Demonstration-3-300x156.webp 300w\" sizes=\"(max-width: 500px) 100vw, 500px\" \/><\/p>\n<h2>El enfoque de Inspine para la curaci\u00f3n hol\u00edstica y el alivio del dolor cr\u00f3nico<\/h2>\n<p>En Inspine Quiropr\u00e1ctica y Bienestar, damos prioridad a su recuperaci\u00f3n despu\u00e9s de un accidente de coche. Nuestro enfoque se centra en la curaci\u00f3n hol\u00edstica, asegurando que cada aspecto de su bienestar se aborda. Entendemos que la experiencia de cada paciente es diferente, por lo que creamos planes de tratamiento personalizados adaptados a sus necesidades espec\u00edficas. Nuestros expertos quiropr\u00e1cticos utilizan diagn\u00f3sticos avanzados para evaluar sus lesiones con precisi\u00f3n. Esta evaluaci\u00f3n exhaustiva nos permite identificar las causas fundamentales de su malestar. A partir de ah\u00ed, ponemos en pr\u00e1ctica terapias no invasivas dise\u00f1adas para promover la curaci\u00f3n, aliviar el dolor y restaurar la movilidad. Nuestro objetivo es ayudarle a recuperar su calidad de vida lo antes posible. Al elegir Inspine, se une a una comunidad en Calhoun, GA, y m\u00e1s all\u00e1, que se ha comprometido a su bienestar general. No s\u00f3lo tratamos los s\u00edntomas, sino que tambi\u00e9n trabajamos para la recuperaci\u00f3n y la prevenci\u00f3n a largo plazo. Nuestro equipo est\u00e1 dedicado a apoyarle a trav\u00e9s de cada paso de su viaje de curaci\u00f3n, ayud\u00e1ndole a alcanzar un bienestar \u00f3ptimo despu\u00e9s de su accidente.<\/p>\n<h3>Aprenda sobre el tratamiento de lesiones por accidente de auto en Inspine Quiropr\u00e1ctica y Bienestar<\/h3>\n<p>En Inspine Quiropr\u00e1ctica y Bienestar, nuestro equipo est\u00e1 compuesto por profesionales experimentados dedicados a su recuperaci\u00f3n. Cada quiropr\u00e1ctico aporta una riqueza de conocimientos en el tratamiento de lesiones por accidente, asegurando que usted reciba la mejor atenci\u00f3n posible. Nuestro equipo de curaci\u00f3n hol\u00edstica se compromete a abordar no s\u00f3lo su dolor inmediato, sino tambi\u00e9n los problemas subyacentes que pueden afectar a su salud en general. Entendemos que cada paciente es \u00fanico, y nuestro enfoque refleja eso. Nuestros quiropr\u00e1cticos se toman el tiempo para escuchar sus preocupaciones y realizar evaluaciones exhaustivas. Esto nos permite crear un plan de tratamiento personalizado que se alinea con sus objetivos de salud y bienestar. Nos centramos en terapias no invasivas que promueven la curaci\u00f3n y restaurar el equilibrio de su cuerpo. Nuestro personal biling\u00fce est\u00e1 listo para ayudarle, asegurando que las barreras del idioma no impidan su acceso a una atenci\u00f3n de calidad. Creemos que todo el mundo merece la oportunidad de recuperarse y prosperar, independientemente de su origen. Adem\u00e1s de nuestra atenci\u00f3n quiropr\u00e1ctica de expertos, nos enorgullecemos de fomentar un ambiente de apoyo. Testimonios de pacientes destacan nuestro compromiso de proporcionar atenci\u00f3n compasiva y eficaz. Cuando usted elige Inspine, usted no es s\u00f3lo un paciente, usted es parte de una comunidad que da prioridad a su bienestar. Deje que nuestro equipo de curaci\u00f3n hol\u00edstica le gu\u00ede en su camino hacia la recuperaci\u00f3n. Estamos aqu\u00ed para apoyarle en cada paso del camino.<\/p>\n<p><img loading=\"lazy\" decoding=\"async\" class=\"alignnone wp-image-2913 size-full\" src=\"https:\/\/inspinechiro.com\/wp-content\/uploads\/2024\/12\/Visitng-Chiropractor-3.webp\" alt=\"A Calhoun car accident chiropractor helps a patient by stretching his arm across his chest during an adjustment. \" width=\"500\" height=\"325\" srcset=\"https:\/\/inspinechiro.com\/wp-content\/uploads\/2024\/12\/Visitng-Chiropractor-3.webp 500w, https:\/\/inspinechiro.com\/wp-content\/uploads\/2024\/12\/Visitng-Chiropractor-3-300x195.webp 300w\" sizes=\"(max-width: 500px) 100vw, 500px\" \/><\/p>\n<h2>Programe su consulta con Inspine Quiropr\u00e1ctica y Bienestar<\/h2>\n<p>Sabemos lo crucial que es la atenci\u00f3n oportuna despu\u00e9s de un accidente automovil\u00edstico. Nuestra ubicaci\u00f3n Dalton est\u00e1 dise\u00f1ado para su comodidad y est\u00e1 situado cerca de Calhoun, GA. Ofrecemos opciones de citas flexibles para adaptarse a su apretada agenda, asegurando que usted reciba la atenci\u00f3n que necesita sin estr\u00e9s a\u00f1adido. Cuando se comunique con nosotros, puede esperar una c\u00e1lida bienvenida de nuestro personal biling\u00fce. Damos prioridad a la accesibilidad y la inclusi\u00f3n, asegur\u00e1ndose de que las barreras del idioma no obstaculicen su viaje de curaci\u00f3n. Nuestro equipo se dedica a proporcionar una atenci\u00f3n personalizada adaptada a sus necesidades \u00fanicas. P\u00f3ngase en contacto con nosotros hoy mismo para una consulta gratuita. Esta reuni\u00f3n inicial nos ayudar\u00e1 a evaluar su condici\u00f3n y discutir sus objetivos. Estamos aqu\u00ed para apoyarle en cada paso de su camino hacia la recuperaci\u00f3n. No espere m\u00e1s, programe su cita ahora y d\u00e9 el primer paso para recuperar su comodidad y bienestar.<\/p>\n","protected":false},"excerpt":{"rendered":"<p>Quiropr\u00e1ctico de Accidentes de Coche en Calhoun para Soluciones de Recuperaci\u00f3n Eficaces Aprenda m\u00e1s sobre Inspine Quiropr\u00e1ctica y Bienestar, donde entendemos los desaf\u00edos que vienen despu\u00e9s de un accidente de coche. Si usted est\u00e1 buscando alivio de lesiones personales, necesita una cl\u00ednica quiropr\u00e1ctica que puede aliviar sus s\u00edntomas y tratar las causas fundamentales de su [&hellip;]<\/p>\n","protected":false},"author":54,"featured_media":3565,"parent":3667,"menu_order":0,"comment_status":"closed","ping_status":"closed","template":"","meta":{"_acf_changed":false,"_metasync_otto_title":"","_metasync_otto_description":"","_metasync_otto_keywords":"","_metasync_otto_og_title":"","_metasync_otto_og_description":"","_metasync_otto_twitter_title":"","_metasync_otto_twitter_description":"","rank_math_title":"Calhoun accidente de coche quiropr\u00e1ctico | Alivio del Dolor Quiropr\u00e1ctica","rank_math_description":"Recuperarse con la ayuda de un quiropr\u00e1ctico accidente de coche de confianza en Calhoun, GA. Cuidado experto para el alivio del dolor y un proceso de recuperaci\u00f3n sin problemas. ","_yoast_wpseo_title":"","_yoast_wpseo_metadesc":"","_aioseo_title":"","_aioseo_description":"","_metasync_seo_title":"","_metasync_seo_desc":"","_metasync_otto_disabled":"","footnotes":""},"class_list":["post-3672","page","type-page","status-publish","has-post-thumbnail","hentry"],"acf":[],"_links":{"self":[{"href":"https:\/\/inspinechiro.com\/es\/wp-json\/wp\/v2\/pages\/3672","targetHints":{"allow":["GET"]}}],"collection":[{"href":"https:\/\/inspinechiro.com\/es\/wp-json\/wp\/v2\/pages"}],"about":[{"href":"https:\/\/inspinechiro.com\/es\/wp-json\/wp\/v2\/types\/page"}],"author":[{"embeddable":true,"href":"https:\/\/inspinechiro.com\/es\/wp-json\/wp\/v2\/users\/54"}],"replies":[{"embeddable":true,"href":"https:\/\/inspinechiro.com\/es\/wp-json\/wp\/v2\/comments?post=3672"}],"version-history":[{"count":2,"href":"https:\/\/inspinechiro.com\/es\/wp-json\/wp\/v2\/pages\/3672\/revisions"}],"predecessor-version":[{"id":3674,"href":"https:\/\/inspinechiro.com\/es\/wp-json\/wp\/v2\/pages\/3672\/revisions\/3674"}],"up":[{"embeddable":true,"href":"https:\/\/inspinechiro.com\/es\/wp-json\/wp\/v2\/pages\/3667"}],"wp:featuredmedia":[{"embeddable":true,"href":"https:\/\/inspinechiro.com\/es\/wp-json\/wp\/v2\/media\/3565"}],"wp:attachment":[{"href":"https:\/\/inspinechiro.com\/es\/wp-json\/wp\/v2\/media?parent=3672"}],"curies":[{"name":"wp","href":"https:\/\/api.w.org\/{rel}","templated":true}]}}