{"id":3675,"date":"2024-12-09T15:43:38","date_gmt":"2024-12-09T20:43:38","guid":{"rendered":"https:\/\/inspinechiro.com\/calhoun\/calhoun-chiropractor\/"},"modified":"2024-12-19T05:53:43","modified_gmt":"2024-12-19T10:53:43","slug":"calhoun-chiropractor","status":"publish","type":"page","link":"https:\/\/inspinechiro.com\/es\/calhoun\/calhoun-chiropractor\/","title":{"rendered":"Calhoun Chiropractor"},"content":{"rendered":"<h2>Quiropr\u00e1ctico Calhoun: Soluciones eficaces para su dolor de espalda<\/h2>\n<p>\u00bfEst\u00e1 buscando un quiropr\u00e1ctico Calhoun? Ofrecemos servicios quiropr\u00e1cticos integrales dise\u00f1ados para abordar una amplia gama de problemas de salud. Nuestro enfoque se centra en la atenci\u00f3n hol\u00edstica que trata el cuerpo como un todo, en lugar de s\u00f3lo s\u00edntomas aislados. Si usted est\u00e1 tratando con dolor cr\u00f3nico, la recuperaci\u00f3n de una lesi\u00f3n, o simplemente en busca de mejorar su bienestar general, nuestro equipo est\u00e1 aqu\u00ed para apoyarle. Nuestros quiropr\u00e1cticos experimentados utilizan t\u00e9cnicas avanzadas y terapias para promover la curaci\u00f3n y reducir el dolor \u00bfEst\u00e1 listo para menos dolor de condiciones tales como dolores de cabeza, dolor de cuello, ci\u00e1tica, y dolor en las articulaciones? Cada plan de tratamiento est\u00e1 dise\u00f1ado espec\u00edficamente para usted, asegur\u00e1ndose de que satisfacer sus necesidades \u00fanicas. Adem\u00e1s de la gesti\u00f3n del dolor, ofrecemos servicios que atienden a diversos aspectos de la salud. Esto incluye la correcci\u00f3n postural, que puede aliviar las molestias causadas por malos h\u00e1bitos, y la atenci\u00f3n relacionada con el embarazo que ayuda a controlar las molestias durante esta importante etapa. Elegir Inspine significa elegir una cl\u00ednica que valora el bienestar de la comunidad. Orgullosamente servimos el \u00e1rea de Calhoun, proporcionando cuidado accesible a todos, incluyendo servicios biling\u00fces para nuestra poblaci\u00f3n diversa. Nuestra oficina est\u00e1 equipada con herramientas de diagn\u00f3stico avanzadas, lo que nos permite crear planes de tratamiento eficaces que conducen a resultados reales.<\/p>\n<p><img fetchpriority=\"high\" decoding=\"async\" class=\"alignnone wp-image-2765 size-full\" src=\"https:\/\/inspinechiro.com\/wp-content\/uploads\/2024\/12\/calhoun-chiropractic-clinic-nervous-system-health.webp\" alt=\"A patient receives treatment on his neck and shoulders from his chiropractor. Inspine Chiropractic serves the Dalton, Calhoun, and Rocky Face areas.\" width=\"500\" height=\"333\" srcset=\"https:\/\/inspinechiro.com\/wp-content\/uploads\/2024\/12\/calhoun-chiropractic-clinic-nervous-system-health.webp 500w, https:\/\/inspinechiro.com\/wp-content\/uploads\/2024\/12\/calhoun-chiropractic-clinic-nervous-system-health-300x200.webp 300w\" sizes=\"(max-width: 500px) 100vw, 500px\" \/><\/p>\n<h3>Experimente el cuidado quiropr\u00e1ctico hol\u00edstico en Calhoun, GA<\/h3>\n<p>Inspine Chiropractic and Wellness ofrece numerosas ventajas que pueden mejorar significativamente su comodidad. Nos centramos en un enfoque hol\u00edstico de la salud, dando prioridad a su bienestar general. Uno de los beneficios m\u00e1s inmediatos de nuestras terapias es el alivio de dolores de cabeza, dolor de cuello y migra\u00f1as. Muchos pacientes informan de una notable disminuci\u00f3n en la frecuencia y gravedad de estos problemas despu\u00e9s de comenzar la atenci\u00f3n. Nuestros cualificados quiropr\u00e1cticos utilizan t\u00e9cnicas eficaces para abordar las causas profundas del dolor, proporcionando soluciones duraderas. Adem\u00e1s, las terapias eficaces para la ci\u00e1tica y dolor en las articulaciones es una piedra angular de nuestra pr\u00e1ctica. Entendemos lo debilitante que pueden ser estas condiciones, y nuestro objetivo es ayudarle a recuperar su movilidad y comodidad. Al abordar los problemas subyacentes, nos esforzamos por reducir el dolor y mejorar su movimiento en general. Para aquellos que se recuperan de lesiones, nuestras soluciones no invasivas pueden ayudar en un proceso de recuperaci\u00f3n m\u00e1s r\u00e1pido. Hacemos hincapi\u00e9 en enfoques suaves, pero eficaces que promueven la curaci\u00f3n sin necesidad de procedimientos invasivos.<\/p>\n<h3>Adopte un enfoque hol\u00edstico para una mejor salud<\/h3>\n<p>El cuidado quiropr\u00e1ctico va m\u00e1s all\u00e1 del alivio del dolor; mejora la funci\u00f3n de su sistema nervioso, que es crucial para su salud en general. Esto puede conducir a la mejora de las funciones corporales, una mejor inmunidad, y una mayor calidad de vida. Nos centramos en lograr m\u00e1s comodidad y mayor movilidad. Los pacientes a menudo se encuentran m\u00e1s activos y comprometidos en su d\u00eda a d\u00eda despu\u00e9s de recibir atenci\u00f3n quiropr\u00e1ctica. Esta perspectiva hol\u00edstica no s\u00f3lo aborda las preocupaciones inmediatas, sino que tambi\u00e9n fomenta el bienestar a largo plazo. En resumen, los resultados positivos de la atenci\u00f3n quiropr\u00e1ctica con nosotros son profundos. Desde el alivio del dolor a la promoci\u00f3n de la salud en general, nuestros servicios est\u00e1n dise\u00f1ados para capacitar a usted en su viaje hacia el bienestar.<\/p>\n<p><img decoding=\"async\" class=\"alignnone wp-image-2769 size-full\" src=\"https:\/\/inspinechiro.com\/wp-content\/uploads\/2024\/12\/Chiropractor-Rehabilitation-3.webp\" alt=\"A patient explains his lower back pain to his chiropractor\" width=\"500\" height=\"333\" srcset=\"https:\/\/inspinechiro.com\/wp-content\/uploads\/2024\/12\/Chiropractor-Rehabilitation-3.webp 500w, https:\/\/inspinechiro.com\/wp-content\/uploads\/2024\/12\/Chiropractor-Rehabilitation-3-300x200.webp 300w\" sizes=\"(max-width: 500px) 100vw, 500px\" \/><\/p>\n<h2>Servicios especializados para cada necesidad<\/h2>\n<p>Nuestra pr\u00e1ctica ofrece una gama de servicios especializados dise\u00f1ados para atender las necesidades \u00fanicas de nuestros pacientes en Calhoun, GA. Nuestro objetivo es proporcionar una atenci\u00f3n integral que promueve la recuperaci\u00f3n y mejora el bienestar general.<\/p>\n<h3>Atenci\u00f3n integral para lesiones personales<\/h3>\n<p>Si usted ha sufrido una lesi\u00f3n personal, nuestro equipo quiropr\u00e1ctico est\u00e1 aqu\u00ed para ayudar. Entendemos el peaje f\u00edsico y emocional lesiones pueden tomar. Nuestros planes personalizados para pacientes tienen como objetivo aliviar el dolor y restaurar la funci\u00f3n, lo que le permite volver a sus actividades diarias tan pronto como sea posible.<\/p>\n<h3>Atenci\u00f3n quiropr\u00e1ctica relacionada con el embarazo<\/h3>\n<p>El embarazo puede provocar diversas molestias. Nuestra atenci\u00f3n especializada para las mujeres embarazadas se centra en la gesti\u00f3n de dolor de espalda, molestias p\u00e9lvicas, y otros problemas comunes. Nos esforzamos por crear una experiencia c\u00f3moda que apoye tanto a la madre como al beb\u00e9 en desarrollo, promoviendo un viaje de embarazo m\u00e1s saludable.<\/p>\n<p><img decoding=\"async\" class=\"alignnone wp-image-2766 size-full\" src=\"https:\/\/inspinechiro.com\/wp-content\/uploads\/2024\/12\/Chiropractic-Adjustment-1.webp\" alt=\"A specialist offers an adjustment for a woman suffering from migraines, helping a patient overcome several years of persistent pain.\" width=\"500\" height=\"329\" srcset=\"https:\/\/inspinechiro.com\/wp-content\/uploads\/2024\/12\/Chiropractic-Adjustment-1.webp 500w, https:\/\/inspinechiro.com\/wp-content\/uploads\/2024\/12\/Chiropractic-Adjustment-1-300x197.webp 300w\" sizes=\"(max-width: 500px) 100vw, 500px\" \/><\/p>\n<h3>Correcci\u00f3n postural para mejorar la salud<\/h3>\n<p>Una mala postura puede provocar una serie de problemas de salud. Nuestros quiropr\u00e1cticos est\u00e1n especializados en t\u00e9cnicas de correcci\u00f3n postural cuyo objetivo es realinear la columna vertebral y mejorar la postura general. Este servicio no s\u00f3lo alivia las molestias, sino que tambi\u00e9n mejora la movilidad y reduce el riesgo de futuras lesiones.<\/p>\n<h2>Servicios de bienestar para una vida m\u00e1s sana<\/h2>\n<p>Nos comprometemos a proporcionar servicios especializados que atiendan las diversas necesidades de nuestros pacientes. Tanto si se est\u00e1 recuperando de lesiones por latigazo cervical, buscando alivio durante el embarazo, o simplemente con el objetivo de mejorar su postura, nuestro equipo est\u00e1 aqu\u00ed para apoyarle en su viaje hacia una mejor salud.<\/p>\n<h3>Quiropr\u00e1cticos Calhoun convenientes y accesibles<\/h3>\n<p>Nuestra prioridad es hacer la atenci\u00f3n quiropr\u00e1ctica accesible a todos en el \u00e1rea de Calhoun. Nuestra ubicaci\u00f3n en Dalton, GA est\u00e1 estrat\u00e9gicamente situado para facilitar el acceso, asegurando que usted puede recibir la atenci\u00f3n que necesita sin problemas. Si usted viene de Calhoun, Dalton, o \u00e1reas circundantes, llegar a nosotros es simple. Entendemos que las preocupaciones financieras pueden ser una barrera para recibir la atenci\u00f3n necesaria. Es por eso que ofrecemos opciones de financiaci\u00f3n flexibles adaptadas a varios presupuestos. Nuestro objetivo es proporcionar una atenci\u00f3n de calidad sin el estr\u00e9s de los costos iniciales. Usted puede centrarse en su salud, mientras que le ayudamos en la navegaci\u00f3n de los planes de pago que trabajan para usted. Nuestro equipo est\u00e1 dedicado a asegurar que cada paciente se sienta bienvenido y apoyado. Nos esforzamos por crear un entorno en el que pueda discutir c\u00f3modamente sus preocupaciones y opciones de tratamiento. Al elegir Inspine, usted est\u00e1 seleccionando una cl\u00ednica quiropr\u00e1ctica que valora su bienestar y tiene como objetivo hacer que su viaje hacia la recuperaci\u00f3n lo m\u00e1s suave posible.<\/p>\n<p><img loading=\"lazy\" decoding=\"async\" class=\"alignnone wp-image-2720 size-full\" src=\"https:\/\/inspinechiro.com\/wp-content\/uploads\/2024\/12\/Inspine-Chiropractic-5.webp\" alt=\"An aerial view of Inspine's office, where we provide adjustments and other therapies for our patients.\" width=\"500\" height=\"375\" srcset=\"https:\/\/inspinechiro.com\/wp-content\/uploads\/2024\/12\/Inspine-Chiropractic-5.webp 500w, https:\/\/inspinechiro.com\/wp-content\/uploads\/2024\/12\/Inspine-Chiropractic-5-300x225.webp 300w\" sizes=\"(max-width: 500px) 100vw, 500px\" \/><\/p>\n<h2>Pida cita hoy mismo<\/h2>\n<p>Dar el primer paso hacia una mejor salud es f\u00e1cil. Queremos poner su bienestar en primer lugar y nuestro objetivo es proporcionar un acceso sin fisuras a nuestros servicios quiropr\u00e1cticos. Si usted est\u00e1 tratando con dolor cr\u00f3nico, la recuperaci\u00f3n de una lesi\u00f3n, o la b\u00fasqueda de mejorar su bienestar general, nuestros quiropr\u00e1cticos Calhoun est\u00e1n aqu\u00ed para ayudar. Comience por llegar a nuestra oficina. Puede llamarnos directamente o rellenar nuestro formulario de cita en l\u00ednea. Nuestro gerente de la oficina le ayudar\u00e1 en la selecci\u00f3n de un tiempo que se adapte a su horario. Entendemos que los horarios pueden ser ocupados, por lo que ofrecemos horarios flexibles para adaptarse a sus necesidades. Durante su visita inicial, nuestro equipo de expertos llevar\u00e1 a cabo una evaluaci\u00f3n exhaustiva. Esto nos ayuda a crear un plan de tratamiento personalizado que aborda sus problemas de salud espec\u00edficos. Nuestro objetivo es asegurarnos de que se sienta c\u00f3modo e informado durante todo el proceso. No dejes que el dolor te detenga por m\u00e1s tiempo. P\u00f3ngase en contacto con Inspine Chiropractic and Wellness hoy mismo para reservar su cita. Experimente los beneficios de la atenci\u00f3n quiropr\u00e1ctica y d\u00e9 un paso significativo hacia una vida m\u00e1s saludable y libre de dolor.<\/p>\n","protected":false},"excerpt":{"rendered":"<p>Quiropr\u00e1ctico Calhoun: Soluciones eficaces para su dolor de espalda \u00bfEst\u00e1 buscando un quiropr\u00e1ctico Calhoun? Ofrecemos servicios quiropr\u00e1cticos integrales dise\u00f1ados para abordar una amplia gama de problemas de salud. Nuestro enfoque se centra en la atenci\u00f3n hol\u00edstica que trata el cuerpo como un todo, en lugar de s\u00f3lo s\u00edntomas aislados. Si usted est\u00e1 tratando con dolor [&hellip;]<\/p>\n","protected":false},"author":54,"featured_media":3540,"parent":3667,"menu_order":0,"comment_status":"closed","ping_status":"closed","template":"","meta":{"_acf_changed":false,"_metasync_otto_title":"","_metasync_otto_description":"","_metasync_otto_keywords":"","_metasync_otto_og_title":"","_metasync_otto_og_description":"","_metasync_otto_twitter_title":"","_metasync_otto_twitter_description":"","rank_math_title":"Quiropr\u00e1ctico Calhoun | Alivio del dolor y cuidado del bienestar","rank_math_description":"Experiencia de primera Calhoun quiropr\u00e1ctico en el noroeste de GA. Aliviar el dolor, mejorar la movilidad, y perseguir el bienestar con nuestros servicios quiropr\u00e1cticos. ","_yoast_wpseo_title":"","_yoast_wpseo_metadesc":"","_aioseo_title":"","_aioseo_description":"","_metasync_seo_title":"","_metasync_seo_desc":"","_metasync_otto_disabled":"","footnotes":""},"class_list":["post-3675","page","type-page","status-publish","has-post-thumbnail","hentry"],"acf":[],"_links":{"self":[{"href":"https:\/\/inspinechiro.com\/es\/wp-json\/wp\/v2\/pages\/3675","targetHints":{"allow":["GET"]}}],"collection":[{"href":"https:\/\/inspinechiro.com\/es\/wp-json\/wp\/v2\/pages"}],"about":[{"href":"https:\/\/inspinechiro.com\/es\/wp-json\/wp\/v2\/types\/page"}],"author":[{"embeddable":true,"href":"https:\/\/inspinechiro.com\/es\/wp-json\/wp\/v2\/users\/54"}],"replies":[{"embeddable":true,"href":"https:\/\/inspinechiro.com\/es\/wp-json\/wp\/v2\/comments?post=3675"}],"version-history":[{"count":2,"href":"https:\/\/inspinechiro.com\/es\/wp-json\/wp\/v2\/pages\/3675\/revisions"}],"predecessor-version":[{"id":3677,"href":"https:\/\/inspinechiro.com\/es\/wp-json\/wp\/v2\/pages\/3675\/revisions\/3677"}],"up":[{"embeddable":true,"href":"https:\/\/inspinechiro.com\/es\/wp-json\/wp\/v2\/pages\/3667"}],"wp:featuredmedia":[{"embeddable":true,"href":"https:\/\/inspinechiro.com\/es\/wp-json\/wp\/v2\/media\/3540"}],"wp:attachment":[{"href":"https:\/\/inspinechiro.com\/es\/wp-json\/wp\/v2\/media?parent=3675"}],"curies":[{"name":"wp","href":"https:\/\/api.w.org\/{rel}","templated":true}]}}