{"id":3696,"date":"2024-12-06T15:20:22","date_gmt":"2024-12-06T20:20:22","guid":{"rendered":"https:\/\/inspinechiro.com\/dalton\/dalton-accidente-de-coche-quiropractico\/"},"modified":"2024-12-20T05:20:32","modified_gmt":"2024-12-20T10:20:32","slug":"dalton-accidente-de-coche-quiropractico","status":"publish","type":"page","link":"https:\/\/inspinechiro.com\/es\/dalton\/dalton-accidente-de-coche-quiropractico\/","title":{"rendered":"Dalton accidente de coche quiropr\u00e1ctico"},"content":{"rendered":"<h2>Dalton accidente de coche quiropr\u00e1ctico: Encuentre alivio hoy<\/h2>\n<p>Los accidentes automovil\u00edsticos pueden tener un profundo efecto en su salud f\u00edsica. Incluso las colisiones menores pueden dar lugar a lesiones importantes que pueden no ser inmediatamente evidentes. Los problemas comunes incluyen latigazo cervical, lesiones de tejidos blandos y dolor en las articulaciones. Estas lesiones pueden manifestarse como dolor de cuello, molestias en la espalda o dolor irradiado que afecta a su vida diaria. La fuerza de una colisi\u00f3n puede provocar desajustes en la columna vertebral y otras estructuras musculoesquel\u00e9ticas. Esta desalineaci\u00f3n puede provocar dolor y molestias continuas si no se trata a tiempo. Incluso si ha sufrido una colisi\u00f3n a baja velocidad, \u00a1podr\u00eda resultar lesionado! El da\u00f1o a su columna vertebral tambi\u00e9n podr\u00eda causar graves molestias.<\/p>\n<p><img fetchpriority=\"high\" decoding=\"async\" class=\"alignnone wp-image-2584 size-full\" src=\"https:\/\/inspinechiro.com\/wp-content\/uploads\/2024\/12\/neck-pain-relief-chiropractic-treatment-dalton-1.webp\" alt=\"A woman in Dalton, GA cradles her neck after becoming injured in a car crash. The wrecked car is visible in the background.\" width=\"500\" height=\"264\" srcset=\"https:\/\/inspinechiro.com\/wp-content\/uploads\/2024\/12\/neck-pain-relief-chiropractic-treatment-dalton-1.webp 500w, https:\/\/inspinechiro.com\/wp-content\/uploads\/2024\/12\/neck-pain-relief-chiropractic-treatment-dalton-1-300x158.webp 300w\" sizes=\"(max-width: 500px) 100vw, 500px\" \/><\/p>\n<h2>El papel de la atenci\u00f3n quiropr\u00e1ctica despu\u00e9s de un accidente de coche<\/h2>\n<p>La atenci\u00f3n quiropr\u00e1ctica desempe\u00f1a un papel vital en la recuperaci\u00f3n. Los quiropr\u00e1cticos especializados se centran en restaurar la alineaci\u00f3n adecuada de la columna vertebral y reducir la tensi\u00f3n muscular. Utilizan diversas t\u00e9cnicas, como ajustes de la columna vertebral y terapias de tejidos blandos, para aliviar el dolor y promover la curaci\u00f3n. Al abordar la ra\u00edz de los s\u00edntomas, el tratamiento quiropr\u00e1ctico le ayuda a recuperarse. Tome medidas proactivas hacia la recuperaci\u00f3n y recupere el control sobre su comodidad poni\u00e9ndose en contacto con un quiropr\u00e1ctico de confianza en Dalton. \u00a1El alivio del dolor a trav\u00e9s de la atenci\u00f3n quiropr\u00e1ctica podr\u00eda estar m\u00e1s cerca y m\u00e1s asequible de lo que piensas!<\/p>\n<h2>C\u00f3mo Inspine Quiropr\u00e1ctica y Bienestar puede ayudar<\/h2>\n<p>Los quiropr\u00e1cticos en Inspine quiropr\u00e1ctica y bienestar en Dalton, GA, se especializan en la prestaci\u00f3n de atenci\u00f3n espec\u00edfica para las personas que se recuperan de lesiones por accidente de coche. Nuestro equipo entiende el peaje f\u00edsico y emocional de estos accidentes pueden tomar. Es por eso que nos centramos en la entrega de un tratamiento eficaz adaptado a sus necesidades espec\u00edficas. Nuestro enfoque comienza con una evaluaci\u00f3n exhaustiva de su condici\u00f3n. Evaluamos no s\u00f3lo sus s\u00edntomas inmediatos, sino tambi\u00e9n cualquier problema subyacente que pueda afectar a su recuperaci\u00f3n. Esta evaluaci\u00f3n exhaustiva nos permite crear un plan de atenci\u00f3n quiropr\u00e1ctica personalizada dise\u00f1ada para hacer frente a su situaci\u00f3n \u00fanica. La atenci\u00f3n quiropr\u00e1ctica desempe\u00f1a un papel vital en la recuperaci\u00f3n de lesiones por accidente de coche. Nuestros quiropr\u00e1cticos bien entrenados utilizan ajustes de la columna, terapias de tejidos blandos, y otras t\u00e9cnicas no invasivas para aliviar el dolor, reducir la inflamaci\u00f3n y mejorar la movilidad. Al centrarse en la causa ra\u00edz de su malestar, le ayudamos a lograr un alivio duradero.<\/p>\n<h2>Algo m\u00e1s que tratamientos para lesiones por latigazo cervical<\/h2>\n<p>Adem\u00e1s de tratar lesiones como el latigazo cervical, el dolor de cuello y el dolor de espalda, nuestro enfoque hol\u00edstico promueve el bienestar general. Nuestro objetivo es restaurar el equilibrio de su cuerpo, lo que le permite volver a sus actividades diarias con confianza y comodidad. Nuestro compromiso con su recuperaci\u00f3n se refleja en nuestra atenci\u00f3n continua y apoyo durante todo el proceso de curaci\u00f3n. Cuando usted elige Inspine Quiropr\u00e1ctica y Bienestar, usted tiene acceso a un dedicado equipo de profesionales que dan prioridad a su bienestar. Entendemos que el viaje de cada paciente es diferente, y estamos aqu\u00ed para guiarle en cada paso del camino. Perm\u00edtanos ayudarle a recuperar su calidad de vida despu\u00e9s de un accidente de coche.<\/p>\n<p><img decoding=\"async\" class=\"alignnone wp-image-2581 size-full\" src=\"https:\/\/inspinechiro.com\/wp-content\/uploads\/2024\/12\/dalton-car-accident-chiropractor-pain-relief.webp\" alt=\"A chiropractor in Dalton discussing treatment options with a patient after an auto accident, including spinal manipulation and chiropractic adjustment, highlighting the benefits of chiropractor for neck pain and injuries.\" width=\"500\" height=\"334\" srcset=\"https:\/\/inspinechiro.com\/wp-content\/uploads\/2024\/12\/dalton-car-accident-chiropractor-pain-relief.webp 500w, https:\/\/inspinechiro.com\/wp-content\/uploads\/2024\/12\/dalton-car-accident-chiropractor-pain-relief-300x200.webp 300w\" sizes=\"(max-width: 500px) 100vw, 500px\" \/><\/p>\n<h2>Beneficios de elegir Inspine Quiropr\u00e1ctica y Bienestar<\/h2>\n<p><img decoding=\"async\" class=\"alignnone wp-image-2966\" src=\"https:\/\/inspinechiro.com\/wp-content\/uploads\/2024\/12\/InSpine-Back-2.webp\" alt=\"Physical and Holistic Recovery from Car Accident Injuries\" width=\"637\" height=\"796\" srcset=\"https:\/\/inspinechiro.com\/wp-content\/uploads\/2024\/12\/InSpine-Back-2.webp 800w, https:\/\/inspinechiro.com\/wp-content\/uploads\/2024\/12\/InSpine-Back-2-240x300.webp 240w, https:\/\/inspinechiro.com\/wp-content\/uploads\/2024\/12\/InSpine-Back-2-768x960.webp 768w\" sizes=\"(max-width: 637px) 100vw, 637px\" \/><\/p>\n<p>Elegir Inspine Quiropr\u00e1ctica y Bienestar significa optar por un camino que da prioridad a su recuperaci\u00f3n y bienestar, si usted est\u00e1 buscando alivio para el dolor de cuello, dolor de espalda, o cualquier otra preocupaci\u00f3n espinal. Nuestra cl\u00ednica ofrece una gama de beneficios dise\u00f1ados para apoyar su recuperaci\u00f3n espinal despu\u00e9s de un accidente de auto.<\/p>\n<h3>Alivio espec\u00edfico del dolor sin medicaci\u00f3n<\/h3>\n<p>Mientras que visitar a un m\u00e9dico despu\u00e9s de un accidente de coche es importante para hacer frente a su dolor inmediato y lesiones, tambi\u00e9n no es la \u00fanica manera de tratar su dolor y malestar. Usted puede evitar medicamentos costosos y potencialmente adictivos para aliviar el dolor eligiendo el cuidado quiropr\u00e1ctico de Inspine en Dalton, GA. Es nuestro objetivo ayudar a las personas a experimentar alivio del dolor a largo plazo. Nuestro enfoque se centra en proporcionar alivio del dolor espec\u00edfico a trav\u00e9s de ajustes quiropr\u00e1cticos y terapias. Al abordar las causas fundamentales del dolor, le ayudamos a experimentar alivio sin depender de medicamentos que pueden tener efectos secundarios no deseados. Nuestros talentosos quiropr\u00e1cticos utilizan t\u00e9cnicas que tienen como objetivo reducir la inflamaci\u00f3n y la tensi\u00f3n muscular, permitiendo que su cuerpo se cure de forma natural.<\/p>\n<h3>Curaci\u00f3n m\u00e1s r\u00e1pida y movilidad mejorada<\/h3>\n<p>Con nuestro cuidado quiropr\u00e1ctico personalizado, los pacientes a menudo notan tiempos de curaci\u00f3n m\u00e1s r\u00e1pidos. Nuestros quiropr\u00e1cticos trabajan para restaurar la movilidad y la funci\u00f3n, que es crucial despu\u00e9s de sufrir lesiones de un accidente de coche. Entendemos que las necesidades de cada paciente son diferentes, por lo que adaptar nuestros tratamientos para adaptarse a su condici\u00f3n espec\u00edfica, la promoci\u00f3n de una recuperaci\u00f3n m\u00e1s r\u00e1pida y una mejor movilidad general.<\/p>\n<h3>Prevenci\u00f3n de complicaciones a largo plazo de las lesiones por accidente de coche<\/h3>\n<p>Buscar atenci\u00f3n quiropr\u00e1ctica poco despu\u00e9s de un accidente de coche puede ayudar a prevenir complicaciones a largo plazo. Muchas personas pueden no darse cuenta de la magnitud de sus lesiones de inmediato. Nuestras evaluaciones exhaustivas identificar los problemas subyacentes que podr\u00edan conducir a dolor cr\u00f3nico si no se trata. Al abordar estas preocupaciones temprano, nuestro objetivo es salvaguardar su salud a largo plazo y mejorar su calidad de vida. En Inspine Chiropractic and Wellness nos dedicamos a guiarle en su camino hacia la recuperaci\u00f3n. Nuestro compromiso con su bienestar se refleja en todos los aspectos de nuestra atenci\u00f3n.<\/p>\n<h2>Nuestras caracter\u00edsticas \u00fanicas y experiencia<\/h2>\n<h3>Personal biling\u00fce para una atenci\u00f3n accesible<\/h3>\n<p>La comunicaci\u00f3n es vital en la asistencia sanitaria. Nuestro equipo biling\u00fce trabaja para ayudar tanto a los pacientes que hablan ingl\u00e9s como a los que hablan espa\u00f1ol, asegur\u00e1ndose de que todos reciben el apoyo que necesitan. Despu\u00e9s de todo, el alivio del dolor no conoce barreras ling\u00fc\u00edsticas y la salud de su columna vertebral no es algo que deba ignorar. Esta accesibilidad ayuda a crear un ambiente c\u00f3modo para todos, lo que permite una mejor comprensi\u00f3n y compromiso en sus reg\u00edmenes de tratamiento. De abordar la mala postura para ayudar a reducir el dolor real de las personas, estamos dedicados a conseguir que la gente en Dalton, GA el alivio que se merecen, independientemente de qu\u00e9 idioma hablan.<\/p>\n<h3>Diagn\u00f3stico avanzado para un tratamiento preciso<\/h3>\n<p>Utilizamos herramientas de diagn\u00f3stico de vanguardia para evaluar las lesiones con precisi\u00f3n. Las radiograf\u00edas digitales y las evaluaciones exhaustivas nos ayudan a identificar la causa ra\u00edz de su dolor. Esta informaci\u00f3n es crucial para formular una estrategia de tratamiento eficaz para una atenci\u00f3n personalizada que aborde sus necesidades espec\u00edficas y mejore su proceso de recuperaci\u00f3n.<\/p>\n<h3>Opciones de financiaci\u00f3n flexibles para todos los pacientes<\/h3>\n<p>Entendemos que las preocupaciones financieras pueden ser una barrera para recibir atenci\u00f3n. Es por eso que ofrecemos opciones de financiaci\u00f3n flexibles para dar cabida a diversos presupuestos. Nuestro objetivo es hacer que el tratamiento quiropr\u00e1ctico sea accesible para todos, asegurando que las limitaciones financieras no obstaculicen su camino hacia la recuperaci\u00f3n. Estas caracter\u00edsticas \u00fanicas contribuyen a un enfoque integral, centrado en el paciente en Inspine Quiropr\u00e1ctica y Bienestar. Estamos dedicados a ayudarle a recuperar su comodidad y bienestar despu\u00e9s de un accidente de coche.<\/p>\n<p><img loading=\"lazy\" decoding=\"async\" class=\"alignnone wp-image-2577 size-full\" src=\"https:\/\/inspinechiro.com\/wp-content\/uploads\/2024\/12\/skilled-chiropractors-in-dalton-ga-optimizing-health-1-1.webp\" alt=\"A Dalton chiropractor explains the effects of musculoskeletal issues on the body for a patient in the background. A model of a human spine is visible in the foreground, indicating how the chiropractor plans to treat the neck pain.\" width=\"500\" height=\"330\" srcset=\"https:\/\/inspinechiro.com\/wp-content\/uploads\/2024\/12\/skilled-chiropractors-in-dalton-ga-optimizing-health-1-1.webp 500w, https:\/\/inspinechiro.com\/wp-content\/uploads\/2024\/12\/skilled-chiropractors-in-dalton-ga-optimizing-health-1-1-300x198.webp 300w\" sizes=\"(max-width: 500px) 100vw, 500px\" \/><\/p>\n<h2>Conozca a nuestro experimentado equipo<\/h2>\n<p>Aqu\u00ed, nuestro equipo est\u00e1 formado por quiropr\u00e1cticos con conocimientos dedicados a su bienestar. Cada quiropr\u00e1ctico aporta a\u00f1os de experiencia en el tratamiento de lesiones por accidente de coche. Ellos est\u00e1n bien versados en los matices de la gesti\u00f3n del dolor y la recuperaci\u00f3n. Nuestros profesionales entienden los retos espec\u00edficos a los que se enfrentan los que se recuperan de accidentes de coche. Ellos dan prioridad a su bienestar y comodidad en cada sesi\u00f3n.<\/p>\n<h3>Nuestro compromiso con la atenci\u00f3n centrada en el paciente<\/h3>\n<p>Estamos orgullosos de ofrecer una atenci\u00f3n centrada en el paciente. Nuestro enfoque asegura que usted reciba un alivio duradero adaptado a sus necesidades individuales. Despu\u00e9s de todo, el dolor de cada persona es diferente. Cada plan de tratamiento se adapta a sus circunstancias particulares. Esta atenci\u00f3n personalizada ayuda a abordar las causas fundamentales de su dolor, promoviendo mejores resultados de recuperaci\u00f3n. Esto se aplica si usted est\u00e1 sufriendo de dolor causado por un accidente de auto, lesiones deportivas, o cualquier otra cosa. Nuestro compromiso va m\u00e1s all\u00e1 del tratamiento de lesiones. Nuestros quiropr\u00e1cticos se centran en su bienestar general. Ellos le guiar\u00e1n a trav\u00e9s del proceso de recuperaci\u00f3n, ofreciendo apoyo y educaci\u00f3n a lo largo del camino. Usted puede confiar en nuestro equipo para estar con usted en cada paso, asegurando que lograr una salud \u00f3ptima despu\u00e9s de su accidente de coche.<\/p>\n<h2>Programe hoy su consulta gratuita<\/h2>\n<p>Tomar el primer paso hacia la recuperaci\u00f3n es esencial despu\u00e9s de experimentar un accidente de coche. Apreciamos profundamente la importancia de hacer frente a sus lesiones con prontitud. \u00a1El dolor no espera s\u00f3lo porque usted lo pide! Nuestro equipo est\u00e1 dedicado a proporcionarle la atenci\u00f3n que necesita para sanar eficazmente. Ya sea a trav\u00e9s de la reducci\u00f3n de la tensi\u00f3n, el fomento de una mejor postura a trav\u00e9s de ajustes regulares, o ayudar a abordar el dolor de las lesiones por accidente de auto, estamos aqu\u00ed para ayudar. La programaci\u00f3n de una consulta gratuita es simple. Puede ponerse en contacto con nosotros a trav\u00e9s del tel\u00e9fono o nuestro sitio web. Durante esta reuni\u00f3n inicial, vamos a discutir sus lesiones y preocupaciones espec\u00edficas. Se tarda muy poco tiempo para programar una reuni\u00f3n con un quiropr\u00e1ctico Dalton y comenzar su viaje a una vida m\u00e1s c\u00f3moda. Nuestros quiropr\u00e1cticos expertos evaluar\u00e1 su condici\u00f3n y ofrecer atenci\u00f3n quiropr\u00e1ctica integral planes de tratamiento adaptados a sus necesidades. Esta es su oportunidad de hacer preguntas y obtener informaci\u00f3n sobre c\u00f3mo los ajustes quiropr\u00e1cticos pueden apoyar su recuperaci\u00f3n.<\/p>\n<p><img loading=\"lazy\" decoding=\"async\" class=\"alignnone wp-image-2575 size-full\" src=\"https:\/\/inspinechiro.com\/wp-content\/uploads\/2024\/12\/shutterstock_2504912121.webp\" alt=\"A Dalton chiropractor performs an adjustment on a patient's back, helping her recover from whiplash pain stemming from a recent car accident.\" width=\"500\" height=\"333\" srcset=\"https:\/\/inspinechiro.com\/wp-content\/uploads\/2024\/12\/shutterstock_2504912121.webp 500w, https:\/\/inspinechiro.com\/wp-content\/uploads\/2024\/12\/shutterstock_2504912121-300x200.webp 300w\" sizes=\"(max-width: 500px) 100vw, 500px\" \/><\/p>\n<h3>P\u00f3ngase en contacto con nosotros para comenzar su viaje a una vida libre de dolor<\/h3>\n<p>Convenientemente situado en Dalton, Georgia, nuestra cl\u00ednica es de f\u00e1cil acceso para los residentes de la zona. Damos prioridad a su comodidad y bienestar, asegur\u00e1ndose de que su visita es tan suave como sea posible. No deje que el dolor dictar su vida diaria. Tome medidas ahora y comenzar su viaje hacia la mejora de la salud. a en <a href=\"\/contact\" class=\"call-now-link\">Call Now<\/a> o introduzca su informaci\u00f3n en l\u00ednea para programar su consulta gratuita. Su camino hacia una vida sin dolor comienza aqu\u00ed.<\/p>\n<p>&nbsp;<\/p>\n","protected":false},"excerpt":{"rendered":"<p>Dalton accidente de coche quiropr\u00e1ctico: Encuentre alivio hoy Los accidentes automovil\u00edsticos pueden tener un profundo efecto en su salud f\u00edsica. Incluso las colisiones menores pueden dar lugar a lesiones importantes que pueden no ser inmediatamente evidentes. Los problemas comunes incluyen latigazo cervical, lesiones de tejidos blandos y dolor en las articulaciones. Estas lesiones pueden manifestarse [&hellip;]<\/p>\n","protected":false},"author":54,"featured_media":3463,"parent":3664,"menu_order":0,"comment_status":"closed","ping_status":"closed","template":"","meta":{"_acf_changed":false,"_metasync_otto_title":"","_metasync_otto_description":"","_metasync_otto_keywords":"","_metasync_otto_og_title":"","_metasync_otto_og_description":"","_metasync_otto_twitter_title":"","_metasync_otto_twitter_description":"","rank_math_title":"Accidente de coche quiropr\u00e1ctico en Dalton GA | Call (706) 890-6250","rank_math_description":"Obtenga atenci\u00f3n experta de un quiropr\u00e1ctico de accidente de coche de confianza en Dalton, GA. \u00a1Aliviar el dolor, tratar lesiones y comenzar su viaje de recuperaci\u00f3n hoy! ","_yoast_wpseo_title":"","_yoast_wpseo_metadesc":"","_aioseo_title":"","_aioseo_description":"","_metasync_seo_title":"","_metasync_seo_desc":"","_metasync_otto_disabled":"","footnotes":""},"class_list":["post-3696","page","type-page","status-publish","has-post-thumbnail","hentry"],"acf":[],"_links":{"self":[{"href":"https:\/\/inspinechiro.com\/es\/wp-json\/wp\/v2\/pages\/3696","targetHints":{"allow":["GET"]}}],"collection":[{"href":"https:\/\/inspinechiro.com\/es\/wp-json\/wp\/v2\/pages"}],"about":[{"href":"https:\/\/inspinechiro.com\/es\/wp-json\/wp\/v2\/types\/page"}],"author":[{"embeddable":true,"href":"https:\/\/inspinechiro.com\/es\/wp-json\/wp\/v2\/users\/54"}],"replies":[{"embeddable":true,"href":"https:\/\/inspinechiro.com\/es\/wp-json\/wp\/v2\/comments?post=3696"}],"version-history":[{"count":2,"href":"https:\/\/inspinechiro.com\/es\/wp-json\/wp\/v2\/pages\/3696\/revisions"}],"predecessor-version":[{"id":3698,"href":"https:\/\/inspinechiro.com\/es\/wp-json\/wp\/v2\/pages\/3696\/revisions\/3698"}],"up":[{"embeddable":true,"href":"https:\/\/inspinechiro.com\/es\/wp-json\/wp\/v2\/pages\/3664"}],"wp:featuredmedia":[{"embeddable":true,"href":"https:\/\/inspinechiro.com\/es\/wp-json\/wp\/v2\/media\/3463"}],"wp:attachment":[{"href":"https:\/\/inspinechiro.com\/es\/wp-json\/wp\/v2\/media?parent=3696"}],"curies":[{"name":"wp","href":"https:\/\/api.w.org\/{rel}","templated":true}]}}