{"id":3699,"date":"2024-12-05T13:43:11","date_gmt":"2024-12-05T18:43:11","guid":{"rendered":"https:\/\/inspinechiro.com\/dalton\/dalton-cuidado-quiropractico-para-ninos\/"},"modified":"2024-12-20T05:28:21","modified_gmt":"2024-12-20T10:28:21","slug":"dalton-cuidado-quiropractico-para-ninos","status":"publish","type":"page","link":"https:\/\/inspinechiro.com\/es\/dalton\/dalton-cuidado-quiropractico-para-ninos\/","title":{"rendered":"Dalton cuidado quiropr\u00e1ctico para ni\u00f1os"},"content":{"rendered":"<h2>Dalton cuidado quiropr\u00e1ctico para ni\u00f1os: Lo que hay que saber<\/h2>\n<p>El cuidado quiropr\u00e1ctico ofrece numerosos beneficios para los ni\u00f1os. Se centra en el mantenimiento de una columna vertebral sana y el sistema nervioso, que es crucial para su desarrollo general, los deportes, o incluso una mala postura. El cuidado quiropr\u00e1ctico es sobre la salud completa del cuerpo y no s\u00f3lo se centra en el alivio de los s\u00edntomas. Nuestro enfoque se centra en dar a los pacientes una buena base para el bienestar, prepar\u00e1ndolos para los rigores de la vida diaria que pueden desgastar la postura y crear problemas con la espalda y la columna vertebral.<\/p>\n<p><img fetchpriority=\"high\" decoding=\"async\" class=\"alignnone wp-image-2543 size-full\" src=\"https:\/\/inspinechiro.com\/wp-content\/uploads\/2024\/12\/dalton-chiropractic-care-for-kids-health.webp\" alt=\"A father secures a backpack on his grade-school-age son. At this age, many kids start playing contact sports and can develop bad posture as their growth continues.\" width=\"500\" height=\"334\" srcset=\"https:\/\/inspinechiro.com\/wp-content\/uploads\/2024\/12\/dalton-chiropractic-care-for-kids-health.webp 500w, https:\/\/inspinechiro.com\/wp-content\/uploads\/2024\/12\/dalton-chiropractic-care-for-kids-health-300x200.webp 300w\" sizes=\"(max-width: 500px) 100vw, 500px\" \/><\/p>\n<p>Las ciencias b\u00e1sicas detr\u00e1s de la atenci\u00f3n quiropr\u00e1ctica puede aliviar el dolor y el malestar, la promoci\u00f3n de una mejor alineaci\u00f3n y funci\u00f3n. Este enfoque no invasivo tambi\u00e9n puede ayudar en la gesti\u00f3n de condiciones como dolores de cabeza o dolores de crecimiento, lo que permite a su hijo a prosperar sin la necesidad de medicaci\u00f3n. Dado que los medicamentos para el dolor tienen efectos secundarios tan profundos, a menudo es ideal para los ni\u00f1os a evitar medidas tan dr\u00e1sticas fuera de los escenarios m\u00e9dicos graves. Por otra parte, la atenci\u00f3n quiropr\u00e1ctica desempe\u00f1a un papel vital en el apoyo al sistema nervioso de su hijo. Un sistema nervioso que funcione bien es esencial para una comunicaci\u00f3n adecuada entre el cerebro y el cuerpo. Esto es especialmente importante durante el desarrollo de un ni\u00f1o. A medida que los ni\u00f1os crecen y se vuelven m\u00e1s activos, esta conexi\u00f3n se pone a prueba m\u00e1s que nunca. A medida que los ni\u00f1os empiezan a llevar mochilas m\u00e1s pesadas, a practicar deportes de contacto y a crecer r\u00e1pidamente, la salud de su columna vertebral se convierte en un imperativo. Tal vez usted mismo haya disfrutado de los beneficios de la atenci\u00f3n quiropr\u00e1ctica y sienta curiosidad por saber si ser\u00eda adecuada para su hijo. Si es as\u00ed, tenga la seguridad de que los ajustes quiropr\u00e1cticos suaves son seguros para los ni\u00f1os y pueden ayudarles a controlar el dolor de su cuerpo en crecimiento. \u00a1Si usted no ha experimentado los ajustes quiropr\u00e1cticos, tambi\u00e9n le animamos a probarlo para ayudar con sus propias necesidades \u00fanicas! Nunca es demasiado pronto para considerar la salud de su columna vertebral.<\/p>\n<p><img decoding=\"async\" class=\"alignnone wp-image-2544 size-full\" src=\"https:\/\/inspinechiro.com\/wp-content\/uploads\/2024\/12\/chiropractic-adjustments-childs-development.webp\" alt=\"A grade-school-age girl swings her backpack at her side as she walks to school. Wearing heavier backpacks can even present developmental challenges for children, from grade school all the way through high school graduates.\" width=\"500\" height=\"281\" srcset=\"https:\/\/inspinechiro.com\/wp-content\/uploads\/2024\/12\/chiropractic-adjustments-childs-development.webp 500w, https:\/\/inspinechiro.com\/wp-content\/uploads\/2024\/12\/chiropractic-adjustments-childs-development-300x169.webp 300w\" sizes=\"(max-width: 500px) 100vw, 500px\" \/><\/p>\n<h2>Inspine Quiropr\u00e1ctica y Bienestar: Su socio de confianza<\/h2>\n<p><img decoding=\"async\" class=\"alignnone wp-image-3005\" src=\"https:\/\/inspinechiro.com\/wp-content\/uploads\/2024\/12\/ChiroKids-1.webp\" alt=\"Chiropractic Care for Kids\" width=\"634\" height=\"852\" srcset=\"https:\/\/inspinechiro.com\/wp-content\/uploads\/2024\/12\/ChiroKids-1.webp 800w, https:\/\/inspinechiro.com\/wp-content\/uploads\/2024\/12\/ChiroKids-1-223x300.webp 223w, https:\/\/inspinechiro.com\/wp-content\/uploads\/2024\/12\/ChiroKids-1-762x1024.webp 762w, https:\/\/inspinechiro.com\/wp-content\/uploads\/2024\/12\/ChiroKids-1-768x1032.webp 768w\" sizes=\"(max-width: 634px) 100vw, 634px\" \/><\/p>\n<p>Inspine Chiropractic and Wellness considera especial a cada nuevo paciente. Desde ni\u00f1os de primaria hasta estudiantes de secundaria, creemos que nuestros servicios ofrecen algo importante para los pacientes de cualquier edad. Nuestro equipo se especializa en la atenci\u00f3n quiropr\u00e1ctica pedi\u00e1trica, centr\u00e1ndose en los beneficios \u00fanicos que ofrece para los ni\u00f1os. Estamos comprometidos a proporcionar atenci\u00f3n quiropr\u00e1ctica de primera categor\u00eda que promueve la salud y el bienestar general. Nuestros quiropr\u00e1cticos expertos tienen una amplia formaci\u00f3n en el desarrollo del ni\u00f1o y las exigencias f\u00edsicas espec\u00edficas que los ni\u00f1os se enfrentan. Si su hijo est\u00e1 experimentando molestias por el uso de mochilas m\u00e1s pesadas o est\u00e1 tratando con los efectos de una mala postura o t\u00fanel carpiano, estamos aqu\u00ed para ayudar. Preferimos utilizar un enfoque hol\u00edstico que aborde las causas subyacentes y no s\u00f3lo los s\u00edntomas. Es vital que los ni\u00f1os crezcan sin impedimentos por cosas como dolor de espalda, dolor de cuello o molestias por dolores de crecimiento. Creemos en la construcci\u00f3n de relaciones s\u00f3lidas con las familias. Esta asociaci\u00f3n nos permite comprender mejor las necesidades y retos individuales de su hijo. Despu\u00e9s de todo, traer a su hijo a una consulta quiropr\u00e1ctica significa depositar mucha confianza en nuestros profesionales. Apreciamos esto y entendemos que un tratamiento suave y no invasivo es la mejor manera de dar a los ni\u00f1os una gran base para la salud de la columna vertebral.<\/p>\n<h2>Ajustes quiropr\u00e1cticos personalizados para las necesidades \u00fanicas de su hijo<\/h2>\n<p>Reconocemos que cada ni\u00f1o es diferente. Nuestro enfoque de la atenci\u00f3n quiropr\u00e1ctica para los ni\u00f1os se centra en proporcionar una atenci\u00f3n personalizada que se ocupa de las necesidades espec\u00edficas de cada ni\u00f1o. Nos tomamos el tiempo para entender el historial m\u00e9dico de su hijo, estilo de vida, y cualquier desaf\u00edo que puedan enfrentar. Esto nos permite crear un plan de tratamiento personalizado que se adapte a sus necesidades. No se trata de una talla \u00fanica. Cada paciente tiene sus propios problemas y requiere su propio plan de tratamiento. Por eso nuestras avanzadas capacidades de diagn\u00f3stico por imagen son tan importantes para la creaci\u00f3n de nuestros reg\u00edmenes. Nuestras valoraciones integrales incluyen evaluaciones detalladas para identificar cualquier problema subyacente. Tenemos en cuenta factores como la postura, las actividades f\u00edsicas y los hitos del desarrollo. Queremos darles las mejores oportunidades para crecer, desarrollarse y prosperar con una buena base para su salud durante toda la vida. Este conocimiento exhaustivo nos ayuda a adaptar nuestros tratamientos para apoyar eficazmente el crecimiento y el desarrollo de su hijo.<\/p>\n<p><img loading=\"lazy\" decoding=\"async\" class=\"alignnone wp-image-2546 size-full\" src=\"https:\/\/inspinechiro.com\/wp-content\/uploads\/2024\/12\/top-notch-chiropractic-care-for-children-.webp\" alt=\"A friendly-looking chiropractor holds a clipboard while resting on a padded table.\" width=\"500\" height=\"333\" srcset=\"https:\/\/inspinechiro.com\/wp-content\/uploads\/2024\/12\/top-notch-chiropractic-care-for-children-.webp 500w, https:\/\/inspinechiro.com\/wp-content\/uploads\/2024\/12\/top-notch-chiropractic-care-for-children--300x200.webp 300w\" sizes=\"(max-width: 500px) 100vw, 500px\" \/><\/p>\n<h2>Garantizamos el desarrollo y el bienestar de su hijo<\/h2>\n<p>Nuestras terapias no invasivas dan prioridad a la comodidad y el crecimiento de su hijo. Nuestro cuidado quiropr\u00e1ctico pedi\u00e1trico se centra en apoyar a su hijo a trav\u00e9s de etapas cruciales de crecimiento. La infancia es un momento de cambio para el cuerpo, ya que los ni\u00f1os golpean los brotes de crecimiento y hacer frente a todo, desde dolores de crecimiento a las lesiones de los deportes y juegos al aire libre. Despu\u00e9s de todo, los juegos bruscos y los deportes de contacto son pasatiempos cl\u00e1sicos de los ni\u00f1os, y pueden causarles dolores duraderos si no se tratan correctamente. Los ajustes quiropr\u00e1cticos regulares pueden ayudar a tratar cualquier desalineaci\u00f3n que pueda producirse durante estas fases de desarrollo. Este enfoque proactivo puede ayudar a prevenir posibles problemas antes de que se agraven. Esto puede preservar la postura de los ni\u00f1os y ayudarles a crecer de una manera saludable. Sin la atenci\u00f3n adecuada, los ni\u00f1os pueden desarrollar una mala postura y encontrar complicaciones que van desde dolor de espalda a problemas con su marcha. La atenci\u00f3n quiropr\u00e1ctica puede eliminar estos problemas por completo, centr\u00e1ndose en las causas fundamentales del dolor. Nuestros procedimientos suaves y no invasivos pueden dar a los ni\u00f1os una base s\u00f3lida para una vida de salud de la columna vertebral.<\/p>\n<h3>Atenci\u00f3n biling\u00fce<\/h3>\n<p>Entendemos la importancia de la comunicaci\u00f3n en la atenci\u00f3n adecuada. Nuestra pr\u00e1ctica se enorgullece de una dedicaci\u00f3n a la curaci\u00f3n que se puede ver en nuestro personal biling\u00fce. Despu\u00e9s de todo, todo el mundo merece tener acceso a una atenci\u00f3n quiropr\u00e1ctica de calidad, independientemente de su idioma. Queremos dar a nuestros pacientes la mejor oportunidad para un futuro saludable, y que incluye ser capaz de discutir sus s\u00edntomas y estilo de vida con nuestros quiropr\u00e1cticos.<\/p>\n<p><img loading=\"lazy\" decoding=\"async\" class=\"alignnone wp-image-2539 size-full\" src=\"https:\/\/inspinechiro.com\/wp-content\/uploads\/2024\/12\/Inspine-Chiropractic.webp\" alt=\"An aerial view of Inspine, a chiropractor practice in Dalton, Georgia.\" width=\"500\" height=\"375\" srcset=\"https:\/\/inspinechiro.com\/wp-content\/uploads\/2024\/12\/Inspine-Chiropractic.webp 500w, https:\/\/inspinechiro.com\/wp-content\/uploads\/2024\/12\/Inspine-Chiropractic-300x225.webp 300w\" sizes=\"(max-width: 500px) 100vw, 500px\" \/><\/p>\n<h2>Cuidado conveniente y accesible en Dalton<\/h2>\n<p>Inspine Chiropractic and Wellness entiende que las familias ocupadas necesitan un acceso conveniente a una atenci\u00f3n de calidad. Situado en Dalton, Georgia, nuestra cl\u00ednica est\u00e1 dise\u00f1ada con las necesidades de su familia en mente. \u00a1Estamos ubicados cerca de Rocky Face, Calhoun, y otras ciudades por lo que es f\u00e1cil visitarnos en cualquier momento! Adem\u00e1s, reconocemos que las preocupaciones financieras pueden ser una barrera para acceder a la atenci\u00f3n. Es por eso que ofrecemos financiaci\u00f3n flexible y opciones de pago. En lugar de discutir con las compa\u00f1\u00edas de seguros o preocuparse por conseguir una referencia de un m\u00e9dico de cabecera, estamos encantados de programar una cita y trabajar con usted para adaptarse a su ajetreada vida y su presupuesto. Estamos dedicados a apoyar a su hijo a trav\u00e9s de su viaje a una mejor postura y una vida m\u00e1s feliz. Nuestra misi\u00f3n es ayudar a mejorar las vidas de nuestros pacientes mediante el apoyo a su salud y comodidad.<\/p>\n<h3>Programe una consulta sin compromiso<\/h3>\n<p>Inspine Chiropractic and Wellness se enorgullece de su dedicaci\u00f3n a la salud de todo el cuerpo que comienza con un enfoque en la columna vertebral. Dar el primer paso hacia la comodidad de su hijo es f\u00e1cil. Le invitamos a programar una consulta sin compromiso. Esta visita inicial le permite discutir las preocupaciones espec\u00edficas de su hijo con nuestro experimentado equipo. Durante esta consulta, vamos a evaluar la situaci\u00f3n espec\u00edfica de su hijo y explicar las ventajas potenciales de la atenci\u00f3n quiropr\u00e1ctica. Nuestro objetivo es crear un ambiente c\u00f3modo donde usted puede hacer preguntas y aprender m\u00e1s acerca de las opciones de tratamiento disponibles. Estamos aqu\u00ed para ayudarle a entender su salud espinal, apoyando su camino hacia una mejor postura y m\u00e1s comodidad.<\/p>\n<h2>Empiece hoy mismo el viaje de su hijo hacia una mejor salud<\/h2>\n<p>No espere para darle a su hijo los cuidados que se merece. Toda una vida de salud comienza en la infancia. Tenemos la experiencia para ayudar a establecer a sus hijos para una vida de buena postura y la salud adecuada de la columna vertebral. P\u00f3ngase en contacto con nosotros hoy para programar su consulta y descubrir c\u00f3mo nuestro equipo de expertos puede apoyar el viaje de su hijo a una vida mejor.<\/p>\n","protected":false},"excerpt":{"rendered":"<p>Dalton cuidado quiropr\u00e1ctico para ni\u00f1os: Lo que hay que saber El cuidado quiropr\u00e1ctico ofrece numerosos beneficios para los ni\u00f1os. Se centra en el mantenimiento de una columna vertebral sana y el sistema nervioso, que es crucial para su desarrollo general, los deportes, o incluso una mala postura. El cuidado quiropr\u00e1ctico es sobre la salud completa [&hellip;]<\/p>\n","protected":false},"author":54,"featured_media":3421,"parent":3664,"menu_order":0,"comment_status":"closed","ping_status":"closed","template":"","meta":{"_acf_changed":false,"_metasync_otto_title":"","_metasync_otto_description":"","_metasync_otto_keywords":"","_metasync_otto_og_title":"","_metasync_otto_og_description":"","_metasync_otto_twitter_title":"","_metasync_otto_twitter_description":"","rank_math_title":"Cuidado Quiropr\u00e1ctico Para Ni\u00f1os | Quiropr\u00e1ctico Familiar en Dalton","rank_math_description":"Explore soluciones quiropr\u00e1cticas suaves para la salud y el bienestar de los ni\u00f1os. Descubra c\u00f3mo la atenci\u00f3n quiropr\u00e1ctica Dalton para los ni\u00f1os puede apoyar a su familia.  ","_yoast_wpseo_title":"","_yoast_wpseo_metadesc":"","_aioseo_title":"","_aioseo_description":"","_metasync_seo_title":"","_metasync_seo_desc":"","_metasync_breadcrumb_title":"","_metasync_primary_category":0,"_metasync_primary_product_cat":0,"_metasync_otto_disabled":"","_metasync_hreflang":"","_metasync_plugin_sync_ts":"","_metasync_robots_advanced":"","footnotes":""},"class_list":["post-3699","page","type-page","status-publish","has-post-thumbnail","hentry"],"acf":[],"_links":{"self":[{"href":"https:\/\/inspinechiro.com\/es\/wp-json\/wp\/v2\/pages\/3699","targetHints":{"allow":["GET"]}}],"collection":[{"href":"https:\/\/inspinechiro.com\/es\/wp-json\/wp\/v2\/pages"}],"about":[{"href":"https:\/\/inspinechiro.com\/es\/wp-json\/wp\/v2\/types\/page"}],"author":[{"embeddable":true,"href":"https:\/\/inspinechiro.com\/es\/wp-json\/wp\/v2\/users\/54"}],"replies":[{"embeddable":true,"href":"https:\/\/inspinechiro.com\/es\/wp-json\/wp\/v2\/comments?post=3699"}],"version-history":[{"count":2,"href":"https:\/\/inspinechiro.com\/es\/wp-json\/wp\/v2\/pages\/3699\/revisions"}],"predecessor-version":[{"id":3701,"href":"https:\/\/inspinechiro.com\/es\/wp-json\/wp\/v2\/pages\/3699\/revisions\/3701"}],"up":[{"embeddable":true,"href":"https:\/\/inspinechiro.com\/es\/wp-json\/wp\/v2\/pages\/3664"}],"wp:featuredmedia":[{"embeddable":true,"href":"https:\/\/inspinechiro.com\/es\/wp-json\/wp\/v2\/media\/3421"}],"wp:attachment":[{"href":"https:\/\/inspinechiro.com\/es\/wp-json\/wp\/v2\/media?parent=3699"}],"curies":[{"name":"wp","href":"https:\/\/api.w.org\/{rel}","templated":true}]}}