{"id":3712,"date":"2024-12-06T13:21:21","date_gmt":"2024-12-06T18:21:21","guid":{"rendered":"https:\/\/inspinechiro.com\/dalton\/dalton-quiropractico\/"},"modified":"2024-12-21T00:49:21","modified_gmt":"2024-12-21T05:49:21","slug":"dalton-quiropractico","status":"publish","type":"page","link":"https:\/\/inspinechiro.com\/es\/dalton\/dalton-quiropractico\/","title":{"rendered":"Dalton Quiropr\u00e1ctico"},"content":{"rendered":"<h2>Quiropr\u00e1ctico en Dalton para el alivio eficaz del dolor y el bienestar<\/h2>\n<p>Descubra Inspine Quiropr\u00e1ctico y Bienestar, donde nos dedicamos a guiarle en su viaje hacia una salud \u00f3ptima. Nuestra cl\u00ednica quiropr\u00e1ctica Dalton ofrece un ambiente acogedor donde su bienestar es nuestra m\u00e1xima prioridad. Entendemos que cada paciente es \u00fanico y ofrecemos una atenci\u00f3n personalizada que se ocupa de sus necesidades espec\u00edficas.<\/p>\n<p><img fetchpriority=\"high\" decoding=\"async\" class=\"alignnone wp-image-2594 size-full\" src=\"https:\/\/inspinechiro.com\/wp-content\/uploads\/2024\/12\/Chiropractor-Visit.webp\" alt=\"A patient lying on a chiropractic table, undergoing treatment for headaches and sciatica, illustrating the favorable effects of chiropractic care and invasive procedures avoidance.\" width=\"500\" height=\"333\" srcset=\"https:\/\/inspinechiro.com\/wp-content\/uploads\/2024\/12\/Chiropractor-Visit.webp 500w, https:\/\/inspinechiro.com\/wp-content\/uploads\/2024\/12\/Chiropractor-Visit-300x200.webp 300w\" sizes=\"(max-width: 500px) 100vw, 500px\" \/><\/p>\n<h2>Bienvenido a Inspine Quiropr\u00e1ctico y Bienestar<\/h2>\n<p>Nuestro equipo de quiropr\u00e1cticos experimentados utiliza la \u00faltima tecnolog\u00eda y t\u00e9cnicas para ofrecer servicios quiropr\u00e1cticos de primera categor\u00eda en nuestra oficina limpia y acogedora. Desde el alivio del dolor a la recuperaci\u00f3n de lesiones, nos centramos en los enfoques que promuevan su salud y bienestar. Si usted est\u00e1 tratando con dolor cr\u00f3nico, la recuperaci\u00f3n de una lesi\u00f3n, o la b\u00fasqueda de mejorar su postura, estamos aqu\u00ed para ayudar. Nuestro compromiso con su salud significa que nos tomamos el tiempo para escuchar y desarrollar un r\u00e9gimen de tratamiento a medida que se alinea con sus objetivos.<\/p>\n<h2>\u00bfPor qu\u00e9 elegir Inspine Quiropr\u00e1ctico en Dalton, GA?<\/h2>\n<p>En la b\u00fasqueda de un quiropr\u00e1ctico Dalton confianza, Inspine quiropr\u00e1ctico y bienestar se destaca por muchas razones. Nuestro compromiso de proporcionar atenci\u00f3n quiropr\u00e1ctica incre\u00edble es evidente en todos los aspectos de nuestra pr\u00e1ctica.<\/p>\n<h3>Cuidado quiropr\u00e1ctico personalizado para una vida sin dolor<\/h3>\n<p>Reconocemos que cada paciente es \u00fanico. Es por eso que nos centramos en los planes de tratamiento personalizado que se adaptan a sus necesidades espec\u00edficas de salud de la columna vertebral. Si usted est\u00e1 buscando el tratamiento del dolor, la recuperaci\u00f3n de una lesi\u00f3n, o la b\u00fasqueda de mejorar su salud en general, nuestro equipo de expertos est\u00e1 aqu\u00ed para guiarlo. Nuestros ajustes quiropr\u00e1cticos est\u00e1n dise\u00f1ados para crear efectos favorables en su cuerpo, promoviendo una vida sin dolor y un mayor bienestar.<\/p>\n<h3>Enfoque hol\u00edstico de la salud y el bienestar<\/h3>\n<p>Creemos en un enfoque amplio que aborde las causas subyacentes de su malestar, ya sea dolor de cuello o lumbalgia. Nuestros servicios van m\u00e1s all\u00e1 del mero alivio del dolor; nuestro objetivo es mejorar su calidad de vida. Le ayudamos a conseguir una salud duradera incorporando estrategias de bienestar a nuestros cuidados. Utilizando la \u00faltima tecnolog\u00eda, llevamos a cabo evaluaciones exhaustivas para diagnosticar con precisi\u00f3n su condici\u00f3n. Nuestros diagn\u00f3sticos avanzados, incluyendo radiograf\u00edas digitales, nos permiten crear planes de tratamiento eficaces adaptados a su situaci\u00f3n.<\/p>\n<h3>Servicios biling\u00fces para una comunidad diversa<\/h3>\n<p>Inspine Chiropractic se enorgullece de ofrecer servicios biling\u00fces, por lo que nuestra atenci\u00f3n accesible a una comunidad diversa en Dalton, GA. Creemos que todos merecen atenci\u00f3n quiropr\u00e1ctica de calidad, y nuestro personal biling\u00fce se dedica a romper las barreras del idioma para nuestros pacientes.<\/p>\n<p><img decoding=\"async\" class=\"alignnone wp-image-2598 size-full\" src=\"https:\/\/inspinechiro.com\/wp-content\/uploads\/2024\/12\/Chiropractor-Exercise.webp\" alt=\"Image depicting a trusted chiropractor demonstrating exercise techniques for patients recovering from car accidents, promoting wellness through non-invasive procedures and therapy and showing the benefits of such treatments.\" width=\"500\" height=\"337\" srcset=\"https:\/\/inspinechiro.com\/wp-content\/uploads\/2024\/12\/Chiropractor-Exercise.webp 500w, https:\/\/inspinechiro.com\/wp-content\/uploads\/2024\/12\/Chiropractor-Exercise-300x202.webp 300w\" sizes=\"(max-width: 500px) 100vw, 500px\" \/><\/p>\n<h2>Nuestros servicios quiropr\u00e1cticos especializados<\/h2>\n<p><img decoding=\"async\" class=\"alignnone size-full wp-image-2974\" src=\"https:\/\/inspinechiro.com\/wp-content\/uploads\/2024\/12\/Inspine-ChiroSvs.webp\" alt=\"Inspire Chiropractic Services\" width=\"800\" height=\"947\" srcset=\"https:\/\/inspinechiro.com\/wp-content\/uploads\/2024\/12\/Inspine-ChiroSvs.webp 800w, https:\/\/inspinechiro.com\/wp-content\/uploads\/2024\/12\/Inspine-ChiroSvs-253x300.webp 253w, https:\/\/inspinechiro.com\/wp-content\/uploads\/2024\/12\/Inspine-ChiroSvs-768x909.webp 768w\" sizes=\"(max-width: 800px) 100vw, 800px\" \/><\/p>\n<p>Inspine Chiropractor and Wellness ofrece una amplia gama de opciones quiropr\u00e1cticas especializadas dise\u00f1adas para dar cuenta de sus necesidades individuales. Nuestro equipo est\u00e1 comprometido a proporcionar atenci\u00f3n quiropr\u00e1ctica que se centra en el alivio del dolor, la recuperaci\u00f3n, el ejercicio y la salud general del sistema nervioso. He aqu\u00ed un vistazo m\u00e1s de cerca a lo que ofrecemos:<\/p>\n<h3>Alivio y Manejo del Dolor<\/h3>\n<p>Entendemos que el dolor puede afectar significativamente su vida diaria. Nuestro enfoque se dirige a diversas condiciones, incluyendo:<\/p>\n<h4>Dolores de cabeza, dolor de cuello y dolor de espalda<\/h4>\n<p>Si usted est\u00e1 sufriendo de dolores de cabeza cr\u00f3nicos, molestias en el cuello persistente, o dolor de espalda baja, nuestros ajustes pueden crear efectos favorables que promueven la curaci\u00f3n. Identificamos la causa de sus s\u00edntomas y trabajamos para aliviarlos eficazmente.<\/p>\n<h4>Ci\u00e1tica y dolor en las articulaciones Soluciones<\/h4>\n<p>Ci\u00e1tica y dolor en las articulaciones puede ser debilitante. Nuestros planes de tratamiento a medida se centran en aliviar la presi\u00f3n sobre el sistema nervioso y restaurar la movilidad. Utilizamos ajustes suaves y t\u00e9cnicas terap\u00e9uticas para ayudarle a recuperar su calidad de vida.<\/p>\n<h3>Recuperaci\u00f3n y rehabilitaci\u00f3n de lesiones<\/h3>\n<p>Las lesiones pueden ocurrir de forma inesperada, y la recuperaci\u00f3n es crucial. Nos especializamos en:<\/p>\n<h4>Atenci\u00f3n de Accidentes de Auto y Lesiones Laborales.<\/h4>\n<p>Si ha sufrido alguna lesi\u00f3n por accidente de autom\u00f3vil o en el lugar de trabajo, le ofrecemos atenci\u00f3n personalizada para ayudarle a recuperarse. Nuestro equipo tiene experiencia en navegar por las complejidades de la rehabilitaci\u00f3n de lesiones y trabaja diligentemente para apoyar su proceso de curaci\u00f3n.<\/p>\n<h4>Tratamiento de lesiones deportivas<\/h4>\n<p>Los atletas a menudo se enfrentan a retos \u00fanicos. Ofrecemos tratamientos especializados para lesiones deportivas, centrados en una recuperaci\u00f3n r\u00e1pida y un retorno seguro a la actividad. Nuestros servicios ayudan a mejorar el rendimiento al tiempo que abordan cualquier problema subyacente.<\/p>\n<h3>Embarazo y correcci\u00f3n postural<\/h3>\n<p>Reconocemos la importancia de mantener la salud durante el embarazo y la vida cotidiana. Nuestros servicios incluyen:<\/p>\n<h4>Ajuste Quiropr\u00e1ctico para Futuras Madres<\/h4>\n<p>El embarazo puede traer molestias. Nuestros ajustes de la columna vertebral para las mujeres embarazadas ayudan a controlar el dolor y asegurar el equilibrio p\u00e9lvico, la promoci\u00f3n de una experiencia de embarazo m\u00e1s saludable. Ofrecemos terapias suaves para ayudar a las mujeres embarazadas a manejar las molestias relacionadas con el embarazo, incluyendo ajustes de la columna vertebral y otros procedimientos no invasivos.<\/p>\n<h4>Manejo de problemas posturales para una mejor movilidad<\/h4>\n<p>La columna vertebral es fundamental para la salud general del cuerpo. Como tal, una mala postura puede conducir a diversos problemas de salud, creando potencialmente problemas de columna y espalda que pueden durar a\u00f1os. Ofrecemos servicios de correcci\u00f3n postural que tratan los desequilibrios musculares y mejoran la movilidad general, ayud\u00e1ndole a moverse libre y c\u00f3modamente.<\/p>\n<p><img loading=\"lazy\" decoding=\"async\" class=\"alignnone wp-image-2602 size-full\" src=\"https:\/\/inspinechiro.com\/wp-content\/uploads\/2024\/12\/Chiropractor-Conversation.webp\" alt=\"A Dalton chiropractor providing a consultation to discuss diet and self care plans for achieving a pain free life with leading chiropractic treatments and state-of-the-art technology.\" width=\"500\" height=\"364\" srcset=\"https:\/\/inspinechiro.com\/wp-content\/uploads\/2024\/12\/Chiropractor-Conversation.webp 500w, https:\/\/inspinechiro.com\/wp-content\/uploads\/2024\/12\/Chiropractor-Conversation-300x218.webp 300w\" sizes=\"(max-width: 500px) 100vw, 500px\" \/><\/p>\n<h3>Servicios de bienestar y salud de la columna vertebral<\/h3>\n<p>Su bienestar es nuestra prioridad. Ofrecemos:<\/p>\n<h4>Terapia de descompresi\u00f3n espinal<\/h4>\n<p>La terapia de descompresi\u00f3n espinal es una terapia no invasiva que ayuda a aliviar la presi\u00f3n sobre la columna vertebral, promoviendo la curaci\u00f3n y la mejora de la funci\u00f3n. Puede ser una soluci\u00f3n eficaz para aquellos que sufren de dolor de espalda cr\u00f3nico. Esto hace que sea una opci\u00f3n deseable para las personas que quieren aliviar el dolor sin recurrir a procedimientos quir\u00fargicos invasivos o depender de medicamentos para el dolor. Dado que estos tratamientos a menudo pueden dar lugar a complicaciones graves, muchos pacientes optan por probar primero la atenci\u00f3n quiropr\u00e1ctica para ver si puede aliviar sus s\u00edntomas.<\/p>\n<h4>Tratamientos no invasivos para la salud general<\/h4>\n<p>Ofrecemos una variedad de tratamientos no invasivos destinados a mejorar su salud en general para ayudar a desalentar la b\u00fasqueda de intervenci\u00f3n m\u00e9dica. Nuestro enfoque integral asegura que su atenci\u00f3n es completa y adaptada a sus necesidades espec\u00edficas, evitando procedimientos invasivos cuando sea posible. Esto se debe a que nos dedicamos a ayudarle a alcanzar su mejor estado de salud. P\u00f3ngase en contacto con nosotros hoy mismo para obtener m\u00e1s informaci\u00f3n sobre c\u00f3mo podemos ayudarle en sus objetivos de recuperaci\u00f3n y salud del sistema nervioso. Nuestro equipo dedicado y profesional de quiropr\u00e1cticos est\u00e1 listo para ayudarle con su dolor. La atenci\u00f3n quiropr\u00e1ctica se centra en la salud general y el bienestar, por lo que podemos ofrecer asistencia con sugerencias de estilo de vida y otros problemas de salud integral. Esto hace que nuestra pr\u00e1ctica \u00fanica entre los profesionales de la salud, ya que estamos m\u00e1s preocupados por las causas fundamentales de su dolor que simplemente con la gesti\u00f3n de sus s\u00edntomas.<\/p>\n<h4>Quiropr\u00e1ctica accesible para todos<\/h4>\n<p>Creemos que todos en Dalton, GA, merece el acceso a la atenci\u00f3n quiropr\u00e1ctica de primera categor\u00eda. Entendemos que las preocupaciones financieras son un factor para la mayor\u00eda de los pacientes. Es por eso que ofrecemos opciones de financiaci\u00f3n flexibles dise\u00f1ados para dar cabida a una variedad de presupuestos. Nuestro compromiso es asegurar que las barreras financieras no se interponen en el camino de su salud y bienestar. Tambi\u00e9n colaboramos con varios proveedores de pago de terceros para que nuestros servicios sean m\u00e1s accesibles. Esto significa que tanto si tiene seguro como si no, podemos ayudarle a navegar por sus opciones. Nuestro objetivo es simplificar el proceso de pago, permiti\u00e9ndole centrarse en lo que realmente importa: su recuperaci\u00f3n y su salud.<\/p>\n<p><img loading=\"lazy\" decoding=\"async\" class=\"alignnone wp-image-2604 size-full\" src=\"https:\/\/inspinechiro.com\/wp-content\/uploads\/2024\/12\/Inspine-Chiropractic-1.webp\" alt=\"An aerial view of the clean, modern facility that houses Inspine, a Dalton chiropractor practice you can trust.\" width=\"500\" height=\"375\" srcset=\"https:\/\/inspinechiro.com\/wp-content\/uploads\/2024\/12\/Inspine-Chiropractic-1.webp 500w, https:\/\/inspinechiro.com\/wp-content\/uploads\/2024\/12\/Inspine-Chiropractic-1-300x225.webp 300w\" sizes=\"(max-width: 500px) 100vw, 500px\" \/><\/p>\n<h2>P\u00f3ngase en contacto con nosotros<\/h2>\n<p>Puede ponerse en contacto con nosotros por tel\u00e9fono en el <a href=\"\/contact\" class=\"call-now-link\">Call Now<\/a> para hablar con nuestra oficina o rellenar nuestro formulario de solicitud de cita online. Nuestro equipo trabajar\u00e1 con usted para encontrar una hora adecuada para su visita. Valoramos su tiempo y nuestro objetivo es satisfacer sus necesidades para su cita lo mejor que podamos.<\/p>\n<h3>Visite nuestra oficina en Dalton, GA<\/h3>\n<p>Convenientemente situado en North Glenwood Avenue, nuestra oficina es de f\u00e1cil acceso para los residentes de Dalton y sus alrededores. Le invitamos a pasar por aqu\u00ed y experimentar nuestro ambiente acogedor. \u00a1Descubra una pr\u00e1ctica Dalton quiropr\u00e1ctico que se preocupa por sus necesidades! Si usted tiene preguntas acerca de nuestros servicios o necesita ayuda con el seguro y las opciones de financiaci\u00f3n, no dude en preguntar a nuestra oficina. Estamos comprometidos a hacer su experiencia lo m\u00e1s f\u00e1cil posible.<\/p>\n<h3>D\u00e9 el primer paso hacia una vida sin dolor<\/h3>\n<p>No dejes que el dolor te frene por m\u00e1s tiempo. P\u00f3ngase en contacto con Inspine para concertar una cita hoy mismo. Juntos, trabajaremos para alcanzar sus objetivos de salud y mejorar su bienestar. \u00a1Su viaje hacia una salud \u00f3ptima comienza aqu\u00ed!<\/p>\n","protected":false},"excerpt":{"rendered":"<p>Quiropr\u00e1ctico en Dalton para el alivio eficaz del dolor y el bienestar Descubra Inspine Quiropr\u00e1ctico y Bienestar, donde nos dedicamos a guiarle en su viaje hacia una salud \u00f3ptima. Nuestra cl\u00ednica quiropr\u00e1ctica Dalton ofrece un ambiente acogedor donde su bienestar es nuestra m\u00e1xima prioridad. Entendemos que cada paciente es \u00fanico y ofrecemos una atenci\u00f3n personalizada [&hellip;]<\/p>\n","protected":false},"author":54,"featured_media":3410,"parent":3664,"menu_order":0,"comment_status":"closed","ping_status":"closed","template":"","meta":{"_acf_changed":false,"_metasync_otto_title":"","_metasync_otto_description":"","_metasync_otto_keywords":"","_metasync_otto_og_title":"","_metasync_otto_og_description":"","_metasync_otto_twitter_title":"","_metasync_otto_twitter_description":"","rank_math_title":"Dalton Quiropr\u00e1ctico Para el Alivio del Dolor | Sirviendo Noroeste GA","rank_math_description":"Dalton quiropr\u00e1ctico para el alivio del dolor y el bienestar general. Sirviendo Dalton, Calhoun, y Rocky Face. Llame al (706) 890-6250 para una evaluaci\u00f3n gratuita.  ","_yoast_wpseo_title":"","_yoast_wpseo_metadesc":"","_aioseo_title":"","_aioseo_description":"","_metasync_seo_title":"","_metasync_seo_desc":"","_metasync_otto_disabled":"","footnotes":""},"class_list":["post-3712","page","type-page","status-publish","has-post-thumbnail","hentry"],"acf":[],"_links":{"self":[{"href":"https:\/\/inspinechiro.com\/es\/wp-json\/wp\/v2\/pages\/3712","targetHints":{"allow":["GET"]}}],"collection":[{"href":"https:\/\/inspinechiro.com\/es\/wp-json\/wp\/v2\/pages"}],"about":[{"href":"https:\/\/inspinechiro.com\/es\/wp-json\/wp\/v2\/types\/page"}],"author":[{"embeddable":true,"href":"https:\/\/inspinechiro.com\/es\/wp-json\/wp\/v2\/users\/54"}],"replies":[{"embeddable":true,"href":"https:\/\/inspinechiro.com\/es\/wp-json\/wp\/v2\/comments?post=3712"}],"version-history":[{"count":2,"href":"https:\/\/inspinechiro.com\/es\/wp-json\/wp\/v2\/pages\/3712\/revisions"}],"predecessor-version":[{"id":3714,"href":"https:\/\/inspinechiro.com\/es\/wp-json\/wp\/v2\/pages\/3712\/revisions\/3714"}],"up":[{"embeddable":true,"href":"https:\/\/inspinechiro.com\/es\/wp-json\/wp\/v2\/pages\/3664"}],"wp:featuredmedia":[{"embeddable":true,"href":"https:\/\/inspinechiro.com\/es\/wp-json\/wp\/v2\/media\/3410"}],"wp:attachment":[{"href":"https:\/\/inspinechiro.com\/es\/wp-json\/wp\/v2\/media?parent=3712"}],"curies":[{"name":"wp","href":"https:\/\/api.w.org\/{rel}","templated":true}]}}