{"id":3715,"date":"2024-12-05T14:42:16","date_gmt":"2024-12-05T19:42:16","guid":{"rendered":"https:\/\/inspinechiro.com\/dalton\/dalton-chiropractor-for-back-pain\/"},"modified":"2024-12-26T10:03:50","modified_gmt":"2024-12-26T15:03:50","slug":"dalton-quiropractico-para-el-dolor-de-espalda","status":"publish","type":"page","link":"https:\/\/inspinechiro.com\/es\/dalton\/dalton-quiropractico-para-el-dolor-de-espalda\/","title":{"rendered":"Dalton Quiropr\u00e1ctico para el dolor de espalda"},"content":{"rendered":"<h2>Quiropr\u00e1ctico Dalton para el dolor de espalda<\/h2>\n<p>En Inspine Quiropr\u00e1ctica y Bienestar, entendemos que el dolor de espalda puede afectar significativamente su vida diaria. Nuestra misi\u00f3n es guiarle en su viaje hacia el bienestar a trav\u00e9s de la atenci\u00f3n quiropr\u00e1ctica de expertos. Nuestro equipo se dedica a ayudarle a recuperar la comodidad y la movilidad, lo que le permite centrarse en lo que m\u00e1s importa. Cuando usted visita nuestra cl\u00ednica, usted puede esperar una evaluaci\u00f3n completa de su condici\u00f3n. Nos tomamos el tiempo para escuchar sus preocupaciones y entender sus s\u00edntomas. Este enfoque personalizado nos permite desarrollar un plan que aborde sus necesidades espec\u00edficas. Si usted est\u00e1 sufriendo de dolor de espalda cr\u00f3nico, molestias de una lesi\u00f3n, o los efectos de una mala postura en la columna vertebral, estamos aqu\u00ed para ayudar.<\/p>\n<p><img fetchpriority=\"high\" decoding=\"async\" class=\"alignnone wp-image-2532 size-full\" src=\"https:\/\/inspinechiro.com\/wp-content\/uploads\/2024\/12\/back-pain-management-1.webp\" alt=\"A patient reaches for the muscles in his back, showing he likely needs chiropractic care from a Dalton chiropractor.\" width=\"500\" height=\"333\" srcset=\"https:\/\/inspinechiro.com\/wp-content\/uploads\/2024\/12\/back-pain-management-1.webp 500w, https:\/\/inspinechiro.com\/wp-content\/uploads\/2024\/12\/back-pain-management-1-300x200.webp 300w\" sizes=\"(max-width: 500px) 100vw, 500px\" \/><\/p>\n<p>Nuestros quiropr\u00e1cticos utilizan diversas t\u00e9cnicas, incluyendo ajustes de la columna y ejercicios terap\u00e9uticos, para promover la curaci\u00f3n y restaurar la alineaci\u00f3n adecuada. Estos m\u00e9todos est\u00e1n dise\u00f1ados para aliviar el dolor, mejorar la funci\u00f3n y aumentar su bienestar general. Con visitas regulares, muchos de nuestros pacientes experimentan mejoras significativas en sus condiciones, lo que lleva a una vida m\u00e1s activa y satisfactoria. Tambi\u00e9n reconocemos que cada paciente es \u00fanico. Es por eso que ofrecemos opciones de horarios flexibles para adaptarse a su estilo de vida ocupado. Nuestro objetivo es hacer que su experiencia quiropr\u00e1ctica lo m\u00e1s f\u00e1cil posible.<\/p>\n<h2>Descubra los beneficios del cuidado quiropr\u00e1ctico<\/h2>\n<p><img decoding=\"async\" class=\"alignnone size-full wp-image-3057\" src=\"https:\/\/inspinechiro.com\/wp-content\/uploads\/2024\/12\/Inspine-BenefitsofChiropracticCare.webp\" alt=\"Benefits of Chiropractic Care\" width=\"800\" height=\"1000\" srcset=\"https:\/\/inspinechiro.com\/wp-content\/uploads\/2024\/12\/Inspine-BenefitsofChiropracticCare.webp 800w, https:\/\/inspinechiro.com\/wp-content\/uploads\/2024\/12\/Inspine-BenefitsofChiropracticCare-240x300.webp 240w, https:\/\/inspinechiro.com\/wp-content\/uploads\/2024\/12\/Inspine-BenefitsofChiropracticCare-768x960.webp 768w\" sizes=\"(max-width: 800px) 100vw, 800px\" \/><\/p>\n<p>&nbsp;<\/p>\n<p>El cuidado quiropr\u00e1ctico ofrece una multitud de ventajas para aquellos que buscan alivio del dolor de espalda y otras molestias. Nuestros quiropr\u00e1cticos Dalton priorizar su salud y bienestar a trav\u00e9s de tratamientos eficaces y no invasivos. Mientras que un m\u00e9dico puede tratar las lesiones con la medicina, ofrecemos un enfoque diferente. Si usted est\u00e1 sufriendo de ci\u00e1tica, dolores de cabeza o lesiones deportivas, podemos ayudar. La columna vertebral, el cuello y la zona lumbar son fundamentales para el cuerpo, por lo que tratarlos es bueno para su bienestar.<\/p>\n<h3>Alivio eficaz del dolor sin procedimientos invasivos<\/h3>\n<p>Los ajustes de la columna vertebral son la piedra angular de nuestro enfoque. Estas t\u00e9cnicas suaves se centran en realinear la columna vertebral, lo que puede proporcionar un alivio inmediato del dolor. Muchos pacientes dicen sentir un alivio significativo despu\u00e9s de s\u00f3lo unas pocas visitas, si estaban tratando con la ci\u00e1tica, la artritis o rigidez muscular. Nuestros quiropr\u00e1cticos utilizan m\u00e9todos especializados que se dirigen a la fuente de su dolor, lo que le permite experimentar una mejor comodidad sin recurrir a procedimientos invasivos.<\/p>\n<p><img decoding=\"async\" class=\"alignnone wp-image-2534 size-full\" src=\"https:\/\/inspinechiro.com\/wp-content\/uploads\/2024\/12\/Spine-Demonstration.webp\" alt=\"Chiropractic concept. A Dalton chiropractor reviews her new patient notes while holding a model of the human spine.\" width=\"500\" height=\"260\" srcset=\"https:\/\/inspinechiro.com\/wp-content\/uploads\/2024\/12\/Spine-Demonstration.webp 500w, https:\/\/inspinechiro.com\/wp-content\/uploads\/2024\/12\/Spine-Demonstration-300x156.webp 300w\" sizes=\"(max-width: 500px) 100vw, 500px\" \/><\/p>\n<h3>Mejora de la movilidad y la salud de la columna vertebral<\/h3>\n<p>El cuidado quiropr\u00e1ctico regular no s\u00f3lo alivia el dolor, sino que tambi\u00e9n mejora su movilidad general. La mejora de la salud de la espalda conduce a un mejor funcionamiento del sistema nervioso, que desempe\u00f1a un papel vital en la capacidad de curaci\u00f3n del organismo.<\/p>\n<h3>Reducci\u00f3n del estr\u00e9s y mejora de la calidad de vida<\/h3>\n<p>Los ajustes de la columna vertebral tambi\u00e9n pueden ayudar a reducir el estr\u00e9s. Al aliviar la tensi\u00f3n en el cuerpo, la mayor\u00eda de los pacientes a menudo experimentan una notable mejora en su calidad de vida en general. Este enfoque hol\u00edstico para el bienestar fomenta un sentido de equilibrio, lo que le permite manejar los factores estresantes diarios de manera m\u00e1s eficaz. Nos dedicamos a guiarle en su camino hacia la salud y el bienestar \u00f3ptimos. Explore los beneficios de la atenci\u00f3n quiropr\u00e1ctica de primera clase con nosotros y dar el primer paso hacia la reducci\u00f3n del dolor.<\/p>\n<h2>Servicios especializados para una vida sin dolor<\/h2>\n<p>Entendemos que cada paciente es \u00fanico y requiere una atenci\u00f3n espec\u00edfica adaptada a sus circunstancias individuales. Nuestros servicios especializados abordan diversas afecciones y situaciones, garantizando que reciba el tratamiento m\u00e1s eficaz para sus necesidades.<\/p>\n<h3>Accidente de coche y recuperaci\u00f3n de lesiones<\/h3>\n<p>Si usted ha estado involucrado en un accidente de coche, nuestro equipo est\u00e1 aqu\u00ed para ayudarle a navegar el proceso de recuperaci\u00f3n. Nos centramos en restaurar su salud y aliviar el dolor a trav\u00e9s de ajustes espec\u00edficos. Nuestro enfoque incluye evaluaciones exhaustivas para identificar cualquier lesi\u00f3n y desarrollar un plan de tratamiento personalizado dise\u00f1ado para promover la curaci\u00f3n.<\/p>\n<p><img loading=\"lazy\" decoding=\"async\" class=\"alignnone wp-image-2536 size-full\" src=\"https:\/\/inspinechiro.com\/wp-content\/uploads\/2024\/12\/Visitng-Chiropractor.webp\" alt=\"A chiropractor in Dalton helps a patient with a painful set of symptoms during an adjustment, stretching his arm across his chest while asking her about any injuries he may have sustained.\" width=\"500\" height=\"325\" srcset=\"https:\/\/inspinechiro.com\/wp-content\/uploads\/2024\/12\/Visitng-Chiropractor.webp 500w, https:\/\/inspinechiro.com\/wp-content\/uploads\/2024\/12\/Visitng-Chiropractor-300x195.webp 300w\" sizes=\"(max-width: 500px) 100vw, 500px\" \/><\/p>\n<h3>Atenci\u00f3n quiropr\u00e1ctica relacionada con el embarazo<\/h3>\n<p>El embarazo conlleva cambios significativos en el cuerpo, que pueden provocar molestias y dolor tanto a la madre como al beb\u00e9. Nuestros quiropr\u00e1cticos proporcionan una atenci\u00f3n suave y eficaz dirigida espec\u00edficamente a tratar los problemas relacionados con el embarazo. Trabajamos para promover el equilibrio p\u00e9lvico y reducir la tensi\u00f3n en la espalda y el cuello, asegurando una experiencia m\u00e1s c\u00f3moda durante este importante momento.<\/p>\n<h3>Correcci\u00f3n postural y servicios de bienestar<\/h3>\n<p>En el mundo actual, la mala postura es un problema com\u00fan que puede conducir a dolor cr\u00f3nico. Nuestros servicios de correcci\u00f3n postural quiropr\u00e1ctica se centran en realinear la columna vertebral y mejorar la postura general. Proporcionamos educaci\u00f3n sobre la mec\u00e1nica corporal adecuada y ofrecemos ajustes regulares para apoyar su columna vertebral y hacer frente a sus s\u00edntomas. Adem\u00e1s, nuestros servicios de bienestar, incluyendo la terapia de descompresi\u00f3n espinal, tienen como objetivo mejorar su bienestar general.<\/p>\n<p><img loading=\"lazy\" decoding=\"async\" class=\"alignnone wp-image-2537 size-full\" src=\"https:\/\/inspinechiro.com\/wp-content\/uploads\/2024\/12\/neck-adjustment-chiropractor.webp\" alt=\"A trusted chiropractor helps provide relief for a woman with neck pain.\" width=\"500\" height=\"333\" srcset=\"https:\/\/inspinechiro.com\/wp-content\/uploads\/2024\/12\/neck-adjustment-chiropractor.webp 500w, https:\/\/inspinechiro.com\/wp-content\/uploads\/2024\/12\/neck-adjustment-chiropractor-300x200.webp 300w\" sizes=\"(max-width: 500px) 100vw, 500px\" \/><\/p>\n<h2>Su primera visita<\/h2>\n<p>Cuando elige Inspine, est\u00e1 dando el primer paso hacia una vida sin dolor. Muchos pacientes nuevos dicen haber sentido alivio y califican el proceso de \u00ab\u00a1absolutamente incre\u00edble!\u00bb. Programar su cita inicial es sencillo. Esto es lo que puede esperar durante su visita. A su llegada, ser\u00e1 recibido por nuestro amable personal que le ayudar\u00e1 a completar la documentaci\u00f3n necesaria. Este papeleo nos ayuda a entender su historial m\u00e9dico y los s\u00edntomas actuales. Su comodidad y privacidad son nuestras principales prioridades. A continuaci\u00f3n, se reunir\u00e1 con uno de nuestros quiropr\u00e1cticos experimentados. Ellos llevar\u00e1n a cabo una evaluaci\u00f3n completa, que incluye hablar de su dolor de espalda, estilo de vida, y cualquier lesi\u00f3n previa. Esta consulta es vital, ya que nos permite recopilar informaci\u00f3n esencial para crear un plan de tratamiento personalizado adaptado a sus necesidades.<\/p>\n<h3>Elaboraci\u00f3n de planes de tratamiento<\/h3>\n<p>Despu\u00e9s de la evaluaci\u00f3n, podemos realizar diagn\u00f3sticos avanzados, como radiograf\u00edas digitales, si es necesario. Este paso nos ayuda a identificar cualquier problema subyacente que afecte a la salud de su columna vertebral. Nuestro objetivo es proporcionarle un alivio eficaz del dolor mediante ajustes espec\u00edficos y otras terapias no invasivas.<\/p>\n<p>Una vez que tengamos toda la informaci\u00f3n, discutiremos sus tratamientos. Este plan describir\u00e1 los ajustes quiropr\u00e1cticos recomendados, la frecuencia de las visitas y cualquier terapia adicional que pueda beneficiarle. Creemos en la transparencia, as\u00ed que si\u00e9ntase libre de hacer cualquier pregunta durante este proceso.<\/p>\n<h3><img loading=\"lazy\" decoding=\"async\" class=\"alignnone wp-image-2538 size-full\" src=\"https:\/\/inspinechiro.com\/wp-content\/uploads\/2024\/12\/patient-experience-relief-with-chiropractic-adjustments.webp\" alt=\"A Dalton chiropractor addresses a woman's back pain and headaches by offering an adjustment, placing his hands on her neck and shoulder.\" width=\"500\" height=\"333\" srcset=\"https:\/\/inspinechiro.com\/wp-content\/uploads\/2024\/12\/patient-experience-relief-with-chiropractic-adjustments.webp 500w, https:\/\/inspinechiro.com\/wp-content\/uploads\/2024\/12\/patient-experience-relief-with-chiropractic-adjustments-300x200.webp 300w\" sizes=\"(max-width: 500px) 100vw, 500px\" \/><\/h3>\n<h3>Ajustes quiropr\u00e1cticos<\/h3>\n<p>Por \u00faltimo, recibir\u00e1 su primer ajuste quiropr\u00e1ctico. Muchos pacientes dicen sentir un alivio inmediato despu\u00e9s de esta sesi\u00f3n. Tambi\u00e9n le proporcionaremos orientaci\u00f3n sobre ejercicios y cambios de estilo de vida para apoyar su camino hacia una salud \u00f3ptima. No espere para iniciar su camino hacia la recuperaci\u00f3n. P\u00f3ngase en contacto con nosotros para programar su primera visita hoy, y perm\u00edtanos ayudarle a recuperar su vida del dolor de espalda.<\/p>\n<h2>Contacte con nosotros para encontrar un quiropr\u00e1ctico Dalton para el dolor de espalda<\/h2>\n<p>Entendemos que la b\u00fasqueda de la derecha Dalton quiropr\u00e1ctico para el dolor de espalda es crucial para su viaje de curaci\u00f3n. Nuestro equipo dedicado est\u00e1 aqu\u00ed en nuestra oficina de Dalton, Georgia para ayudarle en cada paso del camino. Le animamos a llegar a cualquier pregunta o para concertar una cita.<\/p>\n<p><img loading=\"lazy\" decoding=\"async\" class=\"alignnone wp-image-2539 size-full\" src=\"https:\/\/inspinechiro.com\/wp-content\/uploads\/2024\/12\/Inspine-Chiropractic.webp\" alt=\"An aerial view of Inspine Chiropractic and Wellness in Dalton, GA. Here you can find a top-notch Dalton chiropractor for back pain relief.\" width=\"500\" height=\"375\" srcset=\"https:\/\/inspinechiro.com\/wp-content\/uploads\/2024\/12\/Inspine-Chiropractic.webp 500w, https:\/\/inspinechiro.com\/wp-content\/uploads\/2024\/12\/Inspine-Chiropractic-300x225.webp 300w\" sizes=\"(max-width: 500px) 100vw, 500px\" \/><\/p>\n<h3>Ubicaci\u00f3n conveniente de la oficina en Dalton, GA<\/h3>\n<p>Situado en 1237 N Glenwood Ave, nuestra oficina es de f\u00e1cil acceso para los residentes de todo el \u00e1rea de Dalton, Georgia. Ya sea que venga del trabajo o de casa, encontrar\u00e1 que nuestra cl\u00ednica est\u00e1 cerca y es conveniente.<\/p>\n<h3>Reserve su consulta gratuita ahora<\/h3>\n<p>No espere para experimentar alivio. P\u00f3ngase en contacto con nuestra oficina hoy para programar su consulta gratuita. Nuestro amable personal le guiar\u00e1 a trav\u00e9s del proceso y le ayudar\u00e1 a entender qu\u00e9 esperar durante su primera visita. Estamos comprometidos a proporcionar el m\u00e1s alto nivel de atenci\u00f3n personalizada para ayudarle a lograr una vida libre de dolor. D\u00e9 el primer paso hacia una mejor salud. Ll\u00e1menos o rellene nuestro formulario en l\u00ednea para reservar su cita. \u00a1Su viaje hacia el bienestar comienza aqu\u00ed!<\/p>\n","protected":false},"excerpt":{"rendered":"<p>Quiropr\u00e1ctico Dalton para el dolor de espalda En Inspine Quiropr\u00e1ctica y Bienestar, entendemos que el dolor de espalda puede afectar significativamente su vida diaria. Nuestra misi\u00f3n es guiarle en su viaje hacia el bienestar a trav\u00e9s de la atenci\u00f3n quiropr\u00e1ctica de expertos. Nuestro equipo se dedica a ayudarle a recuperar la comodidad y la movilidad, [&hellip;]<\/p>\n","protected":false},"author":54,"featured_media":3417,"parent":3664,"menu_order":0,"comment_status":"closed","ping_status":"closed","template":"","meta":{"_acf_changed":false,"_metasync_otto_title":"","_metasync_otto_description":"","_metasync_otto_keywords":"","_metasync_otto_og_title":"","_metasync_otto_og_description":"","_metasync_otto_twitter_title":"","_metasync_otto_twitter_description":"","rank_math_title":"Quiropr\u00e1ctico Para El Dolor De Espalda | Alivio Del Dolor De Espalda en Dalton","rank_math_description":"Descubra un quiropr\u00e1ctico Dalton para el alivio del dolor de espalda en Inspine Quiropr\u00e1ctica y Bienestar. Encuentre el cuidado que necesita para una vida m\u00e1s saludable y libre de dolor. ","_yoast_wpseo_title":"","_yoast_wpseo_metadesc":"","_aioseo_title":"","_aioseo_description":"","_metasync_seo_title":"","_metasync_seo_desc":"","_metasync_otto_disabled":"","footnotes":""},"class_list":["post-3715","page","type-page","status-publish","has-post-thumbnail","hentry"],"acf":[],"_links":{"self":[{"href":"https:\/\/inspinechiro.com\/es\/wp-json\/wp\/v2\/pages\/3715","targetHints":{"allow":["GET"]}}],"collection":[{"href":"https:\/\/inspinechiro.com\/es\/wp-json\/wp\/v2\/pages"}],"about":[{"href":"https:\/\/inspinechiro.com\/es\/wp-json\/wp\/v2\/types\/page"}],"author":[{"embeddable":true,"href":"https:\/\/inspinechiro.com\/es\/wp-json\/wp\/v2\/users\/54"}],"replies":[{"embeddable":true,"href":"https:\/\/inspinechiro.com\/es\/wp-json\/wp\/v2\/comments?post=3715"}],"version-history":[{"count":3,"href":"https:\/\/inspinechiro.com\/es\/wp-json\/wp\/v2\/pages\/3715\/revisions"}],"predecessor-version":[{"id":3931,"href":"https:\/\/inspinechiro.com\/es\/wp-json\/wp\/v2\/pages\/3715\/revisions\/3931"}],"up":[{"embeddable":true,"href":"https:\/\/inspinechiro.com\/es\/wp-json\/wp\/v2\/pages\/3664"}],"wp:featuredmedia":[{"embeddable":true,"href":"https:\/\/inspinechiro.com\/es\/wp-json\/wp\/v2\/media\/3417"}],"wp:attachment":[{"href":"https:\/\/inspinechiro.com\/es\/wp-json\/wp\/v2\/media?parent=3715"}],"curies":[{"name":"wp","href":"https:\/\/api.w.org\/{rel}","templated":true}]}}