{"id":3718,"date":"2024-12-05T15:41:38","date_gmt":"2024-12-05T20:41:38","guid":{"rendered":"https:\/\/inspinechiro.com\/dalton\/tratamiento-del-dolor-en-dalton\/"},"modified":"2024-12-21T01:17:07","modified_gmt":"2024-12-21T06:17:07","slug":"tratamiento-del-dolor-en-dalton","status":"publish","type":"page","link":"https:\/\/inspinechiro.com\/es\/dalton\/tratamiento-del-dolor-en-dalton\/","title":{"rendered":"Tratamiento del dolor en Dalton"},"content":{"rendered":"<h2>Tratamiento del dolor en Dalton con Inspine Quiropr\u00e1ctica y Bienestar<\/h2>\n<p>Descubra Inspine Quiropr\u00e1ctica y Bienestar, donde nos especializamos en la entrega de soluciones eficaces y no invasivas para el tratamiento del dolor adaptadas a sus necesidades individuales. Nuestro enfoque se centra en la comprensi\u00f3n de la fuente de su malestar, si se deriva de condiciones cr\u00f3nicas, lesiones o factores de estilo de vida. Creemos en el tratamiento de la causa ra\u00edz del dolor en lugar de simplemente enmascarar los s\u00edntomas. Nuestro equipo de quiropr\u00e1cticos experimentados emplea una variedad de t\u00e9cnicas dise\u00f1adas para restablecer el equilibrio y promover la curaci\u00f3n dentro de su cuerpo. Estos m\u00e9todos pueden incluir ajustes de la columna vertebral, terapia de tejidos blandos y ejercicios terap\u00e9uticos. Cada tratamiento es personalizado para adaptarse a su situaci\u00f3n espec\u00edfica, asegurando que usted reciba la atenci\u00f3n m\u00e1s eficaz posible.<\/p>\n<p><img fetchpriority=\"high\" decoding=\"async\" class=\"alignnone wp-image-2550 size-full\" src=\"https:\/\/inspinechiro.com\/wp-content\/uploads\/2024\/12\/dalton-pain-management-severe-pain-treatment-plan-.webp\" alt=\"A patient consulting with a chiropractor at Inspine as she checks her shoulder mobility. The two are discussing their Dalton pain management treatment plan for the patient's case and interventional pain procedures.\" width=\"500\" height=\"264\" srcset=\"https:\/\/inspinechiro.com\/wp-content\/uploads\/2024\/12\/dalton-pain-management-severe-pain-treatment-plan-.webp 500w, https:\/\/inspinechiro.com\/wp-content\/uploads\/2024\/12\/dalton-pain-management-severe-pain-treatment-plan--300x158.webp 300w\" sizes=\"(max-width: 500px) 100vw, 500px\" \/><\/p>\n<p>Damos prioridad a la educaci\u00f3n del paciente, capacitando a las personas para comprender mejor su dolor y aprender los pasos necesarios para aliviarlo. Al trabajar estrechamente con ustedes, nuestros pacientes, nuestro objetivo es desarrollar un plan de tratamiento integral que se alinea con sus objetivos de recuperaci\u00f3n y mejora de la calidad de vida. Si usted est\u00e1 tratando con dolor severo, la recuperaci\u00f3n de una lesi\u00f3n, o simplemente tratando de mejorar su salud f\u00edsica, Inspine Quiropr\u00e1ctica y Bienestar est\u00e1 aqu\u00ed para ayudar. Experimente la diferencia que ofrece un tratamiento personalizado, no invasivo y sin medicamentos potencialmente perjudiciales.<\/p>\n<h2>Causas comunes de dolor de cuello y espalda<\/h2>\n<p><img decoding=\"async\" class=\"alignnone size-full wp-image-3017\" src=\"https:\/\/inspinechiro.com\/wp-content\/uploads\/2024\/12\/Inspine-neckbackpain.webp\" alt=\"Common Causes of Neck and Back Pain\" width=\"800\" height=\"800\" srcset=\"https:\/\/inspinechiro.com\/wp-content\/uploads\/2024\/12\/Inspine-neckbackpain.webp 800w, https:\/\/inspinechiro.com\/wp-content\/uploads\/2024\/12\/Inspine-neckbackpain-300x300.webp 300w, https:\/\/inspinechiro.com\/wp-content\/uploads\/2024\/12\/Inspine-neckbackpain-150x150.webp 150w, https:\/\/inspinechiro.com\/wp-content\/uploads\/2024\/12\/Inspine-neckbackpain-768x768.webp 768w, https:\/\/inspinechiro.com\/wp-content\/uploads\/2024\/12\/Inspine-neckbackpain-400x400.webp 400w, https:\/\/inspinechiro.com\/wp-content\/uploads\/2024\/12\/Inspine-neckbackpain-600x600.webp 600w\" sizes=\"(max-width: 800px) 100vw, 800px\" \/><\/p>\n<p>Diversos factores pueden contribuir al dolor en los m\u00fasculos o articulaciones del cuello y la espalda. La columna vertebral es una estructura compleja e importante, y una salud vertebral adecuada es fundamental para el bienestar general.<\/p>\n<h3>Mala postura<\/h3>\n<p>Encorvarse o encorvarse puede sobrecargar la columna vertebral y los m\u00fasculos circundantes. Por eso es importante adoptar una postura correcta, incluso cuando se est\u00e1 sentado en el sof\u00e1 o en la mesa del trabajo.<\/p>\n<h3>Tensi\u00f3n muscular<\/h3>\n<p>El uso excesivo o los movimientos bruscos pueden causar tensi\u00f3n o lesiones en los m\u00fasculos de la espalda y el cuello. Esto es especialmente cierto en el caso de los atletas y las personas con trabajos activos, como la construcci\u00f3n o el paisajismo.<\/p>\n<h3>Hernia discal<\/h3>\n<p>El desplazamiento de los discos vertebrales puede comprimir los nervios y provocar dolor. Las hernias discales suelen requerir atenci\u00f3n m\u00e9dica y pueden ser muy dolorosas para quienes las padecen.<\/p>\n<h3>Artritis<\/h3>\n<p>Las enfermedades degenerativas que afectan a las articulaciones pueden provocar molestias cr\u00f3nicas. Aunque muchas personas asocian la artritis con la edad avanzada, esta enfermedad tambi\u00e9n puede afectar a pacientes m\u00e1s j\u00f3venes. Es fundamental recibir atenci\u00f3n m\u00e9dica para el dolor articular, a fin de obtener un diagn\u00f3stico preciso de los s\u00edntomas.<\/p>\n<h3>Lesiones o traumatismos<\/h3>\n<p>Los accidentes o las ca\u00eddas pueden causar da\u00f1os en los tejidos blandos o fracturas que afectar\u00e1n dr\u00e1sticamente a su nivel general de comodidad. Los accidentes de coche, en particular, son conocidos por causar dolor de espalda y cuello duradero en las v\u00edctimas.<\/p>\n<h3>Estilo de vida sedentario<\/h3>\n<p>La falta de actividad f\u00edsica puede debilitar los m\u00fasculos que sostienen la columna vertebral, lo que subraya la importancia de mantenerse sano y activo. Con un estilo de vida adecuado, puedes adelantarte a muchos problemas cong\u00e9nitos que pueden causar dolor de espalda y cuello.<\/p>\n<h3>Exceso de peso<\/h3>\n<p>La presi\u00f3n a\u00f1adida sobre la columna vertebral puede aumentar el riesgo de dolor, que es otro factor que le anima a mantenerse activo para adelantarse a los problemas de espalda relacionados con el peso. Los enfoques hol\u00edsticos de la salud buscan eliminar la causa subyacente del dolor, no s\u00f3lo tratar los s\u00edntomas.<\/p>\n<h2>\u00bfPor qu\u00e9 elegir Inspine Quiropr\u00e1ctica y Bienestar?<\/h2>\n<p>Nuestros quiropr\u00e1cticos dan prioridad a su salud y bienestar por encima de todo. Nuestro compromiso de proporcionar una atenci\u00f3n excepcional nos diferencia en Dalton. Sabemos que la experiencia de cada paciente con el dolor es \u00fanico, y estamos dedicados a crear un ambiente de apoyo donde se sienta escuchado y atendido. Nuestro equipo de profesionales experimentados es un apasionado de ayudarle a navegar su viaje a la recuperaci\u00f3n. Empleamos un enfoque de tratamiento hol\u00edstico que va m\u00e1s all\u00e1 del tratamiento de los s\u00edntomas. Nuestra misi\u00f3n es capacitar a recuperar el control sobre su salud y aprender a disfrutar de una vida libre de dolor sin depender de medicamentos para el dolor. Inspine Quiropr\u00e1ctica y Bienestar no es s\u00f3lo un lugar para el tratamiento, es una comunidad dedicada a su bienestar. Cuando usted nos elige, est\u00e1 eligiendo un socio en su viaje de salud, comprometido a ayudarle a volver a sus niveles normales de actividad.<\/p>\n<p><img decoding=\"async\" class=\"alignnone wp-image-2556 size-full\" src=\"https:\/\/inspinechiro.com\/wp-content\/uploads\/2024\/12\/accurate-diagnosis-pain-medicine-treatment-options-1.webp\" alt=\"A smiling woman receives chiropractic treatment to manage the effects of back pain from a professional at Inspine in Dalton, GA.\" width=\"500\" height=\"334\" srcset=\"https:\/\/inspinechiro.com\/wp-content\/uploads\/2024\/12\/accurate-diagnosis-pain-medicine-treatment-options-1.webp 500w, https:\/\/inspinechiro.com\/wp-content\/uploads\/2024\/12\/accurate-diagnosis-pain-medicine-treatment-options-1-300x200.webp 300w\" sizes=\"(max-width: 500px) 100vw, 500px\" \/>x<\/p>\n<h2>Servicios integrales para el tratamiento del dolor<\/h2>\n<p>Ofrecemos una amplia gama de servicios destinados a tratar diversas dolencias. Nuestro equipo se dedica a proporcionar una atenci\u00f3n eficaz que se adapte a sus necesidades espec\u00edficas.<\/p>\n<h3>Enfoque hol\u00edstico para el alivio del dolor y el bienestar<\/h3>\n<p>Creemos en el tratamiento de toda la persona, no s\u00f3lo su lista de s\u00edntomas. Nuestro enfoque hol\u00edstico combina la atenci\u00f3n quiropr\u00e1ctica y estrategias de bienestar para promover la salud en general durante mucho tiempo.<\/p>\n<h3>Atenci\u00f3n especializada para el dolor cr\u00f3nico<\/h3>\n<p>El dolor cr\u00f3nico puede afectar significativamente su calidad de vida. Nuestros expertos quiropr\u00e1cticos est\u00e1n capacitados para tratar problemas como la ci\u00e1tica, el dolor de cuello y el dolor de espalda. Desarrollamos planes de tratamiento individualizados que se dirigen a la fuente de su malestar, ayudando a recuperar el control y mejorar sus actividades diarias. Es imprescindible que disponga de las herramientas necesarias para aprovechar al m\u00e1ximo su vida. Si est\u00e1 luchando contra el dolor y el malestar, entonces no est\u00e1 aprovechando al m\u00e1ximo su tiempo. Perm\u00edtanos ayudarle a recuperar su vida y volver a tomar las riendas con nuestras terapias de alivio del dolor. \u00a1Te mereces una vida sin dolor!<\/p>\n<h3>Recuperaci\u00f3n de lesiones y servicios de rehabilitaci\u00f3n<\/h3>\n<p>Tanto si ha sufrido un accidente de coche, una lesi\u00f3n en el lugar de trabajo o dolor relacionado con el deporte, nuestros servicios de recuperaci\u00f3n de lesiones est\u00e1n dise\u00f1ados para ayudarle en su rehabilitaci\u00f3n. Utilizamos tratamientos no invasivos para facilitar la curaci\u00f3n y restaurar la funci\u00f3n, lo que le permite volver a sus actividades normales tan pronto como sea posible.<\/p>\n<p><img loading=\"lazy\" decoding=\"async\" class=\"alignnone wp-image-2554 size-full\" src=\"https:\/\/inspinechiro.com\/wp-content\/uploads\/2024\/12\/neck-adjustment-chiropractor-1.webp\" alt=\"A woman receives a neck adjustment, rather than any invasive procedures, to counteract the effects of discomfort without medicine.\" width=\"500\" height=\"333\" srcset=\"https:\/\/inspinechiro.com\/wp-content\/uploads\/2024\/12\/neck-adjustment-chiropractor-1.webp 500w, https:\/\/inspinechiro.com\/wp-content\/uploads\/2024\/12\/neck-adjustment-chiropractor-1-300x200.webp 300w\" sizes=\"(max-width: 500px) 100vw, 500px\" \/><\/p>\n<h3>Embarazo y correcci\u00f3n postural<\/h3>\n<p>El embarazo puede suponer retos y molestias \u00fanicos. Nuestra atenci\u00f3n especializada para embarazadas se centra en controlar las molestias y garantizar el equilibrio p\u00e9lvico. Adem\u00e1s, ofrecemos servicios de correcci\u00f3n postural para tratar los problemas que surgen por estar sentada durante mucho tiempo o por malos h\u00e1bitos. Nuestros servicios integrales de tratamiento del dolor se adaptan a sus necesidades individuales. Nos comprometemos a ayudarle a conseguir una vida sin dolor y a mejorar su bienestar general. Nuestras terapias seguras y suaves son ideales para las mujeres embarazadas, ya que pueden ayudar a aliviar el malestar que a menudo viene junto con el embarazo.<\/p>\n<h3>Dolor irradiado<\/h3>\n<p>El dolor irradiado, a menudo denominado \u00abdolor radicular\u00bb cuando est\u00e1 asociado a los nervios, es un tipo de molestia que se origina en una parte del cuerpo y se extiende o \u00abirradia\u00bb a otra zona, normalmente siguiendo el recorrido de un nervio. Suele estar relacionado con dolencias que afectan a la espalda, las articulaciones y los nervios. Por ejemplo, un nervio pinzado en la columna vertebral puede hacer que el dolor se irradie hacia los brazos o las piernas, dependiendo de la ubicaci\u00f3n del nervio afectado. Los quiropr\u00e1cticos desempe\u00f1an un papel crucial en el tratamiento del dolor irradiado abordando sus causas profundas, a menudo mediante tratamientos no invasivos y sin f\u00e1rmacos. Sus m\u00e9todos incluyen<\/p>\n<ul>\n<li><strong>Ajustes de la columna vertebral<\/strong>: La realineaci\u00f3n de la columna vertebral puede reducir la compresi\u00f3n del nervio, aliviando el dolor en su origen.<\/li>\n<li><strong>Terapia de descompresi\u00f3n<\/strong>: T\u00e9cnicas como la descompresi\u00f3n espinal pueden aliviar la presi\u00f3n sobre los discos y los nervios, promoviendo la curaci\u00f3n.<\/li>\n<li><strong>Terapia de tejidos blandos<\/strong>: El masaje y otras t\u00e9cnicas ayudan a reducir la tensi\u00f3n muscular y mejorar el flujo sangu\u00edneo alrededor de los nervios irritados.<\/li>\n<li><strong>Ejercicio y rehabilitaci\u00f3n<\/strong>: Los quiropr\u00e1cticos suelen recomendar ejercicios espec\u00edficos para fortalecer los m\u00fasculos que sostienen la columna vertebral y las articulaciones, mejorando la postura y previniendo nuevas lesiones.<\/li>\n<li><strong>Modificaciones del estilo de vida<\/strong>: Los consejos sobre ergonom\u00eda, t\u00e9cnicas adecuadas para levantar objetos y modificaciones de la actividad pueden ayudar a los pacientes a evitar los desencadenantes y reducir la recurrencia del dolor.<\/li>\n<\/ul>\n<h2>Atenci\u00f3n centrada en el paciente: empieza por usted<\/h2>\n<p>Nuestra misi\u00f3n es dar prioridad a las experiencias de nuestros pacientes. Sus historias son un testimonio de nuestro compromiso con la gesti\u00f3n eficaz del dolor Dalton. Ya sea recuper\u00e1ndose de un accidente de coche o buscando una mejor salud general de la columna vertebral, nuestros pacientes pueden estar seguros de que atendemos sus necesidades y ofrecemos alivio para sus molestias.<\/p>\n<h3>\u00danase a nuestra comunidad de pacientes pr\u00f3speros<\/h3>\n<p>Cuando usted elige Inspine, usted no es s\u00f3lo un paciente; usted se convierte en parte de una comunidad de apoyo. Este sentimiento de pertenencia fomenta la motivaci\u00f3n y la esperanza. Creemos que juntos podemos conseguir una vida sin dolor. \u00danase a nosotros y trabajemos juntos por su recuperaci\u00f3n y bienestar. Tus prioridades son las nuestras. D\u00e9janos ayudarte.<\/p>\n<h2>Accesibilidad y comodidad<\/h2>\n<p>Una de nuestras principales prioridades es hacer que nuestros servicios sean accesibles para todos en el \u00e1rea de Dalton. Nada debe interponerse entre usted y su mejor vida. Reconocemos que la gesti\u00f3n eficaz del dolor debe estar disponible para todos, independientemente de su idioma o situaci\u00f3n financiera.<\/p>\n<h3>Servicios biling\u00fces: Ingl\u00e9s y Espa\u00f1ol<\/h3>\n<p>Nuestro compromiso con la inclusi\u00f3n se refleja en nuestro personal biling\u00fce. Ofrecemos servicios tanto en ingl\u00e9s como en espa\u00f1ol, lo que garantiza una comunicaci\u00f3n clara y la comprensi\u00f3n de nuestra diversa base de pacientes. Este enfoque nos permite conectar con m\u00e1s personas que buscan alivio del dolor. La comunicaci\u00f3n no deber\u00eda impedir a nadie acceder a la atenci\u00f3n que necesita.<\/p>\n<p><img loading=\"lazy\" decoding=\"async\" class=\"alignnone wp-image-2557 size-full\" src=\"https:\/\/inspinechiro.com\/wp-content\/uploads\/2024\/12\/doctor-surgery-procedures-in-pain-management.webp\" alt=\"A chiropractor helps a patient handle the effects of discomfort by administering adjustment treatment.\" width=\"500\" height=\"281\" srcset=\"https:\/\/inspinechiro.com\/wp-content\/uploads\/2024\/12\/doctor-surgery-procedures-in-pain-management.webp 500w, https:\/\/inspinechiro.com\/wp-content\/uploads\/2024\/12\/doctor-surgery-procedures-in-pain-management-300x169.webp 300w\" sizes=\"(max-width: 500px) 100vw, 500px\" \/><\/p>\n<h3>Opciones de financiaci\u00f3n flexibles para todos los pacientes<\/h3>\n<p>Entendiendo las preocupaciones financieras que pueden surgir con la asistencia sanitaria, ofrecemos opciones de financiaci\u00f3n flexibles. Nuestro objetivo es que todos los pacientes puedan acceder a un tratamiento del dolor de calidad, independientemente de su situaci\u00f3n econ\u00f3mica. Su viaje hacia una vida sin dolor comienza aqu\u00ed, con servicios accesibles dise\u00f1ados para satisfacer sus necesidades. No queremos que las finanzas sean un impedimento para que usted busque alivio del dolor.<\/p>\n<h2>Concierte su cita hoy mismo<\/h2>\n<p>Es hora de que recupere su vida sin dolor. Sabemos que el viaje de cada paciente es \u00fanico. Nuestro dedicado equipo est\u00e1 aqu\u00ed para guiarle en su camino hacia una vida sin dolor. No dude en ponerse en contacto con nosotros para saber c\u00f3mo podemos ayudarle. Dar el primer paso es crucial. P\u00f3ngase en contacto con nosotros hoy mismo para concertar una cita. Nuestro personal compasivo trabajar\u00e1 con usted para establecer un momento conveniente que se adapte a su apretada agenda. Sabemos que la vida puede ser ajetreada. Nos aseguraremos de que consiga una cita a la que pueda llegar c\u00f3modamente. No dejes que el dolor te detenga por m\u00e1s tiempo. P\u00f3ngase en contacto con Inspine Chiropractic and Wellness en Dalton, GA, y d\u00e9 el primer paso hacia una vida activa y plena. \u00a1Su viaje hacia el bienestar comienza aqu\u00ed!<\/p>\n","protected":false},"excerpt":{"rendered":"<p>Tratamiento del dolor en Dalton con Inspine Quiropr\u00e1ctica y Bienestar Descubra Inspine Quiropr\u00e1ctica y Bienestar, donde nos especializamos en la entrega de soluciones eficaces y no invasivas para el tratamiento del dolor adaptadas a sus necesidades individuales. Nuestro enfoque se centra en la comprensi\u00f3n de la fuente de su malestar, si se deriva de condiciones [&hellip;]<\/p>\n","protected":false},"author":54,"featured_media":3415,"parent":3664,"menu_order":0,"comment_status":"closed","ping_status":"closed","template":"","meta":{"_acf_changed":false,"_metasync_otto_title":"","_metasync_otto_description":"","_metasync_otto_keywords":"","_metasync_otto_og_title":"","_metasync_otto_og_description":"","_metasync_otto_twitter_title":"","_metasync_otto_twitter_description":"","rank_math_title":"Dalton Pain Management - Cuidado Quiropr\u00e1ctico Para el Dolor Cr\u00f3nico","rank_math_description":"Experimente las terapias efectivas empleadas por Inspine Chiropractic para el manejo del dolor que promueven el alivio y apoyan su viaje de recuperaci\u00f3n. ","_yoast_wpseo_title":"","_yoast_wpseo_metadesc":"","_aioseo_title":"","_aioseo_description":"","_metasync_seo_title":"","_metasync_seo_desc":"","_metasync_breadcrumb_title":"","_metasync_primary_category":0,"_metasync_primary_product_cat":0,"_metasync_otto_disabled":"","_metasync_hreflang":"","_metasync_plugin_sync_ts":"","_metasync_robots_advanced":"","footnotes":""},"class_list":["post-3718","page","type-page","status-publish","has-post-thumbnail","hentry"],"acf":[],"_links":{"self":[{"href":"https:\/\/inspinechiro.com\/es\/wp-json\/wp\/v2\/pages\/3718","targetHints":{"allow":["GET"]}}],"collection":[{"href":"https:\/\/inspinechiro.com\/es\/wp-json\/wp\/v2\/pages"}],"about":[{"href":"https:\/\/inspinechiro.com\/es\/wp-json\/wp\/v2\/types\/page"}],"author":[{"embeddable":true,"href":"https:\/\/inspinechiro.com\/es\/wp-json\/wp\/v2\/users\/54"}],"replies":[{"embeddable":true,"href":"https:\/\/inspinechiro.com\/es\/wp-json\/wp\/v2\/comments?post=3718"}],"version-history":[{"count":2,"href":"https:\/\/inspinechiro.com\/es\/wp-json\/wp\/v2\/pages\/3718\/revisions"}],"predecessor-version":[{"id":3720,"href":"https:\/\/inspinechiro.com\/es\/wp-json\/wp\/v2\/pages\/3718\/revisions\/3720"}],"up":[{"embeddable":true,"href":"https:\/\/inspinechiro.com\/es\/wp-json\/wp\/v2\/pages\/3664"}],"wp:featuredmedia":[{"embeddable":true,"href":"https:\/\/inspinechiro.com\/es\/wp-json\/wp\/v2\/media\/3415"}],"wp:attachment":[{"href":"https:\/\/inspinechiro.com\/es\/wp-json\/wp\/v2\/media?parent=3718"}],"curies":[{"name":"wp","href":"https:\/\/api.w.org\/{rel}","templated":true}]}}