{"id":3721,"date":"2024-12-06T14:51:58","date_gmt":"2024-12-06T19:51:58","guid":{"rendered":"https:\/\/inspinechiro.com\/dalton\/dalton-deporte-lesiones-quiropractico\/"},"modified":"2024-12-21T01:28:47","modified_gmt":"2024-12-21T06:28:47","slug":"dalton-deporte-lesiones-quiropractico","status":"publish","type":"page","link":"https:\/\/inspinechiro.com\/es\/dalton\/dalton-deporte-lesiones-quiropractico\/","title":{"rendered":"Dalton Deporte Lesiones Quiropr\u00e1ctico"},"content":{"rendered":"<h2>Quiropr\u00e1ctico de lesiones deportivas Dalton cerca de usted<\/h2>\n<p>Los atletas se enfrentan a retos \u00fanicos cuando se trata de lesiones deportivas. Todo el mundo se enfrenta a lesiones en su vida diaria, pero los atletas necesitan para tratar las lesiones de manera diferente. Los atletas a menudo entrenan y compiten en condiciones m\u00e1s severas, por lo que se requiere un apoyo continuo cuando se enfrentan a una lesi\u00f3n. Muchos atletas recurren a la atenci\u00f3n quiropr\u00e1ctica cuando se lesionan, citando su papel vital en la reducci\u00f3n de la inflamaci\u00f3n, proporcionando alivio para el dolor, y la mejora de la calidad general de la convalecencia. Nuestro equipo dedicado en Dalton, GA, se compromete a ayudarle a recuperar el control de su salud f\u00edsica y mejorar su rendimiento. Nos centramos en un enfoque multidisciplinario, ver las lesiones deportivas tratadas tanto con t\u00e9cnicas de atenci\u00f3n quiropr\u00e1ctica y la atenci\u00f3n personalizada para hacer frente a sus necesidades espec\u00edficas. Cuando usted nos elige para el cuidado quiropr\u00e1ctico, usted gana el acceso a una abundancia de maestr\u00eda. Nuestros profesionales experimentados se especializan en el tratamiento de diversas lesiones deportivas, incluyendo lesiones de tejidos blandos, dolor en las articulaciones, y las condiciones cr\u00f3nicas. Utilizamos tratamientos eficaces destinados a aliviar el dolor y mejorar el tiempo de recuperaci\u00f3n sin procedimientos invasivos, garantizando un tiempo de inactividad m\u00ednimo durante su proceso de recuperaci\u00f3n.<\/p>\n<h2>Compromiso con el bienestar<\/h2>\n<p>Nuestro compromiso con su bienestar va m\u00e1s all\u00e1 del tratamiento de las lesiones. Nuestro objetivo es mejorar su salud y movilidad general, permiti\u00e9ndole volver a sus actividades favoritas de la forma m\u00e1s r\u00e1pida y segura posible. Nuestro enfoque incluye evaluaciones exhaustivas y planes de tratamiento personalizados dise\u00f1ados para ayudarle en su proceso de recuperaci\u00f3n. Las lesiones deportivas son distintas de las lesiones por accidente de coche o del dolor de espalda cr\u00f3nico por estar sentado mucho tiempo. Los tipos de lesiones sufridas en el deporte son espec\u00edficos y requieren un tratamiento calculado por parte de profesionales.<\/p>\n<p><img fetchpriority=\"high\" decoding=\"async\" class=\"alignnone wp-image-2622 size-full\" src=\"https:\/\/inspinechiro.com\/wp-content\/uploads\/2024\/12\/dalton-sport-injury-chiropractor-sports-injuries-treatment.webp\" alt=\"A man in running attire reaches for his knee in pain. He could likely use pain relief or advice from sports medicine specialists.\" width=\"500\" height=\"334\" srcset=\"https:\/\/inspinechiro.com\/wp-content\/uploads\/2024\/12\/dalton-sport-injury-chiropractor-sports-injuries-treatment.webp 500w, https:\/\/inspinechiro.com\/wp-content\/uploads\/2024\/12\/dalton-sport-injury-chiropractor-sports-injuries-treatment-300x200.webp 300w\" sizes=\"(max-width: 500px) 100vw, 500px\" \/><\/p>\n<h2>Tratamiento integral de lesiones deportivas en Dalton, GA<\/h2>\n<p>Nos especializamos en el tratamiento de una amplia gama de lesiones deportivas. Nuestro equipo dedicado entiende las exigencias f\u00edsicas que enfrentan los atletas, desde atletas profesionales o guerreros de fin de semana. Proporcionamos atenci\u00f3n experta dise\u00f1ada espec\u00edficamente para abordar las lesiones de tejidos blandos, dolor en las articulaciones, y otras condiciones que pueden obstaculizar el rendimiento deportivo. Nuestro enfoque combina t\u00e9cnicas avanzadas con un profundo conocimiento de la medicina deportiva. Utilizamos tratamientos eficaces para aliviar el dolor y promover la recuperaci\u00f3n. Nuestro objetivo es ayudarle a recuperar el control sobre su salud f\u00edsica y volver a las actividades que le gustan tan pronto como sea posible.<\/p>\n<h3>Tratamiento del dolor a trav\u00e9s de la atenci\u00f3n quiropr\u00e1ctica<\/h3>\n<p>Desde el momento en que usted entra por nuestras puertas, usted puede esperar una evaluaci\u00f3n completa de su condici\u00f3n. Nos tomamos el tiempo para entender su historial m\u00e9dico y sus necesidades espec\u00edficas. Esto nos permite desarrollar un plan de tratamiento integral adaptado a su situaci\u00f3n espec\u00edfica. Adem\u00e1s de la atenci\u00f3n quiropr\u00e1ctica tradicional, ofrecemos una variedad de terapias no invasivas. Estos tratamientos est\u00e1n dise\u00f1ados para mejorar el proceso de curaci\u00f3n y mejorar la movilidad. Nuestro enfoque hol\u00edstico no s\u00f3lo aborda el dolor inmediato, sino que tambi\u00e9n se centra en el bienestar a largo plazo y la mejora del rendimiento. Elija Inspine Quiropr\u00e1ctica y Bienestar para sus necesidades de lesiones deportivas. Estamos comprometidos a proporcionarle el m\u00e1s alto nivel de atenci\u00f3n y apoyo a lo largo de su proceso de recuperaci\u00f3n. Si usted est\u00e1 tratando con una lesi\u00f3n reciente o en busca de t\u00e9cnicas para controlar el dolor, nuestro equipo est\u00e1 aqu\u00ed para ayudarle a lograr una curaci\u00f3n \u00f3ptima y volver en el juego.<\/p>\n<h2>Planes de tratamiento personalizados para el dolor cr\u00f3nico y las lesiones deportivas<\/h2>\n<p>El cuerpo de cada deportista es diferente, y no hay dos que necesiten el mismo plan de tratamiento. Es por eso que nuestros planes de tratamiento est\u00e1n dise\u00f1ados para hacer frente a sus necesidades y objetivos espec\u00edficos. Si usted est\u00e1 tratando con lesiones menores o dolor cr\u00f3nico, nuestro equipo trabajar\u00e1 estrechamente con usted para hacer frente a sus necesidades. Nuestros servicios quiropr\u00e1cticos comienzan con una evaluaci\u00f3n exhaustiva de su condici\u00f3n. Esto nos permite identificar la causa de su dolor f\u00edsico y adaptar nuestra atenci\u00f3n quiropr\u00e1ctica en consecuencia. Utilizamos la atenci\u00f3n quiropr\u00e1ctica para aliviar el malestar y mejorar la movilidad, desde el tratamiento de lesiones cr\u00f3nicas a sugerir tratamientos especializados.<\/p>\n<h3>Exploraci\u00f3n de opciones de tratamiento<\/h3>\n<p>Adem\u00e1s de la atenci\u00f3n quiropr\u00e1ctica, incorporamos diversas terapias en nuestros planes de tratamiento. Desde im\u00e1genes avanzadas hasta rehabilitaci\u00f3n f\u00edsica, nuestro objetivo es proporcionar un enfoque hol\u00edstico que apoye su recuperaci\u00f3n. Nuestro objetivo no es s\u00f3lo aliviar el dolor, sino tambi\u00e9n mejorar su rendimiento deportivo y prevenir futuras lesiones. Con nuestro compromiso de atenci\u00f3n personalizada, puede confiar en que su proceso de recuperaci\u00f3n ser\u00e1 guiado por profesionales experimentados dedicados a su bienestar. Queremos dar prioridad a su salud y nos esforzamos por ayudarle a recuperar el control sobre sus capacidades f\u00edsicas. Programe su consulta gratuita hoy mismo y d\u00e9 el primer paso hacia una curaci\u00f3n \u00f3ptima.<\/p>\n<h2>Servicios especializados para lesiones relacionadas con el deporte<\/h2>\n<p>Es importante reconocer los retos espec\u00edficos a los que se enfrentan los atletas cuando sufren lesiones deportivas. Nuestros servicios especializados est\u00e1n dise\u00f1ados para tratar diversas afecciones, garantizando una recuperaci\u00f3n eficaz y un mayor rendimiento.<\/p>\n<h3>Terapias no invasivas para favorecer la curaci\u00f3n<\/h3>\n<p>Nuestra cl\u00ednica ofrece una gama de terapias no invasivas destinadas a fomentar la curaci\u00f3n y reducir el dolor sin intervenci\u00f3n quir\u00fargica. T\u00e9cnicas como los ajustes quiropr\u00e1cticos, la masoterapia y la fisioterapia pueden utilizarse para aliviar las molestias y restaurar la funci\u00f3n. Estas terapias se centran en el tratamiento de la ra\u00edz del dolor, lo que permite un proceso de recuperaci\u00f3n m\u00e1s completo.<\/p>\n<h3>Mejora de la salud y la movilidad de la columna vertebral<\/h3>\n<p>Mantener la salud de la columna vertebral es crucial para los atletas. Nuestros quiropr\u00e1cticos emplean su experiencia para mejorar la alineaci\u00f3n de la columna vertebral y la movilidad. Esto no s\u00f3lo ayuda a aliviar el dolor, sino que tambi\u00e9n mejora el rendimiento deportivo en general. Al abordar cuestiones como el dolor articular y las distensiones musculares, le ayudamos a lograr el control sobre su cuerpo y volver a su deporte con confianza. Nos dedicamos a ayudarle a recuperarse de forma r\u00e1pida y segura, permiti\u00e9ndole volver a hacer lo que m\u00e1s le gusta.<\/p>\n<p><img decoding=\"async\" class=\"alignnone wp-image-2623 size-full\" src=\"https:\/\/inspinechiro.com\/wp-content\/uploads\/2024\/12\/sports-medicine-specialists-managing-sports-related-injuries-1.webp\" alt=\"Image of a professional athlete receiving chiropractic care from a Dalton Sport Injury Chiropractor, focusing on sports injuries and ongoing pain treatment.\" width=\"500\" height=\"333\" srcset=\"https:\/\/inspinechiro.com\/wp-content\/uploads\/2024\/12\/sports-medicine-specialists-managing-sports-related-injuries-1.webp 500w, https:\/\/inspinechiro.com\/wp-content\/uploads\/2024\/12\/sports-medicine-specialists-managing-sports-related-injuries-1-300x200.webp 300w\" sizes=\"(max-width: 500px) 100vw, 500px\" \/><\/p>\n<h2>Nuestros experimentados quiropr\u00e1cticos Dalton lesiones deportivas<\/h2>\n<p>Nuestro equipo de quiropr\u00e1cticos expertos se dedica a proporcionar una atenci\u00f3n excepcional para las lesiones deportivas. Cada quiropr\u00e1ctico aporta una riqueza de conocimientos y experiencia a la mesa, asegurando que usted reciba el tratamiento m\u00e1s alta calidad adaptada a sus necesidades espec\u00edficas. Nuestros quiropr\u00e1cticos se especializan en el tratamiento de diversas lesiones relacionadas con el deporte, desde da\u00f1os en los tejidos blandos hasta dolor cr\u00f3nico. Utilizan t\u00e9cnicas de atenci\u00f3n quiropr\u00e1ctica y un enfoque hol\u00edstico para ayudarle a tomar el control de su salud y mejorar su tiempo de recuperaci\u00f3n. Si usted est\u00e1 enfrentando dolor de cuello, dolor de espalda, u otros problemas de una lesi\u00f3n deportiva, nuestro equipo se compromete a apoyar su camino hacia la recuperaci\u00f3n.<\/p>\n<h3>Atenci\u00f3n Quiropr\u00e1ctica Biling\u00fce<\/h3>\n<p>Adem\u00e1s, nuestro personal biling\u00fce est\u00e1 aqu\u00ed para garantizar que la comunicaci\u00f3n sea fluida y que todos los pacientes se sientan c\u00f3modos y comprendidos. Creemos que un ambiente de apoyo es crucial para su bienestar. Cuando usted elige Inspine Quiropr\u00e1ctica y Bienestar, usted est\u00e1 eligiendo un equipo que da prioridad a su salud y recuperaci\u00f3n. Nuestros quiropr\u00e1cticos trabajan en colaboraci\u00f3n para desarrollar planes de tratamiento personalizados para el tratamiento del dolor y la mejora de la movilidad. Experimente la diferencia que la atenci\u00f3n de expertos puede hacer en su recuperaci\u00f3n del dolor persistente y lesiones deportivas.<\/p>\n<h2>Su primera visita: Qu\u00e9 esperar<\/h2>\n<p><img decoding=\"async\" class=\"alignnone wp-image-3026\" src=\"https:\/\/inspinechiro.com\/wp-content\/uploads\/2024\/12\/InspineSports.webp\" alt=\"Sports Injuries Chiropractic Treatment\" width=\"627\" height=\"627\" srcset=\"https:\/\/inspinechiro.com\/wp-content\/uploads\/2024\/12\/InspineSports.webp 800w, https:\/\/inspinechiro.com\/wp-content\/uploads\/2024\/12\/InspineSports-300x300.webp 300w, https:\/\/inspinechiro.com\/wp-content\/uploads\/2024\/12\/InspineSports-150x150.webp 150w, https:\/\/inspinechiro.com\/wp-content\/uploads\/2024\/12\/InspineSports-768x768.webp 768w, https:\/\/inspinechiro.com\/wp-content\/uploads\/2024\/12\/InspineSports-400x400.webp 400w, https:\/\/inspinechiro.com\/wp-content\/uploads\/2024\/12\/InspineSports-600x600.webp 600w\" sizes=\"(max-width: 627px) 100vw, 627px\" \/><\/p>\n<p>Cuando llegue a Inspine Quiropr\u00e1ctica y Bienestar para su cita inicial, usted puede esperar un ambiente acogedor y profesional. Nuestro objetivo es hacer que se sienta c\u00f3modo a medida que comenzamos su viaje hacia la recuperaci\u00f3n.<\/p>\n<h3>Minuciosa Evaluaci\u00f3n de la Salud y Consulta<\/h3>\n<p>Despu\u00e9s de programar una cita, nuestro equipo llevar\u00e1 a cabo una evaluaci\u00f3n completa de la salud. Esto incluye una discusi\u00f3n detallada de su historial de lesiones deportivas, los s\u00edntomas actuales, y cualquier tratamiento previo que haya recibido. Le preguntaremos sobre los detalles de sus lesiones deportivas, incluida la naturaleza del dolor y c\u00f3mo afecta a sus actividades diarias. Esta informaci\u00f3n es crucial para que podamos entender la causa de su malestar. Tras la consulta, es posible que le realicemos un examen f\u00edsico para evaluar su amplitud de movimiento, su fuerza y su movilidad general. Esta evaluaci\u00f3n exhaustiva nos ayuda a identificar cualquier problema subyacente que pueda estar contribuyendo a su dolor.<\/p>\n<h3><img loading=\"lazy\" decoding=\"async\" class=\"alignnone wp-image-2624 size-full\" src=\"https:\/\/inspinechiro.com\/wp-content\/uploads\/2024\/12\/advances-in-chiropractic-adjustments-for-athletes.webp\" alt=\"An athlete suffering with a sports injury grabs his arm, considering overall health options like chiropractic care, physical therapy, and corticosteroid injections.\" width=\"500\" height=\"334\" srcset=\"https:\/\/inspinechiro.com\/wp-content\/uploads\/2024\/12\/advances-in-chiropractic-adjustments-for-athletes.webp 500w, https:\/\/inspinechiro.com\/wp-content\/uploads\/2024\/12\/advances-in-chiropractic-adjustments-for-athletes-300x200.webp 300w\" sizes=\"(max-width: 500px) 100vw, 500px\" \/><\/h3>\n<h3>Lesiones deportivas tratadas con cuidados quiropr\u00e1cticos<\/h3>\n<p>Tras la evaluaci\u00f3n, nuestros quiropr\u00e1cticos trabajar\u00e1n estrechamente con usted para desarrollar un plan de recuperaci\u00f3n personalizado. Este plan esbozar\u00e1 los tratamientos espec\u00edficos y terapias m\u00e1s adecuadas para hacer frente a sus necesidades \u00fanicas. Ya se trate de ajustes quiropr\u00e1cticos, terapias de tejidos blandos, o ejercicios de rehabilitaci\u00f3n, nuestra atenci\u00f3n se centra en la creaci\u00f3n de un enfoque a medida que promueve la curaci\u00f3n y reduce el dolor.<\/p>\n<h3>Enfoque centrado en el paciente<\/h3>\n<p>Nuestro compromiso es mantenerle informado durante todo el proceso. Vamos a explicar cada paso de su camino hacia la recuperaci\u00f3n, asegur\u00e1ndose de que entiende c\u00f3mo cada tratamiento contribuye a su bienestar general. Ayudamos a las personas con todo, desde lesiones por accidente de auto a dolor de cuello cr\u00f3nico, y nuestra atenci\u00f3n se centra en la comodidad de nuestros pacientes. Es importante destacar c\u00f3mo la comunicaci\u00f3n es clave para el \u00e9xito del tratamiento. Esperamos asociarnos con usted para restaurar su salud y mejorar su rendimiento deportivo.<\/p>\n<h2>Financiaci\u00f3n flexible y opciones de seguro<\/h2>\n<p>Consideramos que las preocupaciones financieras no deben ser un obst\u00e1culo para concertar una cita. Por eso ofrecemos soluciones de financiaci\u00f3n flexibles adaptadas a las distintas necesidades. Trabajamos en estrecha colaboraci\u00f3n con los principales proveedores de seguros para agilizar el proceso de reclamaciones. Esta colaboraci\u00f3n nos permite maximizar sus beneficios y minimizar los gastos de su bolsillo. Nuestro personal experto le guiar\u00e1 a trav\u00e9s del laberinto de los seguros, ayud\u00e1ndole a entender sus opciones de cobertura y cualquier coste potencial asociado a su tratamiento.<\/p>\n<h3>Salud hol\u00edstica para todos<\/h3>\n<p>Para quienes no tienen seguro o se enfrentan a franquicias elevadas, disponemos de planes de financiaci\u00f3n alternativos que facilitan la gesti\u00f3n de los pagos. Creemos que todo el mundo merece la oportunidad de recuperarse plenamente de las lesiones relacionadas con el deporte, y nuestro compromiso con la asequibilidad refleja esa creencia. Su salud y bienestar son nuestras principales prioridades. P\u00f3ngase en contacto con nosotros para obtener m\u00e1s informaci\u00f3n sobre sus opciones de financiaci\u00f3n y sobre c\u00f3mo podemos ayudarle en su convalecencia.<\/p>\n<p><img loading=\"lazy\" decoding=\"async\" class=\"alignnone wp-image-2630 size-full\" src=\"https:\/\/inspinechiro.com\/wp-content\/uploads\/2024\/12\/chiropractic-care-for-chronic-pain-relief.webp\" alt=\"A jogger reaches for her knee while out on a run, indicating she might have a pulled muscle or torn ligament.\" width=\"500\" height=\"333\" srcset=\"https:\/\/inspinechiro.com\/wp-content\/uploads\/2024\/12\/chiropractic-care-for-chronic-pain-relief.webp 500w, https:\/\/inspinechiro.com\/wp-content\/uploads\/2024\/12\/chiropractic-care-for-chronic-pain-relief-300x200.webp 300w\" sizes=\"(max-width: 500px) 100vw, 500px\" \/><\/p>\n<h2>Programe hoy su consulta gratuita<\/h2>\n<p>Dar el primer paso hacia la recuperaci\u00f3n es crucial, y en Inspine Quiropr\u00e1ctica y Bienestar, lo hacemos f\u00e1cil. Programe una cita para discutir su lesi\u00f3n deportiva con nuestros experimentados quiropr\u00e1cticos Dalton. Durante esta visita inicial, llevaremos a cabo una evaluaci\u00f3n completa de la salud para entender sus necesidades espec\u00edficas y la naturaleza de su lesi\u00f3n. Nuestro equipo se dedica a proporcionar planes de tratamiento personalizados dise\u00f1ados para aliviar el dolor y fomentar la curaci\u00f3n. Damos prioridad a su bienestar y nuestro objetivo es ayudarle a reclamar el control sobre su salud f\u00edsica. Si usted est\u00e1 tratando con lesiones de tejidos blandos, dolor en las articulaciones, o condiciones cr\u00f3nicas, estamos aqu\u00ed para apoyarle.<\/p>\n<h3>Contacta con nosotros<\/h3>\n<p>No deje que el dolor le impida disfrutar de sus actividades favoritas. P\u00f3ngase en contacto con nosotros hoy mismo para reservar su consulta. Juntos podemos dise\u00f1ar un tratamiento que le permita volver a rendir al m\u00e1ximo. Disfrute de una vida sin dolor con Inspine Chiropractic and Wellness. \u00a1Su camino hacia la recuperaci\u00f3n comienza ahora!<\/p>\n","protected":false},"excerpt":{"rendered":"<p>Quiropr\u00e1ctico de lesiones deportivas Dalton cerca de usted Los atletas se enfrentan a retos \u00fanicos cuando se trata de lesiones deportivas. Todo el mundo se enfrenta a lesiones en su vida diaria, pero los atletas necesitan para tratar las lesiones de manera diferente. Los atletas a menudo entrenan y compiten en condiciones m\u00e1s severas, por [&hellip;]<\/p>\n","protected":false},"author":54,"featured_media":3419,"parent":3664,"menu_order":0,"comment_status":"closed","ping_status":"closed","template":"","meta":{"_acf_changed":false,"_metasync_otto_title":"","_metasync_otto_description":"","_metasync_otto_keywords":"","_metasync_otto_og_title":"","_metasync_otto_og_description":"","_metasync_otto_twitter_title":"","_metasync_otto_twitter_description":"","rank_math_title":"Quiropr\u00e1ctico de lesiones deportivas en Dalton GA | Llame al (709) 890-6250","rank_math_description":"Recup\u00e9rese m\u00e1s r\u00e1pido con nuestros quiropr\u00e1cticos para lesiones deportivas. Atenci\u00f3n experta a deportistas para aliviar el dolor, mejorar la movilidad y recuperar el m\u00e1ximo rendimiento. ","_yoast_wpseo_title":"","_yoast_wpseo_metadesc":"","_aioseo_title":"","_aioseo_description":"","_metasync_seo_title":"","_metasync_seo_desc":"","_metasync_otto_disabled":"","footnotes":""},"class_list":["post-3721","page","type-page","status-publish","has-post-thumbnail","hentry"],"acf":[],"_links":{"self":[{"href":"https:\/\/inspinechiro.com\/es\/wp-json\/wp\/v2\/pages\/3721","targetHints":{"allow":["GET"]}}],"collection":[{"href":"https:\/\/inspinechiro.com\/es\/wp-json\/wp\/v2\/pages"}],"about":[{"href":"https:\/\/inspinechiro.com\/es\/wp-json\/wp\/v2\/types\/page"}],"author":[{"embeddable":true,"href":"https:\/\/inspinechiro.com\/es\/wp-json\/wp\/v2\/users\/54"}],"replies":[{"embeddable":true,"href":"https:\/\/inspinechiro.com\/es\/wp-json\/wp\/v2\/comments?post=3721"}],"version-history":[{"count":2,"href":"https:\/\/inspinechiro.com\/es\/wp-json\/wp\/v2\/pages\/3721\/revisions"}],"predecessor-version":[{"id":3723,"href":"https:\/\/inspinechiro.com\/es\/wp-json\/wp\/v2\/pages\/3721\/revisions\/3723"}],"up":[{"embeddable":true,"href":"https:\/\/inspinechiro.com\/es\/wp-json\/wp\/v2\/pages\/3664"}],"wp:featuredmedia":[{"embeddable":true,"href":"https:\/\/inspinechiro.com\/es\/wp-json\/wp\/v2\/media\/3419"}],"wp:attachment":[{"href":"https:\/\/inspinechiro.com\/es\/wp-json\/wp\/v2\/media?parent=3721"}],"curies":[{"name":"wp","href":"https:\/\/api.w.org\/{rel}","templated":true}]}}