{"id":3733,"date":"2024-12-11T11:23:56","date_gmt":"2024-12-11T16:23:56","guid":{"rendered":"https:\/\/inspinechiro.com\/dalton\/lesiones-cervicales\/"},"modified":"2024-12-23T04:29:04","modified_gmt":"2024-12-23T09:29:04","slug":"lesiones-cervicales","status":"publish","type":"page","link":"https:\/\/inspinechiro.com\/es\/dalton\/lesiones-cervicales\/","title":{"rendered":"Lesiones cervicales"},"content":{"rendered":"<h2>Causas comunes de las lesiones cervicales<\/h2>\n<p>Las lesiones cervicales pueden tener diversas causas, cada una de las cuales contribuye a causar molestias y posibles efectos a largo plazo. Comprender estas causas es esencial para la prevenci\u00f3n y el tratamiento eficaz.<\/p>\n<h3>Traumatismos y accidentes<\/h3>\n<p>Los traumatismos son una de las causas m\u00e1s frecuentes de lesiones cervicales. Los accidentes de coche, las ca\u00eddas y los incidentes relacionados con el deporte suelen provocar dolor y da\u00f1os graves en la columna cervical. En algunos casos extremos, esto puede incluso dar lugar a una urgencia m\u00e9dica como una fractura de cuello. Las lesiones por latigazo cervical, consecuencia habitual de las colisiones automovil\u00edsticas, implican un movimiento r\u00e1pido de la cabeza hacia delante y hacia atr\u00e1s, lo que sobrecarga los m\u00fasculos y ligamentos del cuello. La atenci\u00f3n m\u00e9dica inmediata es crucial en estos casos para abordar cualquier problema subyacente y comenzar el proceso de curaci\u00f3n.<\/p>\n<h3>Afecciones degenerativas de la m\u00e9dula espinal<\/h3>\n<p>A medida que envejecemos, nuestro cuerpo sufre un desgaste natural. Afecciones como la artrosis pueden provocar espolones \u00f3seos y una disminuci\u00f3n de la flexibilidad en el cuello. Estos cambios degenerativos pueden causar dolor y rigidez cr\u00f3nicos en el cuello. Es importante vigilar estos efectos, ya que pueden afectar a las actividades diarias y a la calidad de vida en general.<\/p>\n<h3>Malas posturas y uso excesivo<\/h3>\n<p>Los estilos de vida modernos contribuyen a menudo a las molestias cervicales. Los periodos prolongados de mala postura, especialmente al utilizar ordenadores o dispositivos m\u00f3viles, pueden forzar los m\u00fasculos del cuello y provocar molestias. Adem\u00e1s, los movimientos repetitivos en el trabajo o el deporte pueden provocar debilidad muscular o distensiones. Los descansos regulares y los ajustes ergon\u00f3micos pueden ayudar a prevenir estos problemas, mejorando la salud del cuello y reduciendo el riesgo de lesiones. Al reconocer estas causas comunes, las personas pueden tomar medidas proactivas para proteger sus cuellos y buscar la atenci\u00f3n adecuada cuando sea necesario.<\/p>\n<p><img fetchpriority=\"high\" decoding=\"async\" class=\"alignnone wp-image-2954 size-full\" src=\"https:\/\/inspinechiro.com\/wp-content\/uploads\/2024\/12\/neck-injuries-causes-and-symptoms.webp\" alt=\"A woman suffering from neck pain sits in front of a laptop. Poor posture and bad ergonomics are a common cause of neck pain and other spine issues.\" width=\"500\" height=\"333\" srcset=\"https:\/\/inspinechiro.com\/wp-content\/uploads\/2024\/12\/neck-injuries-causes-and-symptoms.webp 500w, https:\/\/inspinechiro.com\/wp-content\/uploads\/2024\/12\/neck-injuries-causes-and-symptoms-300x200.webp 300w\" sizes=\"(max-width: 500px) 100vw, 500px\" \/><\/p>\n<h3>C\u00f3mo reconocer los s\u00edntomas de las lesiones cervicales<\/h3>\n<p>Identificar las se\u00f1ales de advertencia de las lesiones cervicales es crucial para un tratamiento y una recuperaci\u00f3n r\u00e1pidos. \u00c9stas pueden manifestarse de diversas formas, y ser consciente de estos s\u00edntomas puede ayudarle a buscar atenci\u00f3n m\u00e9dica cuando sea necesario.<\/p>\n<h3>Dolor y molestias en los m\u00fasculos del cuello<\/h3>\n<p>Uno de los s\u00edntomas m\u00e1s comunes es el dolor. Puede ir desde una molestia leve hasta un dolor intenso que se irradia hacia los hombros o la parte superior de los brazos. Las personas pueden experimentar rigidez en el cuello, lo que dificulta girar la cabeza. Estas molestias pueden ser consecuencia de distensiones musculares o da\u00f1os en la columna cervical.<\/p>\n<h3>S\u00edntomas neurol\u00f3gicos<\/h3>\n<p>En raras ocasiones, las lesiones cervicales pueden provocar s\u00edntomas relacionados con los nervios. Estos pueden incluir sensaciones de hormigueo, entumecimiento o debilidad en brazos o piernas. Estos s\u00edntomas suelen indicar que las ra\u00edces nerviosas est\u00e1n siendo comprimidas o afectadas. Si experimenta alguno de estos signos, es esencial que busque atenci\u00f3n m\u00e9dica inmediata.<\/p>\n<h3>Movilidad limitada<\/h3>\n<p>Otro s\u00edntoma importante es la movilidad limitada. Es posible que le resulte dif\u00edcil mover el cuello libremente o que experimente rigidez en el cuello. Esta limitaci\u00f3n puede afectar a las actividades diarias y a la calidad de vida en general. Reconocerlo a tiempo puede conducir a intervenciones oportunas, que pueden ayudar a restaurar la funci\u00f3n normal. Es fundamental ser consciente de los s\u00edntomas mencionados. Si sospecha que tiene una lesi\u00f3n, no dude en consultar a un profesional sanitario. Un diagn\u00f3stico y tratamiento tempranos pueden ayudar a prevenir complicaciones mayores y favorecer una recuperaci\u00f3n m\u00e1s r\u00e1pida.<\/p>\n<h2>Tipos de lesiones y afecciones cervicales<\/h2>\n<p>Las lesiones cervicales pueden adoptar diversas formas, cada una de ellas con caracter\u00edsticas e implicaciones distintas. Comprender estos tipos puede ayudar a reconocer estos efectos y a buscar la atenci\u00f3n adecuada.<\/p>\n<h3>Esguinces y distensiones cervicales<\/h3>\n<p>Los esguinces y distensiones cervicales se encuentran entre los tipos de lesiones m\u00e1s comunes. Un esguince se produce cuando los ligamentos, como los que unen los huesos de la columna vertebral, se estiran o se rompen. Una distensi\u00f3n, por su parte, implica da\u00f1os en los m\u00fasculos o tendones del cuello. Ambas pueden deberse a movimientos bruscos, como un latigazo cervical en un accidente de tr\u00e1fico, o a movimientos repetitivos a lo largo del tiempo. Los pacientes suelen comentar que sienten dolor, rigidez y reducci\u00f3n de la amplitud de movimiento.<\/p>\n<h3>Hernia discal y pinzamiento nervioso<\/h3>\n<p>Una hernia discal se produce cuando uno de los discos intervertebrales de la columna cervical se abomba o se rompe, ejerciendo presi\u00f3n sobre los nervios cercanos. Esta afecci\u00f3n puede provocar dolor extremo, entumecimiento o debilidad en los brazos. Como resultado de esta presi\u00f3n, puede producirse un pinzamiento del nervio, con los consiguientes efectos adicionales relacionados con los nervios. El diagn\u00f3stico y el tratamiento precoces son cruciales para aliviar el dolor y restablecer la funcionalidad.<\/p>\n<h3>Fractura cervical y latigazo cervical<\/h3>\n<p>Las fracturas cervicales son lesiones graves que implican roturas de las v\u00e9rtebras cervicales, a menudo como consecuencia de traumatismos de alto impacto, como ca\u00eddas o accidentes de tr\u00e1fico. Los s\u00edntomas pueden incluir dolor intenso y problemas neurol\u00f3gicos. El latigazo cervical, otra lesi\u00f3n cervical frecuente, se produce cuando la cabeza se mueve bruscamente hacia delante y luego hacia atr\u00e1s, forzando los m\u00fasculos y ligamentos del cuello. Esto puede provocar dolor y rigidez persistentes en el cuello, por lo que es esencial acudir r\u00e1pidamente al m\u00e9dico. Comprender este tipo de lesiones es vital para un tratamiento y una recuperaci\u00f3n eficaces. Si experimenta s\u00edntomas relacionados con lesiones cervicales, es importante que consulte a un profesional sanitario para obtener un diagn\u00f3stico preciso y una atenci\u00f3n adecuada.<\/p>\n<p><img decoding=\"async\" class=\"alignnone wp-image-2956 size-full\" src=\"https:\/\/inspinechiro.com\/wp-content\/uploads\/2024\/12\/customized-treatment-plan-for-whiplash-injuries-1.webp\" alt=\"A woman suffering from neck pain steps out of her car after an accident. Common neck injuries from car accidents include whiplash or neck fractures and other issues relating to the bones of the upper spine.\" width=\"500\" height=\"333\" srcset=\"https:\/\/inspinechiro.com\/wp-content\/uploads\/2024\/12\/customized-treatment-plan-for-whiplash-injuries-1.webp 500w, https:\/\/inspinechiro.com\/wp-content\/uploads\/2024\/12\/customized-treatment-plan-for-whiplash-injuries-1-300x200.webp 300w\" sizes=\"(max-width: 500px) 100vw, 500px\" \/><\/p>\n<h2>Opciones de tratamiento para las lesiones cervicales<\/h2>\n<p>Cuando se trata de abordar las lesiones de cuello o esguinces de cuello, una variedad de opciones de tratamiento est\u00e1n disponibles para promover la recuperaci\u00f3n y aliviar el dolor. Inspine Quiropr\u00e1ctica y Bienestar prefiere centrarse en los m\u00e9todos no invasivos que se dirigen a la causa ra\u00edz de su malestar al tiempo que mejora el bienestar general.<\/p>\n<h3>Cuidado quiropr\u00e1ctico no invasivo<\/h3>\n<p>El cuidado quiropr\u00e1ctico es una piedra angular de nuestro enfoque de tratamiento. Nuestros quiropr\u00e1cticos expertos utilizan ajustes suaves para realinear la columna cervical y restaurar la funci\u00f3n apropiada. Este m\u00e9todo puede aliviar la presi\u00f3n sobre la m\u00e9dula espinal y las ra\u00edces nerviosas, ayudando a reducir el dolor y mejorar la movilidad. Las sesiones quiropr\u00e1cticas regulares tambi\u00e9n pueden ayudar en la curaci\u00f3n de los tejidos blandos y las distensiones musculares, proporcionando un camino completo hacia la recuperaci\u00f3n.<\/p>\n<h3>Fisioterapia y ejercicios<\/h3>\n<p>La fisioterapia desempe\u00f1a un papel vital en la rehabilitaci\u00f3n de cualquier lesi\u00f3n alrededor de la m\u00e9dula espinal. Nuestros terapeutas dise\u00f1an programas de ejercicios personalizados dirigidos a fortalecer los m\u00fasculos del cuello y mejorar la flexibilidad. Estos ejercicios pueden ayudar a reducir la rigidez y prevenir futuras lesiones. Las rutinas de estiramiento, combinadas con una actividad espec\u00edfica, contribuyen a mejorar el flujo sangu\u00edneo y la recuperaci\u00f3n.<\/p>\n<h3>Tratamiento del dolor<\/h3>\n<p>Controlar el dolor de forma eficaz es crucial para quienes sufren molestias graves. Ofrecemos varias opciones de tratamiento del dolor, incluidos analg\u00e9sicos de venta libre y, en algunos casos, relajantes musculares. Estos medicamentos pueden ayudar a aliviar el dolor mientras realiza ejercicios terap\u00e9uticos y cuidados quiropr\u00e1cticos. Nuestro equipo trabajar\u00e1 con usted para identificar la estrategia de tratamiento del dolor m\u00e1s adecuada a sus necesidades espec\u00edficas. En resumen, nuestras opciones de tratamiento integral de las lesiones cervicales se centran en m\u00e9todos no invasivos que dan prioridad a su salud y recuperaci\u00f3n. Al tratar el dolor y mejorar la movilidad, nuestro objetivo es ayudarle a recuperar su calidad de vida.<\/p>\n<h2>Prevenci\u00f3n de lesiones cervicales<\/h2>\n<p>Este tipo de lesiones pueden evitarse a menudo con unas pocas medidas proactivas. Al centrarse en mantener una buena postura, realizar ajustes ergon\u00f3micos y utilizar equipos de protecci\u00f3n durante las actividades f\u00edsicas, las personas pueden reducir significativamente el riesgo de desarrollar problemas cervicales.<\/p>\n<h3>Mantener una buena postura<\/h3>\n<p>Una buena postura es esencial para la salud de la columna vertebral. Ya sea sentado en un escritorio o de pie, mantener la cabeza alineada con la parte superior de la columna vertebral ayuda a prevenir el dolor de cuello y la tensi\u00f3n en los m\u00fasculos del cuello. Las pausas regulares durante largos periodos sentados tambi\u00e9n pueden ayudar. Los descansos frecuentes permiten estirarse y cambiar de posici\u00f3n, lo que puede mitigar la rigidez y las molestias.<\/p>\n<h3>Ajustes ergon\u00f3micos<\/h3>\n<p>Crear un espacio de trabajo ergon\u00f3mico es vital para quienes pasan mucho tiempo en un escritorio. Ajustar la altura de la silla, utilizar un soporte para el monitor y asegurarse de que el teclado y el rat\u00f3n est\u00e1n al nivel correcto puede ayudar a mantener una posici\u00f3n neutra del cuello. Unos cambios sencillos pueden suponer una diferencia significativa a la hora de reducir las posibilidades de sufrir lesiones.<\/p>\n<h3>Equipo de protecci\u00f3n para actividades f\u00edsicas<\/h3>\n<p>Si practica deportes de contacto o actividades que entra\u00f1an riesgo de lesiones, lleve siempre el equipo adecuado. Los cascos, los collarines cervicales y otros equipos de seguridad pueden proporcionar un apoyo y una protecci\u00f3n cruciales para el cuello. Esto es especialmente importante en los deportes de alto impacto, en los que aumenta el riesgo de latigazo cervical y otras lesiones. Mediante la aplicaci\u00f3n de estas estrategias, las personas pueden tomar medidas proactivas para prevenir este tipo de lesiones y promover la salud general de la columna vertebral.<\/p>\n<p><img decoding=\"async\" class=\"alignnone size-full wp-image-2953\" src=\"https:\/\/inspinechiro.com\/wp-content\/uploads\/2024\/12\/whiplash-injury-symptoms-and-treatment.webp\" alt=\"A woman receives a chiropractic adjustment after suffering whiplash. While car accidents are the most common cause of whiplash, they can also be caused by rough activity.\" width=\"500\" height=\"333\" srcset=\"https:\/\/inspinechiro.com\/wp-content\/uploads\/2024\/12\/whiplash-injury-symptoms-and-treatment.webp 500w, https:\/\/inspinechiro.com\/wp-content\/uploads\/2024\/12\/whiplash-injury-symptoms-and-treatment-300x200.webp 300w\" sizes=\"(max-width: 500px) 100vw, 500px\" \/><\/p>\n<h2>Por qu\u00e9 elegir Inspine Quiropr\u00e1ctica y Bienestar para el alivio del dolor de cuello<\/h2>\n<p>Cuando se trata de lesiones en el cuello, la selecci\u00f3n del proveedor de atenci\u00f3n adecuada es crucial. Inspine Quiropr\u00e1ctica y Bienestar dar\u00e1 prioridad a su recuperaci\u00f3n y bienestar. Nuestro equipo se dedica a ofrecer la mejor atenci\u00f3n adaptada a sus necesidades espec\u00edficas.<\/p>\n<h3>Planes de tratamiento personalizados<\/h3>\n<p>Entendemos que cada lesi\u00f3n en el cuello es distinta. Es por eso que desarrollamos planes de tratamiento personalizados para hacer frente a sus circunstancias individuales. Tanto si sufre dolor de cuello, rigidez u otros problemas, nuestro enfoque se centra en su proceso de recuperaci\u00f3n. Evaluamos su estado a fondo e incorporamos diversas t\u00e9cnicas para aliviar el dolor y restaurar la funcionalidad.<\/p>\n<h3>Enfoque hol\u00edstico y no invasivo<\/h3>\n<p>Nuestra filosof\u00eda gira en torno a proporcionar una atenci\u00f3n hol\u00edstica. Hacemos hincapi\u00e9 en los m\u00e9todos no invasivos, como los ajustes quiropr\u00e1cticos y los ejercicios terap\u00e9uticos, para tratar eficazmente las lesiones comunes del cuello. Este enfoque no s\u00f3lo alivia las molestias inmediatas, sino que tambi\u00e9n aborda los problemas subyacentes. Al minimizar la dependencia de medicamentos o procedimientos invasivos, nuestro objetivo es mejorar su salud y bienestar general.<\/p>\n<h3>Servicios biling\u00fces y accesibles<\/h3>\n<p>La accesibilidad es clave para una curaci\u00f3n eficaz. Nuestro personal biling\u00fce se compromete a garantizar que todos los pacientes se sientan bienvenidos y comprendidos. Atendemos a una comunidad diversa, por lo que es m\u00e1s f\u00e1cil para todos acceder a la atenci\u00f3n que necesitan. Nuestra ubicaci\u00f3n conveniente y opciones de programaci\u00f3n flexibles le permiten dar prioridad a su salud sin estr\u00e9s a\u00f1adido. Elegir Inspine Quiropr\u00e1ctica y Bienestar significa optar por un equipo dedicado que valora su recuperaci\u00f3n. Estamos aqu\u00ed para proporcionar el apoyo y la experiencia que necesita para superar su lesi\u00f3n en el cuello y recuperar su calidad de vida.<\/p>\n<h2>Afecciones m\u00e9dicas en las que podemos ayudarle<\/h2>\n<h3>Latigazo cervical<\/h3>\n<p>El latigazo cervical es una lesi\u00f3n en el cuello causada por un movimiento repentino y en\u00e9rgico de la cabeza y el cuello hacia atr\u00e1s y hacia adelante, com\u00fanmente como resultado de accidentes automovil\u00edsticos. A menudo conduce a complicaciones como dolor de cuello, rigidez y dolores de cabeza, y puede implicar da\u00f1os en los tejidos blandos, ligamentos o discos en la columna cervical.<\/p>\n<h3>Lesiones relacionadas con accidentes de tr\u00e1fico<\/h3>\n<p>Las lesiones relacionadas con accidentes de tr\u00e1fico abarcan una serie de traumas f\u00edsicos, que a menudo incluyen latigazo cervical, fracturas, lesiones de tejidos blandos y da\u00f1os en la cabeza o la columna vertebral. Estas lesiones pueden variar en gravedad y a menudo requieren atenci\u00f3n inmediata y especializada para su recuperaci\u00f3n. Inspine Chiropractic and Wellness puede ayudar a controlar los s\u00edntomas de estas lesiones con nuestro enfoque hol\u00edstico de la salud de la columna vertebral.<\/p>\n<h3>Rigidez de cuello<\/h3>\n<p>La rigidez de cuello se refiere a la dificultad para mover el cuello debido a tensi\u00f3n muscular, distensi\u00f3n o inflamaci\u00f3n, a menudo causada por malas posturas durante largos periodos, estr\u00e9s o fracturas de cuello en la infancia. Puede provocar molestias y reducir la amplitud de movimiento, a veces acompa\u00f1ada de dolor o cefaleas. Ofrecemos ajustes que pueden ayudar a reducir la inflamaci\u00f3n y relajar los m\u00fasculos para ayudar a restaurar el rango de movimiento.<\/p>\n<h3>Compresi\u00f3n nerviosa<\/h3>\n<p>La compresi\u00f3n nerviosa, o un nervio pellizcado, se produce cuando los tejidos circundantes como los huesos de la columna vertebral, cart\u00edlagos o m\u00fasculos ejercen presi\u00f3n sobre un nervio, interrumpiendo su funci\u00f3n. Esta afecci\u00f3n puede causar dolor, entumecimiento o debilidad, y suele afectar a zonas como el cuello, la espalda o las extremidades.<\/p>\n<h3>Estenosis espinal<\/h3>\n<p>La estenosis espinal es el estrechamiento de espacios dentro de la columna vertebral, que puede comprimir la m\u00e9dula espinal o los nervios. Suele causar s\u00edntomas como dolor, hormigueo o debilidad, principalmente en el cuello o la zona lumbar, y puede empeorar con el tiempo si no se atiende.<\/p>\n<p><img loading=\"lazy\" decoding=\"async\" class=\"alignnone wp-image-2903 size-full\" src=\"https:\/\/inspinechiro.com\/wp-content\/uploads\/2024\/12\/Inspine-Chiropractic-8.webp\" alt=\"Inspine Chiropractic and Wellness in Dalton, GA, is conveniently located near Calhoun, Rocky Face, and other cities in northern Georgia.\" width=\"500\" height=\"375\" srcset=\"https:\/\/inspinechiro.com\/wp-content\/uploads\/2024\/12\/Inspine-Chiropractic-8.webp 500w, https:\/\/inspinechiro.com\/wp-content\/uploads\/2024\/12\/Inspine-Chiropractic-8-300x225.webp 300w\" sizes=\"(max-width: 500px) 100vw, 500px\" \/><\/p>\n<h2>Programe su consulta hoy mismo<\/h2>\n<p>Siempre ponemos su salud y comodidad en primer lugar. Si sufre dolor de cuello u otros s\u00edntomas relacionados con lesiones cervicales, nuestro equipo especializado est\u00e1 aqu\u00ed para ayudarle. Ofrecemos consultas personalizadas y pruebas de imagen para evaluar su condici\u00f3n y desarrollar un plan a medida que satisfaga sus necesidades espec\u00edficas. Nuestra cl\u00ednica est\u00e1 convenientemente situado en Dalton, Georgia, por lo que es f\u00e1cil para que usted pueda acceder a nuestros servicios. Entendemos que el dolor de cuello puede afectar significativamente su vida diaria, y nuestro objetivo es proporcionar alivio a trav\u00e9s de nuestras opciones de atenci\u00f3n integral. Si usted est\u00e1 tratando con rigidez, molestias o s\u00edntomas m\u00e1s graves, estamos comprometidos a guiarlo en su camino hacia la recuperaci\u00f3n. P\u00f3ngase en contacto con nosotros hoy para programar su consulta. Nuestro personal biling\u00fce est\u00e1 listo para ayudarle tanto en ingl\u00e9s como en espa\u00f1ol, asegur\u00e1ndose de que reciba el apoyo que necesita. No deje que los problemas de cuello le detengan &#8211; d\u00e9 el primer paso hacia el alivio y la mejora de la salud poni\u00e9ndose en contacto con Inspine Quiropr\u00e1ctica y Bienestar. Esperamos poder ayudarle a recuperar su calidad de vida.<\/p>\n","protected":false},"excerpt":{"rendered":"<p>Causas comunes de las lesiones cervicales Las lesiones cervicales pueden tener diversas causas, cada una de las cuales contribuye a causar molestias y posibles efectos a largo plazo. Comprender estas causas es esencial para la prevenci\u00f3n y el tratamiento eficaz. Traumatismos y accidentes Los traumatismos son una de las causas m\u00e1s frecuentes de lesiones cervicales. [&hellip;]<\/p>\n","protected":false},"author":54,"featured_media":3575,"parent":3664,"menu_order":0,"comment_status":"closed","ping_status":"closed","template":"","meta":{"_acf_changed":false,"_metasync_otto_title":"","_metasync_otto_description":"","_metasync_otto_keywords":"","_metasync_otto_og_title":"","_metasync_otto_og_description":"","_metasync_otto_twitter_title":"","_metasync_otto_twitter_description":"","rank_math_title":"Tratamientos quiropr\u00e1cticos para lesiones en el cuello | Dalton GA","rank_math_description":"Alivie las lesiones cervicales con atenci\u00f3n quiropr\u00e1ctica especializada. Trate las lesiones, recupere la movilidad y mejore el bienestar con planes de tratamiento personalizados. ","_yoast_wpseo_title":"","_yoast_wpseo_metadesc":"","_aioseo_title":"","_aioseo_description":"","_metasync_seo_title":"","_metasync_seo_desc":"","_metasync_breadcrumb_title":"","_metasync_primary_category":0,"_metasync_primary_product_cat":0,"_metasync_otto_disabled":"","_metasync_hreflang":"","_metasync_plugin_sync_ts":"","_metasync_robots_advanced":"","footnotes":""},"class_list":["post-3733","page","type-page","status-publish","has-post-thumbnail","hentry"],"acf":[],"_links":{"self":[{"href":"https:\/\/inspinechiro.com\/es\/wp-json\/wp\/v2\/pages\/3733","targetHints":{"allow":["GET"]}}],"collection":[{"href":"https:\/\/inspinechiro.com\/es\/wp-json\/wp\/v2\/pages"}],"about":[{"href":"https:\/\/inspinechiro.com\/es\/wp-json\/wp\/v2\/types\/page"}],"author":[{"embeddable":true,"href":"https:\/\/inspinechiro.com\/es\/wp-json\/wp\/v2\/users\/54"}],"replies":[{"embeddable":true,"href":"https:\/\/inspinechiro.com\/es\/wp-json\/wp\/v2\/comments?post=3733"}],"version-history":[{"count":2,"href":"https:\/\/inspinechiro.com\/es\/wp-json\/wp\/v2\/pages\/3733\/revisions"}],"predecessor-version":[{"id":3735,"href":"https:\/\/inspinechiro.com\/es\/wp-json\/wp\/v2\/pages\/3733\/revisions\/3735"}],"up":[{"embeddable":true,"href":"https:\/\/inspinechiro.com\/es\/wp-json\/wp\/v2\/pages\/3664"}],"wp:featuredmedia":[{"embeddable":true,"href":"https:\/\/inspinechiro.com\/es\/wp-json\/wp\/v2\/media\/3575"}],"wp:attachment":[{"href":"https:\/\/inspinechiro.com\/es\/wp-json\/wp\/v2\/media?parent=3733"}],"curies":[{"name":"wp","href":"https:\/\/api.w.org\/{rel}","templated":true}]}}