{"id":3759,"date":"2024-12-10T10:18:40","date_gmt":"2024-12-10T15:18:40","guid":{"rendered":"https:\/\/inspinechiro.com\/rocky-face\/quiropractico-rocky-face\/"},"modified":"2024-12-23T10:39:16","modified_gmt":"2024-12-23T15:39:16","slug":"quiropractico-rocky-face","status":"publish","type":"page","link":"https:\/\/inspinechiro.com\/es\/rocky-face\/quiropractico-rocky-face\/","title":{"rendered":"Quiropr\u00e1ctico Rocky Face"},"content":{"rendered":"<h2>Descubra el cuidado quiropr\u00e1ctico experto y compasivo en Rocky Face, GA<\/h2>\n<p>\u00bfEst\u00e1 buscando un quiropr\u00e1ctico Rocky Face? En Inspine Quiropr\u00e1ctica y Bienestar, ofrecemos atenci\u00f3n quiropr\u00e1ctica de primera categor\u00eda adaptada a la comunidad de Rocky Face. Nuestro equipo de quiropr\u00e1cticos con experiencia se dedica a ayudar a lograr una salud \u00f3ptima y el bienestar a trav\u00e9s de una variedad de tratamientos no invasivos. Si usted est\u00e1 tratando con dolor cr\u00f3nico, recuper\u00e1ndose de una lesi\u00f3n, o simplemente buscando mejorar su bienestar general, estamos aqu\u00ed para guiarle en cada paso del camino. Inspine Quiropr\u00e1ctica y Bienestar se compromete a ser su socio de confianza en la salud. Estamos convenientemente ubicados en Dalton, por lo que es f\u00e1cil para los residentes de Rocky Face para acceder a nuestros servicios. Perm\u00edtanos ayudarle a dar el primer paso hacia una vida m\u00e1s saludable y libre de dolor. Llegar a cabo hoy para programar su cita y descubrir la diferencia de atenci\u00f3n quiropr\u00e1ctica de expertos puede hacer.<\/p>\n<p><img fetchpriority=\"high\" decoding=\"async\" class=\"wp-image-2689 size-full\" src=\"https:\/\/inspinechiro.com\/wp-content\/uploads\/2024\/12\/chiropractic-care-in-rocky-face-georgia-.webp\" alt=\"A chiropractor on site in Rocky Face, GA offers an adjustment to a man with neck pain. You don't need a referral from a doctor or insurance to visit a chiropractor, making it a popular choice for pain management.\" width=\"500\" height=\"333\" srcset=\"https:\/\/inspinechiro.com\/wp-content\/uploads\/2024\/12\/chiropractic-care-in-rocky-face-georgia-.webp 500w, https:\/\/inspinechiro.com\/wp-content\/uploads\/2024\/12\/chiropractic-care-in-rocky-face-georgia--300x200.webp 300w\" sizes=\"(max-width: 500px) 100vw, 500px\" \/><\/p>\n<h2>Bienvenido a Inspine Quiropr\u00e1ctico y Bienestar<\/h2>\n<p>Nuestro equipo de quiropr\u00e1cticos experimentados utiliza la \u00faltima tecnolog\u00eda y t\u00e9cnicas para ofrecer servicios quiropr\u00e1cticos de primera categor\u00eda en nuestra oficina limpia y acogedora. Desde el alivio del dolor a la recuperaci\u00f3n de lesiones, nos centramos en los enfoques que promuevan su salud y bienestar. Si usted est\u00e1 tratando con dolor cr\u00f3nico, la recuperaci\u00f3n de una lesi\u00f3n, o la b\u00fasqueda de mejorar su postura, estamos aqu\u00ed para ayudar. Nuestro compromiso con su salud significa que nos tomamos el tiempo para escuchar y desarrollar un r\u00e9gimen de tratamiento a medida que se alinea con sus objetivos.<\/p>\n<h2>Descubra los beneficios de un quiropr\u00e1ctico de Rocky Face para su bienestar<\/h2>\n<h3>Servicios Quiropr\u00e1cticos Biling\u00fces<\/h3>\n<p>Estamos orgullosos de nuestra capacidad para dar cabida a una base diversa de pacientes. Nuestro personal biling\u00fce ofrece atenci\u00f3n quiropr\u00e1ctica de expertos en Ingl\u00e9s y Espa\u00f1ol. Esta accesibilidad asegura que todos se sientan c\u00f3modos y comprendidos durante sus visitas.<\/p>\n<h3>Herramientas de diagn\u00f3stico avanzado<\/h3>\n<p>Utilizamos herramientas de diagn\u00f3stico de vanguardia, incluyendo rayos X digitales, para evaluar su condici\u00f3n con precisi\u00f3n. Esta tecnolog\u00eda nos permite crear planes de tratamiento personalizados adaptados a sus necesidades espec\u00edficas. Mediante la comprensi\u00f3n de su situaci\u00f3n \u00fanica, podemos ofrecer la atenci\u00f3n m\u00e1s eficaz posible. \u00a1Nuestro objetivo es s\u00f3lo su salud! Todo lo dem\u00e1s es secundario cuando se trata de la atenci\u00f3n quiropr\u00e1ctica.<\/p>\n<h3>Enfoque hol\u00edstico de la atenci\u00f3n quiropr\u00e1ctica<\/h3>\n<p>Nuestra filosof\u00eda va m\u00e1s all\u00e1 del alivio del dolor. Nos centramos en un enfoque hol\u00edstico que abarca la reducci\u00f3n del estr\u00e9s y el bienestar general. Al abordar las causas fundamentales del malestar, nuestro objetivo es mejorar no s\u00f3lo su salud f\u00edsica, sino tambi\u00e9n su bienestar emocional. Esto nos diferencia de los m\u00e9todos tradicionales como la cirug\u00eda invasiva y la medicina para el dolor, que normalmente s\u00f3lo son apropiados para emergencias m\u00e9dicas extremas, no para el dolor cr\u00f3nico en general.<\/p>\n<h3>Opciones de financiaci\u00f3n flexibles<\/h3>\n<p>Entendiendo que los costes sanitarios pueden ser una preocupaci\u00f3n, ofrecemos opciones de financiaci\u00f3n flexibles. Nuestros planes de pago est\u00e1n dise\u00f1ados para hacer la atenci\u00f3n quiropr\u00e1ctica de alta calidad accesible a todos. Usted puede centrarse en su recuperaci\u00f3n sin el estr\u00e9s a\u00f1adido de la carga financiera.<\/p>\n<p><img decoding=\"async\" class=\"alignnone wp-image-2691 size-full\" src=\"https:\/\/inspinechiro.com\/wp-content\/uploads\/2024\/12\/wheelchair-accessible-chiropractic-clinic-rocky-face.webp\" alt=\"A doctor indicates a vertebrae on a model of a spine, showing how a chiropractor could help with back pain.\" width=\"500\" height=\"259\" srcset=\"https:\/\/inspinechiro.com\/wp-content\/uploads\/2024\/12\/wheelchair-accessible-chiropractic-clinic-rocky-face.webp 500w, https:\/\/inspinechiro.com\/wp-content\/uploads\/2024\/12\/wheelchair-accessible-chiropractic-clinic-rocky-face-300x155.webp 300w\" sizes=\"(max-width: 500px) 100vw, 500px\" \/><\/p>\n<h2>\u00bfPor qu\u00e9 elegir Inspine Quiropr\u00e1ctica y Bienestar?<\/h2>\n<h3>Nombre de confianza en Dalton, Georgia<\/h3>\n<p>Inspine Quiropr\u00e1ctica y Bienestar se destaca como una opci\u00f3n confiable para la atenci\u00f3n quiropr\u00e1ctica en el \u00e1rea de Rocky Face. Nuestra cl\u00ednica ha aparecido en m\u00e1s de 400 plataformas de noticias, mostrando nuestro compromiso con la atenci\u00f3n al paciente excepcional. Este reconocimiento pone de relieve nuestra dedicaci\u00f3n a ayudar a las personas a alcanzar sus objetivos de salud.<\/p>\n<h3>Experimentado y dedicado equipo de quiropr\u00e1cticos<\/h3>\n<p>Nuestro equipo est\u00e1 formado por quiropr\u00e1cticos especializados en terapias no invasivas. Cada profesional aporta una riqueza de experiencia y conocimientos a la mesa, asegurando que todos reciban la mejor atenci\u00f3n posible. Nos centramos en planes de tratamiento personalizados que atienden a las necesidades individuales, con el objetivo de promover la recuperaci\u00f3n y mejorar el bienestar general.<\/p>\n<h2>Nuestros Servicios Quiropr\u00e1cticos Especializados<\/h2>\n<p>Estamos orgullosos de ofrecer una amplia gama de servicios quiropr\u00e1cticos especializados para atender a sus necesidades individuales. Nuestros quiropr\u00e1cticos se dedican a ofrecer atenci\u00f3n quiropr\u00e1ctica que se centra en el alivio del dolor, recuperaci\u00f3n de lesiones, y la salud hol\u00edstica. Echa un vistazo a los servicios que ofrecemos:<\/p>\n<h3>Alivio y Manejo del Dolor<\/h3>\n<p>Entendemos c\u00f3mo el dolor puede interrumpir su capacidad para disfrutar de la vida cotidiana. Nuestros tratamientos est\u00e1n dise\u00f1ados para hacer frente a una variedad de condiciones, incluyendo:<\/p>\n<h3>Dolores de cabeza, dolor de cuello y dolor de espalda<\/h3>\n<p>Desde dolores de cabeza cr\u00f3nicos y molestias recurrentes en el cuello hasta problemas lumbares, nuestra atenci\u00f3n quiropr\u00e1ctica se centra en proporcionar un alivio eficaz. Trabajamos para identificar la causa ra\u00edz de sus s\u00edntomas y aplicar tratamientos destinados a reducir las molestias y fomentar el proceso de curaci\u00f3n natural del cuerpo.<\/p>\n<h3>Ci\u00e1tica y dolor en las articulaciones<\/h3>\n<p>Vivir con ci\u00e1tica o dolor en las articulaciones puede ser incre\u00edblemente dif\u00edcil. Nuestros planes de cuidados individualizados est\u00e1n dise\u00f1ados para aliviar la presi\u00f3n del sistema nervioso y restaurar la movilidad. A trav\u00e9s de ajustes suaves y m\u00e9todos terap\u00e9uticos, nuestro objetivo es mejorar su bienestar y ayudarle a volver a su rutina normal.<\/p>\n<p><img decoding=\"async\" class=\"alignnone wp-image-2693 size-full\" src=\"https:\/\/inspinechiro.com\/wp-content\/uploads\/2024\/12\/patient-friendly-rocky-face-chiropractor-office.webp\" alt=\"A chiropractor helps a woman by adjusting her back in Dalton, GA. She didn't need a referral from a doctor or insurance to seek chiropractor assistance.\" width=\"500\" height=\"333\" srcset=\"https:\/\/inspinechiro.com\/wp-content\/uploads\/2024\/12\/patient-friendly-rocky-face-chiropractor-office.webp 500w, https:\/\/inspinechiro.com\/wp-content\/uploads\/2024\/12\/patient-friendly-rocky-face-chiropractor-office-300x200.webp 300w\" sizes=\"(max-width: 500px) 100vw, 500px\" \/><\/p>\n<h3>Recuperaci\u00f3n y rehabilitaci\u00f3n de lesiones<\/h3>\n<p>Las lesiones a menudo se producen sin previo aviso, por lo que la recuperaci\u00f3n es una parte esencial para recuperar la salud. Nos especializamos en cuidados adaptados a:<\/p>\n<h3>Recuperaci\u00f3n de lesiones por accidente de autom\u00f3vil y en el lugar de trabajo<\/h3>\n<p>Tanto si ha sufrido una lesi\u00f3n por un accidente de coche como en el trabajo, nuestros programas de rehabilitaci\u00f3n personalizados est\u00e1n aqu\u00ed para ayudarle. Nuestro equipo es experto en la gesti\u00f3n de las complejidades de la recuperaci\u00f3n de lesiones y se compromete a guiarle a trav\u00e9s de cada paso del proceso de curaci\u00f3n.<\/p>\n<h3>Atenci\u00f3n de lesiones deportivas<\/h3>\n<p>Los atletas se enfrentan a exigencias f\u00edsicas \u00fanicas, y nuestros tratamientos est\u00e1n dise\u00f1ados para apoyar sus necesidades espec\u00edficas. Proporcionamos cuidados que promueven una r\u00e1pida recuperaci\u00f3n, abordan la ra\u00edz de la lesi\u00f3n y garantizan un retorno seguro a la actividad deportiva.<\/p>\n<h3>Embarazo y salud postural<\/h3>\n<p>Mantener una buena salud durante el embarazo y abordar los problemas posturales son aspectos clave del bienestar general. Ofrecemos atenci\u00f3n especializada en estas \u00e1reas:<\/p>\n<h3>Apoyo Quiropr\u00e1ctico para el Embarazo<\/h3>\n<p>El embarazo a menudo trae desaf\u00edos f\u00edsicos, y nuestros ajustes quiropr\u00e1cticos suaves pueden ayudar a aliviar el malestar y promover la alineaci\u00f3n p\u00e9lvica para un embarazo m\u00e1s saludable. Utilizamos t\u00e9cnicas no invasivas para tratar los dolores comunes relacionados con el embarazo y mejorar la comodidad general de las futuras madres. Estas t\u00e9cnicas son seguras y suaves tanto para la madre como para el beb\u00e9.<\/p>\n<h3>Correcci\u00f3n postural para mejorar la movilidad<\/h3>\n<p>Una buena postura es fundamental para la salud general. Una mala alineaci\u00f3n puede provocar problemas de columna y espalda a largo plazo. Nuestros servicios de correcci\u00f3n postural se centran en corregir los desequilibrios musculares y mejorar la movilidad, ayud\u00e1ndole a moverse con m\u00e1s libertad y evitar futuras complicaciones. Esto es importante para las mujeres embarazadas y puede ayudar a que el embarazo sea menos estresante.<\/p>\n<h3>Enfoque centrado en el cliente<\/h3>\n<p>En Inspine, usted est\u00e1 siempre en el centro de nuestro enfoque. Entendemos que cada individuo tiene retos \u00fanicos, en particular los que se ocupan de dolor cr\u00f3nico. Si usted est\u00e1 sufriendo de ci\u00e1tica, problemas en las articulaciones, o la recuperaci\u00f3n de una lesi\u00f3n personal, nuestro equipo est\u00e1 aqu\u00ed para proporcionar el apoyo que necesita.<\/p>\n<h2>Convenientemente situado en Dalton, GA<\/h2>\n<p>Inspine Quiropr\u00e1ctica y Bienestar est\u00e1 situado en 1237 N Glenwood Ave, Dalton, GA, a poca distancia de Rocky Face. Nuestra ubicaci\u00f3n es estrat\u00e9gicamente elegido para ofrecer un f\u00e1cil acceso para los pacientes en las comunidades circundantes. Si usted viene desde el coraz\u00f3n de Rocky Face o \u00e1reas cercanas, nuestra oficina est\u00e1 dise\u00f1ada para ser acogedor y complaciente.<\/p>\n<p><img loading=\"lazy\" decoding=\"async\" class=\"alignnone wp-image-2692 size-full\" src=\"https:\/\/inspinechiro.com\/wp-content\/uploads\/2024\/12\/Inspine-Chiropractic-4.webp\" alt=\"Inspine's office in Dalton, GA, where our dedicated chiropractors stand ready to help you with your pain. We offer wheelchair-accessible amenities for visitors.\" width=\"500\" height=\"375\" srcset=\"https:\/\/inspinechiro.com\/wp-content\/uploads\/2024\/12\/Inspine-Chiropractic-4.webp 500w, https:\/\/inspinechiro.com\/wp-content\/uploads\/2024\/12\/Inspine-Chiropractic-4-300x225.webp 300w\" sizes=\"(max-width: 500px) 100vw, 500px\" \/><\/p>\n<h3>Servicios accesibles en silla de ruedas<\/h3>\n<p>Entendemos que la comodidad es importante. Por eso nuestras instalaciones est\u00e1n adaptadas para sillas de ruedas, lo que garantiza que todo el mundo pueda recibir la atenci\u00f3n que necesita. Nuestra cl\u00ednica est\u00e1 equipada para atender distintas necesidades, lo que la convierte en un entorno c\u00f3modo para todos.<\/p>\n<h3>P\u00f3ngase en contacto con nosotros<\/h3>\n<p>Su camino hacia una mejor salud integral puede empezar antes de lo que piensa. Estamos encantados de ayudarle con su dolor y darle una base para una mejor salud de la columna vertebral. No dude en ponerse en contacto con nosotros hoy mismo. Ll\u00e1menos al <a href=\"\/contact\" class=\"call-now-link\">Call Now<\/a>, o rellene un formulario en l\u00ednea antes de su cita. \u00a1No podemos esperar para conocerte y ayudarte con tus necesidades \u00fanicas!<\/p>\n","protected":false},"excerpt":{"rendered":"<p>Descubra el cuidado quiropr\u00e1ctico experto y compasivo en Rocky Face, GA \u00bfEst\u00e1 buscando un quiropr\u00e1ctico Rocky Face? En Inspine Quiropr\u00e1ctica y Bienestar, ofrecemos atenci\u00f3n quiropr\u00e1ctica de primera categor\u00eda adaptada a la comunidad de Rocky Face. Nuestro equipo de quiropr\u00e1cticos con experiencia se dedica a ayudar a lograr una salud \u00f3ptima y el bienestar a trav\u00e9s [&hellip;]<\/p>\n","protected":false},"author":54,"featured_media":3517,"parent":3745,"menu_order":0,"comment_status":"closed","ping_status":"closed","template":"","meta":{"_acf_changed":false,"_metasync_otto_title":"","_metasync_otto_description":"","_metasync_otto_keywords":"","_metasync_otto_og_title":"","_metasync_otto_og_description":"","_metasync_otto_twitter_title":"","_metasync_otto_twitter_description":"","rank_math_title":"Rocky Face Quiropr\u00e1ctico | Recuperaci\u00f3n, Alivio del Dolor, & Bienestar","rank_math_description":"Encuentre atenci\u00f3n especializada con un quiropr\u00e1ctico de Rocky Face. Alivie el dolor, mejore la movilidad y recup\u00e9rese de lesiones con tratamientos quiropr\u00e1cticos personalizados. ","_yoast_wpseo_title":"","_yoast_wpseo_metadesc":"","_aioseo_title":"","_aioseo_description":"","_metasync_seo_title":"","_metasync_seo_desc":"","_metasync_breadcrumb_title":"","_metasync_primary_category":0,"_metasync_primary_product_cat":0,"_metasync_otto_disabled":"","_metasync_hreflang":"","_metasync_plugin_sync_ts":"","_metasync_robots_advanced":"","footnotes":""},"class_list":["post-3759","page","type-page","status-publish","has-post-thumbnail","hentry"],"acf":[],"_links":{"self":[{"href":"https:\/\/inspinechiro.com\/es\/wp-json\/wp\/v2\/pages\/3759","targetHints":{"allow":["GET"]}}],"collection":[{"href":"https:\/\/inspinechiro.com\/es\/wp-json\/wp\/v2\/pages"}],"about":[{"href":"https:\/\/inspinechiro.com\/es\/wp-json\/wp\/v2\/types\/page"}],"author":[{"embeddable":true,"href":"https:\/\/inspinechiro.com\/es\/wp-json\/wp\/v2\/users\/54"}],"replies":[{"embeddable":true,"href":"https:\/\/inspinechiro.com\/es\/wp-json\/wp\/v2\/comments?post=3759"}],"version-history":[{"count":2,"href":"https:\/\/inspinechiro.com\/es\/wp-json\/wp\/v2\/pages\/3759\/revisions"}],"predecessor-version":[{"id":3761,"href":"https:\/\/inspinechiro.com\/es\/wp-json\/wp\/v2\/pages\/3759\/revisions\/3761"}],"up":[{"embeddable":true,"href":"https:\/\/inspinechiro.com\/es\/wp-json\/wp\/v2\/pages\/3745"}],"wp:featuredmedia":[{"embeddable":true,"href":"https:\/\/inspinechiro.com\/es\/wp-json\/wp\/v2\/media\/3517"}],"wp:attachment":[{"href":"https:\/\/inspinechiro.com\/es\/wp-json\/wp\/v2\/media?parent=3759"}],"curies":[{"name":"wp","href":"https:\/\/api.w.org\/{rel}","templated":true}]}}